{"id":9995,"date":"2024-11-04T13:25:51","date_gmt":"2024-11-04T12:25:51","guid":{"rendered":"https:\/\/otazu.com\/?post_type=product&#038;p=9995"},"modified":"2024-12-17T10:37:34","modified_gmt":"2024-12-17T09:37:34","slug":"as-5-de-asier-mendizabal","status":"publish","type":"product","link":"https:\/\/otazu.com\/fr\/produitvins\/as-5-de-asier-mendizabal\/","title":{"rendered":"AS #5 de Asier Mendizabal"},"content":{"rendered":"<p>AO 4 a \u00e9t\u00e9 con\u00e7u par le laur\u00e9at du premier prix biennal d&rsquo;art monumental de la Fondation Otazu, le Chilien <strong>Alfredo Jaar<\/strong> (Santiago du Chili, 1956). Son \u0153uvre prim\u00e9e, <em>The colour of our lives (<\/em> 2015), se compose de quatre cubes d&rsquo;eau, de verre, de son et de lumi\u00e8re surpris par magie dans un dialogue entre un pigeonnier du XIVe si\u00e8cle et une \u00e9glise romane du XIIe si\u00e8cle. Pour cette \u00e9tiquette, l&rsquo;artiste a cr\u00e9\u00e9 une image minimaliste mais profonde : une goutte de vin qui semble momentan\u00e9ment suspendue dans l&rsquo;air, comme un soleil irradiant la lumi\u00e8re. Cette goutte de lumi\u00e8re symbolise ici le climat, la temp\u00e9rature, le mouvement, le temps et l&rsquo;air, autant de facteurs essentiels qui d\u00e9terminent la qualit\u00e9 du vin. Cette goutte de lumi\u00e8re est un microcosme du monde.<\/p>\n","protected":false},"excerpt":{"rendered":"<p>AS 5 a \u00e9t\u00e9 con\u00e7u par le laur\u00e9at du IIe prix biennal d&rsquo;art monumental de la Fondation Otazu, Asier Mendizabal.<\/p>\n","protected":false},"featured_media":10460,"template":"","meta":{"_acf_changed":false},"product_brand":[],"product_cat":[113],"product_tag":[],"class_list":{"0":"post-9995","1":"product","2":"type-product","3":"status-publish","4":"has-post-thumbnail","6":"product_cat-vins","7":"member-discount","8":"discount-restricted","10":"first","11":"instock","12":"taxable","13":"shipping-taxable","14":"purchasable","15":"product-type-simple"},"acf":[],"yoast_head":"<!-- This site is optimized with the Yoast SEO plugin v27.3 - https:\/\/yoast.com\/product\/yoast-seo-wordpress\/ -->\n<title>AS #5 de Asier Mendizabal | D.O.P. Pago de Otazu<\/title>\n<meta name=\"robots\" content=\"index, follow, max-snippet:-1, max-image-preview:large, max-video-preview:-1\" \/>\n<link rel=\"canonical\" href=\"https:\/\/otazu.com\/fr\/produitvins\/as-5-de-asier-mendizabal\/\" \/>\n<meta property=\"og:locale\" content=\"fr_FR\" \/>\n<meta property=\"og:type\" content=\"article\" \/>\n<meta property=\"og:title\" content=\"AS #5 de Asier Mendizabal | D.O.P. Pago de Otazu\" \/>\n<meta property=\"og:description\" content=\"AS 5 a \u00e9t\u00e9 con\u00e7u par le laur\u00e9at du IIe prix biennal d&#039;art monumental de la Fondation Otazu, Asier Mendizabal.\" \/>\n<meta property=\"og:url\" content=\"https:\/\/otazu.com\/fr\/produitvins\/as-5-de-asier-mendizabal\/\" \/>\n<meta property=\"og:site_name\" content=\"Otazu\" \/>\n<meta property=\"article:modified_time\" content=\"2024-12-17T09:37:34+00:00\" \/>\n<meta property=\"og:image\" content=\"https:\/\/otazu.com\/wp-content\/uploads\/2024\/11\/as5.png\" \/>\n\t<meta property=\"og:image:width\" content=\"680\" \/>\n\t<meta property=\"og:image:height\" content=\"1000\" \/>\n\t<meta property=\"og:image:type\" content=\"image\/png\" \/>\n<meta name=\"twitter:card\" content=\"summary_large_image\" \/>\n<meta name=\"twitter:label1\" content=\"Dur\u00e9e de lecture estim\u00e9e\" \/>\n\t<meta name=\"twitter:data1\" content=\"1 minute\" \/>\n<script type=\"application\/ld+json\" class=\"yoast-schema-graph\">{\"@context\":\"https:\\\/\\\/schema.org\",\"@graph\":[{\"@type\":\"WebPage\",\"@id\":\"https:\\\/\\\/otazu.com\\\/fr\\\/produitvins\\\/as-5-de-asier-mendizabal\\\/\",\"url\":\"https:\\\/\\\/otazu.com\\\/fr\\\/produitvins\\\/as-5-de-asier-mendizabal\\\/\",\"name\":\"AS #5 de Asier Mendizabal | D.O.P. Pago de Otazu\",\"isPartOf\":{\"@id\":\"https:\\\/\\\/otazu.com\\\/fr\\\/#website\"},\"primaryImageOfPage\":{\"@id\":\"https:\\\/\\\/otazu.com\\\/fr\\\/produitvins\\\/as-5-de-asier-mendizabal\\\/#primaryimage\"},\"image\":{\"@id\":\"https:\\\/\\\/otazu.com\\\/fr\\\/produitvins\\\/as-5-de-asier-mendizabal\\\/#primaryimage\"},\"thumbnailUrl\":\"https:\\\/\\\/otazu.com\\\/wp-content\\\/uploads\\\/2024\\\/11\\\/as5.png\",\"datePublished\":\"2024-11-04T12:25:51+00:00\",\"dateModified\":\"2024-12-17T09:37:34+00:00\",\"breadcrumb\":{\"@id\":\"https:\\\/\\\/otazu.com\\\/fr\\\/produitvins\\\/as-5-de-asier-mendizabal\\\/#breadcrumb\"},\"inLanguage\":\"fr-FR\",\"potentialAction\":[{\"@type\":\"ReadAction\",\"target\":[\"https:\\\/\\\/otazu.com\\\/fr\\\/produitvins\\\/as-5-de-asier-mendizabal\\\/\"]}]},{\"@type\":\"ImageObject\",\"inLanguage\":\"fr-FR\",\"@id\":\"https:\\\/\\\/otazu.com\\\/fr\\\/produitvins\\\/as-5-de-asier-mendizabal\\\/#primaryimage\",\"url\":\"https:\\\/\\\/otazu.com\\\/wp-content\\\/uploads\\\/2024\\\/11\\\/as5.png\",\"contentUrl\":\"https:\\\/\\\/otazu.com\\\/wp-content\\\/uploads\\\/2024\\\/11\\\/as5.png\",\"width\":680,\"height\":1000},{\"@type\":\"BreadcrumbList\",\"@id\":\"https:\\\/\\\/otazu.com\\\/fr\\\/produitvins\\\/as-5-de-asier-mendizabal\\\/#breadcrumb\",\"itemListElement\":[{\"@type\":\"ListItem\",\"position\":1,\"name\":\"Inicio\",\"item\":\"https:\\\/\\\/otazu.com\\\/fr\\\/\"},{\"@type\":\"ListItem\",\"position\":2,\"name\":\"Vins\",\"item\":\"https:\\\/\\\/otazu.com\\\/fr\\\/vins\\\/\"},{\"@type\":\"ListItem\",\"position\":3,\"name\":\"Vins\",\"item\":\"https:\\\/\\\/otazu.com\\\/fr\\\/categoria-producto\\\/vins\\\/\"},{\"@type\":\"ListItem\",\"position\":4,\"name\":\"AS #5 de Asier Mendizabal\"}]},{\"@type\":\"WebSite\",\"@id\":\"https:\\\/\\\/otazu.com\\\/fr\\\/#website\",\"url\":\"https:\\\/\\\/otazu.com\\\/fr\\\/\",\"name\":\"Bodega Otazu\",\"description\":\"Bodega Otazu\",\"publisher\":{\"@id\":\"https:\\\/\\\/otazu.com\\\/fr\\\/#organization\"},\"potentialAction\":[{\"@type\":\"SearchAction\",\"target\":{\"@type\":\"EntryPoint\",\"urlTemplate\":\"https:\\\/\\\/otazu.com\\\/fr\\\/?s={search_term_string}\"},\"query-input\":{\"@type\":\"PropertyValueSpecification\",\"valueRequired\":true,\"valueName\":\"search_term_string\"}}],\"inLanguage\":\"fr-FR\"},{\"@type\":\"Organization\",\"@id\":\"https:\\\/\\\/otazu.com\\\/fr\\\/#organization\",\"name\":\"Bodega Otazu\",\"url\":\"https:\\\/\\\/otazu.com\\\/fr\\\/\",\"logo\":{\"@type\":\"ImageObject\",\"inLanguage\":\"fr-FR\",\"@id\":\"https:\\\/\\\/otazu.com\\\/fr\\\/#\\\/schema\\\/logo\\\/image\\\/\",\"url\":\"https:\\\/\\\/otazu.com\\\/wp-content\\\/uploads\\\/2024\\\/01\\\/Logo.png\",\"contentUrl\":\"https:\\\/\\\/otazu.com\\\/wp-content\\\/uploads\\\/2024\\\/01\\\/Logo.png\",\"width\":1774,\"height\":364,\"caption\":\"Bodega Otazu\"},\"image\":{\"@id\":\"https:\\\/\\\/otazu.com\\\/fr\\\/#\\\/schema\\\/logo\\\/image\\\/\"}}]}<\/script>\n<!-- \/ Yoast SEO plugin. -->","yoast_head_json":{"title":"AS #5 de Asier Mendizabal | D.O.P. Pago de Otazu","robots":{"index":"index","follow":"follow","max-snippet":"max-snippet:-1","max-image-preview":"max-image-preview:large","max-video-preview":"max-video-preview:-1"},"canonical":"https:\/\/otazu.com\/fr\/produitvins\/as-5-de-asier-mendizabal\/","og_locale":"fr_FR","og_type":"article","og_title":"AS #5 de Asier Mendizabal | D.O.P. Pago de Otazu","og_description":"AS 5 a \u00e9t\u00e9 con\u00e7u par le laur\u00e9at du IIe prix biennal d'art monumental de la Fondation Otazu, Asier Mendizabal.","og_url":"https:\/\/otazu.com\/fr\/produitvins\/as-5-de-asier-mendizabal\/","og_site_name":"Otazu","article_modified_time":"2024-12-17T09:37:34+00:00","og_image":[{"width":680,"height":1000,"url":"https:\/\/otazu.com\/wp-content\/uploads\/2024\/11\/as5.png","type":"image\/png"}],"twitter_card":"summary_large_image","twitter_misc":{"Dur\u00e9e de lecture estim\u00e9e":"1 minute"},"schema":{"@context":"https:\/\/schema.org","@graph":[{"@type":"WebPage","@id":"https:\/\/otazu.com\/fr\/produitvins\/as-5-de-asier-mendizabal\/","url":"https:\/\/otazu.com\/fr\/produitvins\/as-5-de-asier-mendizabal\/","name":"AS #5 de Asier Mendizabal | D.O.P. Pago de Otazu","isPartOf":{"@id":"https:\/\/otazu.com\/fr\/#website"},"primaryImageOfPage":{"@id":"https:\/\/otazu.com\/fr\/produitvins\/as-5-de-asier-mendizabal\/#primaryimage"},"image":{"@id":"https:\/\/otazu.com\/fr\/produitvins\/as-5-de-asier-mendizabal\/#primaryimage"},"thumbnailUrl":"https:\/\/otazu.com\/wp-content\/uploads\/2024\/11\/as5.png","datePublished":"2024-11-04T12:25:51+00:00","dateModified":"2024-12-17T09:37:34+00:00","breadcrumb":{"@id":"https:\/\/otazu.com\/fr\/produitvins\/as-5-de-asier-mendizabal\/#breadcrumb"},"inLanguage":"fr-FR","potentialAction":[{"@type":"ReadAction","target":["https:\/\/otazu.com\/fr\/produitvins\/as-5-de-asier-mendizabal\/"]}]},{"@type":"ImageObject","inLanguage":"fr-FR","@id":"https:\/\/otazu.com\/fr\/produitvins\/as-5-de-asier-mendizabal\/#primaryimage","url":"https:\/\/otazu.com\/wp-content\/uploads\/2024\/11\/as5.png","contentUrl":"https:\/\/otazu.com\/wp-content\/uploads\/2024\/11\/as5.png","width":680,"height":1000},{"@type":"BreadcrumbList","@id":"https:\/\/otazu.com\/fr\/produitvins\/as-5-de-asier-mendizabal\/#breadcrumb","itemListElement":[{"@type":"ListItem","position":1,"name":"Inicio","item":"https:\/\/otazu.com\/fr\/"},{"@type":"ListItem","position":2,"name":"Vins","item":"https:\/\/otazu.com\/fr\/vins\/"},{"@type":"ListItem","position":3,"name":"Vins","item":"https:\/\/otazu.com\/fr\/categoria-producto\/vins\/"},{"@type":"ListItem","position":4,"name":"AS #5 de Asier Mendizabal"}]},{"@type":"WebSite","@id":"https:\/\/otazu.com\/fr\/#website","url":"https:\/\/otazu.com\/fr\/","name":"Bodega Otazu","description":"Bodega Otazu","publisher":{"@id":"https:\/\/otazu.com\/fr\/#organization"},"potentialAction":[{"@type":"SearchAction","target":{"@type":"EntryPoint","urlTemplate":"https:\/\/otazu.com\/fr\/?s={search_term_string}"},"query-input":{"@type":"PropertyValueSpecification","valueRequired":true,"valueName":"search_term_string"}}],"inLanguage":"fr-FR"},{"@type":"Organization","@id":"https:\/\/otazu.com\/fr\/#organization","name":"Bodega Otazu","url":"https:\/\/otazu.com\/fr\/","logo":{"@type":"ImageObject","inLanguage":"fr-FR","@id":"https:\/\/otazu.com\/fr\/#\/schema\/logo\/image\/","url":"https:\/\/otazu.com\/wp-content\/uploads\/2024\/01\/Logo.png","contentUrl":"https:\/\/otazu.com\/wp-content\/uploads\/2024\/01\/Logo.png","width":1774,"height":364,"caption":"Bodega Otazu"},"image":{"@id":"https:\/\/otazu.com\/fr\/#\/schema\/logo\/image\/"}}]}},"_links":{"self":[{"href":"https:\/\/otazu.com\/fr\/wp-json\/wp\/v2\/product\/9995","targetHints":{"allow":["GET"]}}],"collection":[{"href":"https:\/\/otazu.com\/fr\/wp-json\/wp\/v2\/product"}],"about":[{"href":"https:\/\/otazu.com\/fr\/wp-json\/wp\/v2\/types\/product"}],"version-history":[{"count":4,"href":"https:\/\/otazu.com\/fr\/wp-json\/wp\/v2\/product\/9995\/revisions"}],"predecessor-version":[{"id":10195,"href":"https:\/\/otazu.com\/fr\/wp-json\/wp\/v2\/product\/9995\/revisions\/10195"}],"wp:featuredmedia":[{"embeddable":true,"href":"https:\/\/otazu.com\/fr\/wp-json\/wp\/v2\/media\/10460"}],"wp:attachment":[{"href":"https:\/\/otazu.com\/fr\/wp-json\/wp\/v2\/media?parent=9995"}],"wp:term":[{"taxonomy":"product_brand","embeddable":true,"href":"https:\/\/otazu.com\/fr\/wp-json\/wp\/v2\/product_brand?post=9995"},{"taxonomy":"product_cat","embeddable":true,"href":"https:\/\/otazu.com\/fr\/wp-json\/wp\/v2\/product_cat?post=9995"},{"taxonomy":"product_tag","embeddable":true,"href":"https:\/\/otazu.com\/fr\/wp-json\/wp\/v2\/product_tag?post=9995"}],"curies":[{"name":"wp","href":"https:\/\/api.w.org\/{rel}","templated":true}]}}