{"id":8600,"date":"2024-02-01T10:25:58","date_gmt":"2024-02-01T10:25:58","guid":{"rendered":"https:\/\/otazu.com\/?post_type=product&#038;p=8600"},"modified":"2026-02-25T12:21:57","modified_gmt":"2026-02-25T11:21:57","slug":"ozu-by-otazu-chardonnay","status":"publish","type":"product","link":"https:\/\/otazu.com\/fr\/produitvins\/ozu-by-otazu-chardonnay\/","title":{"rendered":"Ozu by Otazu Chardonnay 2025"},"content":{"rendered":"<p>Ozu by Otazu Chardonnay (D.O. Navarra) est un vin blanc 100% Chardonnay. L&rsquo;\u00e9laboration de ce vin a commenc\u00e9 par une r\u00e9colte s\u00e9lectionn\u00e9e dans les vignobles de chardonnay de la propri\u00e9t\u00e9 en septembre. Des raisins blancs de grande qualit\u00e9 ont \u00e9t\u00e9 obtenus \u00e0 partir de ce raisin pour \u00e9laborer ce vin avec l&rsquo;appellation d&rsquo;origine Navarra.<\/p>\n","protected":false},"excerpt":{"rendered":"<p>Ozu by Otazu Chardonnay est un vin blanc 100% Chardonnay.<\/p>\n","protected":false},"featured_media":8602,"template":"","meta":{"_acf_changed":false},"product_brand":[],"product_cat":[113],"product_tag":[],"class_list":{"0":"post-8600","1":"product","2":"type-product","3":"status-publish","4":"has-post-thumbnail","6":"product_cat-vins","7":"member-discount","8":"discount-restricted","10":"first","11":"instock","12":"taxable","13":"shipping-taxable","14":"purchasable","15":"product-type-simple"},"acf":[],"yoast_head":"<!-- This site is optimized with the Yoast SEO plugin v27.3 - https:\/\/yoast.com\/product\/yoast-seo-wordpress\/ -->\n<title>Ozu by Otazu Chardonnay | Vin blanc D.O. Navarra<\/title>\n<meta name=\"description\" content=\"Ozu by Otazu Chardonnay (D.O. Navarra) est un vin blanc 100% Chardonnay. Il est conserv\u00e9 au contact de ses propres lies pendant trois mois.\" \/>\n<meta name=\"robots\" content=\"index, follow, max-snippet:-1, max-image-preview:large, max-video-preview:-1\" \/>\n<link rel=\"canonical\" href=\"https:\/\/otazu.com\/fr\/produitvins\/ozu-by-otazu-chardonnay\/\" \/>\n<meta property=\"og:locale\" content=\"fr_FR\" \/>\n<meta property=\"og:type\" content=\"article\" \/>\n<meta property=\"og:title\" content=\"Ozu by Otazu Chardonnay | Vin blanc D.O. Navarra\" \/>\n<meta property=\"og:description\" content=\"Ozu by Otazu Chardonnay (D.O. Navarra) est un vin blanc 100% Chardonnay. Il est conserv\u00e9 au contact de ses propres lies pendant trois mois.\" \/>\n<meta property=\"og:url\" content=\"https:\/\/otazu.com\/fr\/produitvins\/ozu-by-otazu-chardonnay\/\" \/>\n<meta property=\"og:site_name\" content=\"Otazu\" \/>\n<meta property=\"article:modified_time\" content=\"2026-02-25T11:21:57+00:00\" \/>\n<meta property=\"og:image\" content=\"https:\/\/otazu.com\/wp-content\/uploads\/2024\/02\/Ozu-by-Otazu-Chardonnay.png\" \/>\n\t<meta property=\"og:image:width\" content=\"680\" \/>\n\t<meta property=\"og:image:height\" content=\"1000\" \/>\n\t<meta property=\"og:image:type\" content=\"image\/png\" \/>\n<meta name=\"twitter:card\" content=\"summary_large_image\" \/>\n<meta name=\"twitter:label1\" content=\"Dur\u00e9e de lecture estim\u00e9e\" \/>\n\t<meta name=\"twitter:data1\" content=\"1 minute\" \/>\n<script type=\"application\/ld+json\" class=\"yoast-schema-graph\">{\"@context\":\"https:\\\/\\\/schema.org\",\"@graph\":[{\"@type\":\"WebPage\",\"@id\":\"https:\\\/\\\/otazu.com\\\/fr\\\/produitvins\\\/ozu-by-otazu-chardonnay\\\/\",\"url\":\"https:\\\/\\\/otazu.com\\\/fr\\\/produitvins\\\/ozu-by-otazu-chardonnay\\\/\",\"name\":\"Ozu by Otazu Chardonnay | Vin blanc D.O. Navarra\",\"isPartOf\":{\"@id\":\"https:\\\/\\\/otazu.com\\\/fr\\\/#website\"},\"primaryImageOfPage\":{\"@id\":\"https:\\\/\\\/otazu.com\\\/fr\\\/produitvins\\\/ozu-by-otazu-chardonnay\\\/#primaryimage\"},\"image\":{\"@id\":\"https:\\\/\\\/otazu.com\\\/fr\\\/produitvins\\\/ozu-by-otazu-chardonnay\\\/#primaryimage\"},\"thumbnailUrl\":\"https:\\\/\\\/otazu.com\\\/wp-content\\\/uploads\\\/2024\\\/02\\\/Ozu-by-Otazu-Chardonnay.png\",\"datePublished\":\"2024-02-01T10:25:58+00:00\",\"dateModified\":\"2026-02-25T11:21:57+00:00\",\"description\":\"Ozu by Otazu Chardonnay (D.O. Navarra) est un vin blanc 100% Chardonnay. Il est conserv\u00e9 au contact de ses propres lies pendant trois mois.\",\"breadcrumb\":{\"@id\":\"https:\\\/\\\/otazu.com\\\/fr\\\/produitvins\\\/ozu-by-otazu-chardonnay\\\/#breadcrumb\"},\"inLanguage\":\"fr-FR\",\"potentialAction\":[{\"@type\":\"ReadAction\",\"target\":[\"https:\\\/\\\/otazu.com\\\/fr\\\/produitvins\\\/ozu-by-otazu-chardonnay\\\/\"]}]},{\"@type\":\"ImageObject\",\"inLanguage\":\"fr-FR\",\"@id\":\"https:\\\/\\\/otazu.com\\\/fr\\\/produitvins\\\/ozu-by-otazu-chardonnay\\\/#primaryimage\",\"url\":\"https:\\\/\\\/otazu.com\\\/wp-content\\\/uploads\\\/2024\\\/02\\\/Ozu-by-Otazu-Chardonnay.png\",\"contentUrl\":\"https:\\\/\\\/otazu.com\\\/wp-content\\\/uploads\\\/2024\\\/02\\\/Ozu-by-Otazu-Chardonnay.png\",\"width\":680,\"height\":1000},{\"@type\":\"BreadcrumbList\",\"@id\":\"https:\\\/\\\/otazu.com\\\/fr\\\/produitvins\\\/ozu-by-otazu-chardonnay\\\/#breadcrumb\",\"itemListElement\":[{\"@type\":\"ListItem\",\"position\":1,\"name\":\"Inicio\",\"item\":\"https:\\\/\\\/otazu.com\\\/fr\\\/\"},{\"@type\":\"ListItem\",\"position\":2,\"name\":\"Vins\",\"item\":\"https:\\\/\\\/otazu.com\\\/fr\\\/vins\\\/\"},{\"@type\":\"ListItem\",\"position\":3,\"name\":\"Vins\",\"item\":\"https:\\\/\\\/otazu.com\\\/fr\\\/categoria-producto\\\/vins\\\/\"},{\"@type\":\"ListItem\",\"position\":4,\"name\":\"Ozu by Otazu Chardonnay 2025\"}]},{\"@type\":\"WebSite\",\"@id\":\"https:\\\/\\\/otazu.com\\\/fr\\\/#website\",\"url\":\"https:\\\/\\\/otazu.com\\\/fr\\\/\",\"name\":\"Bodega Otazu\",\"description\":\"Bodega Otazu\",\"publisher\":{\"@id\":\"https:\\\/\\\/otazu.com\\\/fr\\\/#organization\"},\"potentialAction\":[{\"@type\":\"SearchAction\",\"target\":{\"@type\":\"EntryPoint\",\"urlTemplate\":\"https:\\\/\\\/otazu.com\\\/fr\\\/?s={search_term_string}\"},\"query-input\":{\"@type\":\"PropertyValueSpecification\",\"valueRequired\":true,\"valueName\":\"search_term_string\"}}],\"inLanguage\":\"fr-FR\"},{\"@type\":\"Organization\",\"@id\":\"https:\\\/\\\/otazu.com\\\/fr\\\/#organization\",\"name\":\"Bodega Otazu\",\"url\":\"https:\\\/\\\/otazu.com\\\/fr\\\/\",\"logo\":{\"@type\":\"ImageObject\",\"inLanguage\":\"fr-FR\",\"@id\":\"https:\\\/\\\/otazu.com\\\/fr\\\/#\\\/schema\\\/logo\\\/image\\\/\",\"url\":\"https:\\\/\\\/otazu.com\\\/wp-content\\\/uploads\\\/2024\\\/01\\\/Logo.png\",\"contentUrl\":\"https:\\\/\\\/otazu.com\\\/wp-content\\\/uploads\\\/2024\\\/01\\\/Logo.png\",\"width\":1774,\"height\":364,\"caption\":\"Bodega Otazu\"},\"image\":{\"@id\":\"https:\\\/\\\/otazu.com\\\/fr\\\/#\\\/schema\\\/logo\\\/image\\\/\"}}]}<\/script>\n<!-- \/ Yoast SEO plugin. -->","yoast_head_json":{"title":"Ozu by Otazu Chardonnay | Vin blanc D.O. Navarra","description":"Ozu by Otazu Chardonnay (D.O. Navarra) est un vin blanc 100% Chardonnay. Il est conserv\u00e9 au contact de ses propres lies pendant trois mois.","robots":{"index":"index","follow":"follow","max-snippet":"max-snippet:-1","max-image-preview":"max-image-preview:large","max-video-preview":"max-video-preview:-1"},"canonical":"https:\/\/otazu.com\/fr\/produitvins\/ozu-by-otazu-chardonnay\/","og_locale":"fr_FR","og_type":"article","og_title":"Ozu by Otazu Chardonnay | Vin blanc D.O. Navarra","og_description":"Ozu by Otazu Chardonnay (D.O. Navarra) est un vin blanc 100% Chardonnay. Il est conserv\u00e9 au contact de ses propres lies pendant trois mois.","og_url":"https:\/\/otazu.com\/fr\/produitvins\/ozu-by-otazu-chardonnay\/","og_site_name":"Otazu","article_modified_time":"2026-02-25T11:21:57+00:00","og_image":[{"width":680,"height":1000,"url":"https:\/\/otazu.com\/wp-content\/uploads\/2024\/02\/Ozu-by-Otazu-Chardonnay.png","type":"image\/png"}],"twitter_card":"summary_large_image","twitter_misc":{"Dur\u00e9e de lecture estim\u00e9e":"1 minute"},"schema":{"@context":"https:\/\/schema.org","@graph":[{"@type":"WebPage","@id":"https:\/\/otazu.com\/fr\/produitvins\/ozu-by-otazu-chardonnay\/","url":"https:\/\/otazu.com\/fr\/produitvins\/ozu-by-otazu-chardonnay\/","name":"Ozu by Otazu Chardonnay | Vin blanc D.O. Navarra","isPartOf":{"@id":"https:\/\/otazu.com\/fr\/#website"},"primaryImageOfPage":{"@id":"https:\/\/otazu.com\/fr\/produitvins\/ozu-by-otazu-chardonnay\/#primaryimage"},"image":{"@id":"https:\/\/otazu.com\/fr\/produitvins\/ozu-by-otazu-chardonnay\/#primaryimage"},"thumbnailUrl":"https:\/\/otazu.com\/wp-content\/uploads\/2024\/02\/Ozu-by-Otazu-Chardonnay.png","datePublished":"2024-02-01T10:25:58+00:00","dateModified":"2026-02-25T11:21:57+00:00","description":"Ozu by Otazu Chardonnay (D.O. Navarra) est un vin blanc 100% Chardonnay. Il est conserv\u00e9 au contact de ses propres lies pendant trois mois.","breadcrumb":{"@id":"https:\/\/otazu.com\/fr\/produitvins\/ozu-by-otazu-chardonnay\/#breadcrumb"},"inLanguage":"fr-FR","potentialAction":[{"@type":"ReadAction","target":["https:\/\/otazu.com\/fr\/produitvins\/ozu-by-otazu-chardonnay\/"]}]},{"@type":"ImageObject","inLanguage":"fr-FR","@id":"https:\/\/otazu.com\/fr\/produitvins\/ozu-by-otazu-chardonnay\/#primaryimage","url":"https:\/\/otazu.com\/wp-content\/uploads\/2024\/02\/Ozu-by-Otazu-Chardonnay.png","contentUrl":"https:\/\/otazu.com\/wp-content\/uploads\/2024\/02\/Ozu-by-Otazu-Chardonnay.png","width":680,"height":1000},{"@type":"BreadcrumbList","@id":"https:\/\/otazu.com\/fr\/produitvins\/ozu-by-otazu-chardonnay\/#breadcrumb","itemListElement":[{"@type":"ListItem","position":1,"name":"Inicio","item":"https:\/\/otazu.com\/fr\/"},{"@type":"ListItem","position":2,"name":"Vins","item":"https:\/\/otazu.com\/fr\/vins\/"},{"@type":"ListItem","position":3,"name":"Vins","item":"https:\/\/otazu.com\/fr\/categoria-producto\/vins\/"},{"@type":"ListItem","position":4,"name":"Ozu by Otazu Chardonnay 2025"}]},{"@type":"WebSite","@id":"https:\/\/otazu.com\/fr\/#website","url":"https:\/\/otazu.com\/fr\/","name":"Bodega Otazu","description":"Bodega Otazu","publisher":{"@id":"https:\/\/otazu.com\/fr\/#organization"},"potentialAction":[{"@type":"SearchAction","target":{"@type":"EntryPoint","urlTemplate":"https:\/\/otazu.com\/fr\/?s={search_term_string}"},"query-input":{"@type":"PropertyValueSpecification","valueRequired":true,"valueName":"search_term_string"}}],"inLanguage":"fr-FR"},{"@type":"Organization","@id":"https:\/\/otazu.com\/fr\/#organization","name":"Bodega Otazu","url":"https:\/\/otazu.com\/fr\/","logo":{"@type":"ImageObject","inLanguage":"fr-FR","@id":"https:\/\/otazu.com\/fr\/#\/schema\/logo\/image\/","url":"https:\/\/otazu.com\/wp-content\/uploads\/2024\/01\/Logo.png","contentUrl":"https:\/\/otazu.com\/wp-content\/uploads\/2024\/01\/Logo.png","width":1774,"height":364,"caption":"Bodega Otazu"},"image":{"@id":"https:\/\/otazu.com\/fr\/#\/schema\/logo\/image\/"}}]}},"_links":{"self":[{"href":"https:\/\/otazu.com\/fr\/wp-json\/wp\/v2\/product\/8600","targetHints":{"allow":["GET"]}}],"collection":[{"href":"https:\/\/otazu.com\/fr\/wp-json\/wp\/v2\/product"}],"about":[{"href":"https:\/\/otazu.com\/fr\/wp-json\/wp\/v2\/types\/product"}],"version-history":[{"count":5,"href":"https:\/\/otazu.com\/fr\/wp-json\/wp\/v2\/product\/8600\/revisions"}],"predecessor-version":[{"id":11464,"href":"https:\/\/otazu.com\/fr\/wp-json\/wp\/v2\/product\/8600\/revisions\/11464"}],"wp:featuredmedia":[{"embeddable":true,"href":"https:\/\/otazu.com\/fr\/wp-json\/wp\/v2\/media\/8602"}],"wp:attachment":[{"href":"https:\/\/otazu.com\/fr\/wp-json\/wp\/v2\/media?parent=8600"}],"wp:term":[{"taxonomy":"product_brand","embeddable":true,"href":"https:\/\/otazu.com\/fr\/wp-json\/wp\/v2\/product_brand?post=8600"},{"taxonomy":"product_cat","embeddable":true,"href":"https:\/\/otazu.com\/fr\/wp-json\/wp\/v2\/product_cat?post=8600"},{"taxonomy":"product_tag","embeddable":true,"href":"https:\/\/otazu.com\/fr\/wp-json\/wp\/v2\/product_tag?post=8600"}],"curies":[{"name":"wp","href":"https:\/\/api.w.org\/{rel}","templated":true}]}}