{"id":8375,"date":"2024-02-01T10:25:58","date_gmt":"2024-02-01T10:25:58","guid":{"rendered":"https:\/\/otazu.com\/producto\/non%20class\u00e9\/ozu-by-otazu-premium-cuvee-2021\/"},"modified":"2026-02-25T14:36:38","modified_gmt":"2026-02-25T13:36:38","slug":"ozu-by-otazu-premium-cuvee","status":"publish","type":"product","link":"https:\/\/otazu.com\/fr\/produitvins\/ozu-by-otazu-premium-cuvee\/","title":{"rendered":"Ozu by Otazu Cuv\u00e9e Premium 2024"},"content":{"rendered":"<p><span style=\"font-weight: 400;\">Ozu by Otazu Premium Cuv\u00e9e (D.O. Navarra) est un vin rouge compos\u00e9 de 34% de Cabernet Sauvignon, 33% de Merlot et 33% de Tempranillo. R\u00e9colte s\u00e9par\u00e9e de chacune des vari\u00e9t\u00e9s au cours du mois d&rsquo;octobre. <\/span><\/p>\n","protected":false},"excerpt":{"rendered":"<p>Ozu by Otazu Premium Cuve\u0301e est un assemblage des c\u00e9pages Cabernet Sauvignon, Tempranillo et Merlot.<\/p>\n","protected":false},"featured_media":8376,"template":"","meta":{"_acf_changed":false},"product_brand":[],"product_cat":[113],"product_tag":[],"class_list":{"0":"post-8375","1":"product","2":"type-product","3":"status-publish","4":"has-post-thumbnail","6":"product_cat-vins","7":"member-discount","8":"discount-restricted","10":"first","11":"instock","12":"taxable","13":"shipping-taxable","14":"purchasable","15":"product-type-simple"},"acf":[],"yoast_head":"<!-- This site is optimized with the Yoast SEO plugin v27.3 - https:\/\/yoast.com\/product\/yoast-seo-wordpress\/ -->\n<title>Ozu by Otazu Premium Cuv\u00e9e | Vin rouge AOC Navarra<\/title>\n<meta name=\"description\" content=\"Ozu by Otazu Premium Cuve\u0301e est un vin rouge, assemblage de c\u00e9pages 34 % Cabernet Sauvignon, 33 % Tempranillo et 33 % Merlot.\" \/>\n<meta name=\"robots\" content=\"index, follow, max-snippet:-1, max-image-preview:large, max-video-preview:-1\" \/>\n<link rel=\"canonical\" href=\"https:\/\/otazu.com\/fr\/produitvins\/ozu-by-otazu-premium-cuvee\/\" \/>\n<meta property=\"og:locale\" content=\"fr_FR\" \/>\n<meta property=\"og:type\" content=\"article\" \/>\n<meta property=\"og:title\" content=\"Ozu by Otazu Premium Cuv\u00e9e | Vin rouge AOC Navarra\" \/>\n<meta property=\"og:description\" content=\"Ozu by Otazu Premium Cuve\u0301e est un vin rouge, assemblage de c\u00e9pages 34 % Cabernet Sauvignon, 33 % Tempranillo et 33 % Merlot.\" \/>\n<meta property=\"og:url\" content=\"https:\/\/otazu.com\/fr\/produitvins\/ozu-by-otazu-premium-cuvee\/\" \/>\n<meta property=\"og:site_name\" content=\"Otazu\" \/>\n<meta property=\"article:modified_time\" content=\"2026-02-25T13:36:38+00:00\" \/>\n<meta property=\"og:image\" content=\"https:\/\/otazu.com\/wp-content\/uploads\/2024\/02\/Ozu-by-Otazu-Premium-Cuvee.png\" \/>\n\t<meta property=\"og:image:width\" content=\"680\" \/>\n\t<meta property=\"og:image:height\" content=\"1000\" \/>\n\t<meta property=\"og:image:type\" content=\"image\/png\" \/>\n<meta name=\"twitter:card\" content=\"summary_large_image\" \/>\n<meta name=\"twitter:label1\" content=\"Dur\u00e9e de lecture estim\u00e9e\" \/>\n\t<meta name=\"twitter:data1\" content=\"1 minute\" \/>\n<script type=\"application\/ld+json\" class=\"yoast-schema-graph\">{\"@context\":\"https:\\\/\\\/schema.org\",\"@graph\":[{\"@type\":\"WebPage\",\"@id\":\"https:\\\/\\\/otazu.com\\\/fr\\\/produitvins\\\/ozu-by-otazu-premium-cuvee\\\/\",\"url\":\"https:\\\/\\\/otazu.com\\\/fr\\\/produitvins\\\/ozu-by-otazu-premium-cuvee\\\/\",\"name\":\"Ozu by Otazu Premium Cuv\u00e9e | Vin rouge AOC Navarra\",\"isPartOf\":{\"@id\":\"https:\\\/\\\/otazu.com\\\/fr\\\/#website\"},\"primaryImageOfPage\":{\"@id\":\"https:\\\/\\\/otazu.com\\\/fr\\\/produitvins\\\/ozu-by-otazu-premium-cuvee\\\/#primaryimage\"},\"image\":{\"@id\":\"https:\\\/\\\/otazu.com\\\/fr\\\/produitvins\\\/ozu-by-otazu-premium-cuvee\\\/#primaryimage\"},\"thumbnailUrl\":\"https:\\\/\\\/otazu.com\\\/wp-content\\\/uploads\\\/2024\\\/02\\\/Ozu-by-Otazu-Premium-Cuvee.png\",\"datePublished\":\"2024-02-01T10:25:58+00:00\",\"dateModified\":\"2026-02-25T13:36:38+00:00\",\"description\":\"Ozu by Otazu Premium Cuve\u0301e est un vin rouge, assemblage de c\u00e9pages 34 % Cabernet Sauvignon, 33 % Tempranillo et 33 % Merlot.\",\"breadcrumb\":{\"@id\":\"https:\\\/\\\/otazu.com\\\/fr\\\/produitvins\\\/ozu-by-otazu-premium-cuvee\\\/#breadcrumb\"},\"inLanguage\":\"fr-FR\",\"potentialAction\":[{\"@type\":\"ReadAction\",\"target\":[\"https:\\\/\\\/otazu.com\\\/fr\\\/produitvins\\\/ozu-by-otazu-premium-cuvee\\\/\"]}]},{\"@type\":\"ImageObject\",\"inLanguage\":\"fr-FR\",\"@id\":\"https:\\\/\\\/otazu.com\\\/fr\\\/produitvins\\\/ozu-by-otazu-premium-cuvee\\\/#primaryimage\",\"url\":\"https:\\\/\\\/otazu.com\\\/wp-content\\\/uploads\\\/2024\\\/02\\\/Ozu-by-Otazu-Premium-Cuvee.png\",\"contentUrl\":\"https:\\\/\\\/otazu.com\\\/wp-content\\\/uploads\\\/2024\\\/02\\\/Ozu-by-Otazu-Premium-Cuvee.png\",\"width\":680,\"height\":1000},{\"@type\":\"BreadcrumbList\",\"@id\":\"https:\\\/\\\/otazu.com\\\/fr\\\/produitvins\\\/ozu-by-otazu-premium-cuvee\\\/#breadcrumb\",\"itemListElement\":[{\"@type\":\"ListItem\",\"position\":1,\"name\":\"Inicio\",\"item\":\"https:\\\/\\\/otazu.com\\\/fr\\\/\"},{\"@type\":\"ListItem\",\"position\":2,\"name\":\"Vins\",\"item\":\"https:\\\/\\\/otazu.com\\\/fr\\\/vins\\\/\"},{\"@type\":\"ListItem\",\"position\":3,\"name\":\"Vins\",\"item\":\"https:\\\/\\\/otazu.com\\\/fr\\\/categoria-producto\\\/vins\\\/\"},{\"@type\":\"ListItem\",\"position\":4,\"name\":\"Ozu by Otazu Cuv\u00e9e Premium 2024\"}]},{\"@type\":\"WebSite\",\"@id\":\"https:\\\/\\\/otazu.com\\\/fr\\\/#website\",\"url\":\"https:\\\/\\\/otazu.com\\\/fr\\\/\",\"name\":\"Bodega Otazu\",\"description\":\"Bodega Otazu\",\"publisher\":{\"@id\":\"https:\\\/\\\/otazu.com\\\/fr\\\/#organization\"},\"potentialAction\":[{\"@type\":\"SearchAction\",\"target\":{\"@type\":\"EntryPoint\",\"urlTemplate\":\"https:\\\/\\\/otazu.com\\\/fr\\\/?s={search_term_string}\"},\"query-input\":{\"@type\":\"PropertyValueSpecification\",\"valueRequired\":true,\"valueName\":\"search_term_string\"}}],\"inLanguage\":\"fr-FR\"},{\"@type\":\"Organization\",\"@id\":\"https:\\\/\\\/otazu.com\\\/fr\\\/#organization\",\"name\":\"Bodega Otazu\",\"url\":\"https:\\\/\\\/otazu.com\\\/fr\\\/\",\"logo\":{\"@type\":\"ImageObject\",\"inLanguage\":\"fr-FR\",\"@id\":\"https:\\\/\\\/otazu.com\\\/fr\\\/#\\\/schema\\\/logo\\\/image\\\/\",\"url\":\"https:\\\/\\\/otazu.com\\\/wp-content\\\/uploads\\\/2024\\\/01\\\/Logo.png\",\"contentUrl\":\"https:\\\/\\\/otazu.com\\\/wp-content\\\/uploads\\\/2024\\\/01\\\/Logo.png\",\"width\":1774,\"height\":364,\"caption\":\"Bodega Otazu\"},\"image\":{\"@id\":\"https:\\\/\\\/otazu.com\\\/fr\\\/#\\\/schema\\\/logo\\\/image\\\/\"}}]}<\/script>\n<!-- \/ Yoast SEO plugin. -->","yoast_head_json":{"title":"Ozu by Otazu Premium Cuv\u00e9e | Vin rouge AOC Navarra","description":"Ozu by Otazu Premium Cuve\u0301e est un vin rouge, assemblage de c\u00e9pages 34 % Cabernet Sauvignon, 33 % Tempranillo et 33 % Merlot.","robots":{"index":"index","follow":"follow","max-snippet":"max-snippet:-1","max-image-preview":"max-image-preview:large","max-video-preview":"max-video-preview:-1"},"canonical":"https:\/\/otazu.com\/fr\/produitvins\/ozu-by-otazu-premium-cuvee\/","og_locale":"fr_FR","og_type":"article","og_title":"Ozu by Otazu Premium Cuv\u00e9e | Vin rouge AOC Navarra","og_description":"Ozu by Otazu Premium Cuve\u0301e est un vin rouge, assemblage de c\u00e9pages 34 % Cabernet Sauvignon, 33 % Tempranillo et 33 % Merlot.","og_url":"https:\/\/otazu.com\/fr\/produitvins\/ozu-by-otazu-premium-cuvee\/","og_site_name":"Otazu","article_modified_time":"2026-02-25T13:36:38+00:00","og_image":[{"width":680,"height":1000,"url":"https:\/\/otazu.com\/wp-content\/uploads\/2024\/02\/Ozu-by-Otazu-Premium-Cuvee.png","type":"image\/png"}],"twitter_card":"summary_large_image","twitter_misc":{"Dur\u00e9e de lecture estim\u00e9e":"1 minute"},"schema":{"@context":"https:\/\/schema.org","@graph":[{"@type":"WebPage","@id":"https:\/\/otazu.com\/fr\/produitvins\/ozu-by-otazu-premium-cuvee\/","url":"https:\/\/otazu.com\/fr\/produitvins\/ozu-by-otazu-premium-cuvee\/","name":"Ozu by Otazu Premium Cuv\u00e9e | Vin rouge AOC Navarra","isPartOf":{"@id":"https:\/\/otazu.com\/fr\/#website"},"primaryImageOfPage":{"@id":"https:\/\/otazu.com\/fr\/produitvins\/ozu-by-otazu-premium-cuvee\/#primaryimage"},"image":{"@id":"https:\/\/otazu.com\/fr\/produitvins\/ozu-by-otazu-premium-cuvee\/#primaryimage"},"thumbnailUrl":"https:\/\/otazu.com\/wp-content\/uploads\/2024\/02\/Ozu-by-Otazu-Premium-Cuvee.png","datePublished":"2024-02-01T10:25:58+00:00","dateModified":"2026-02-25T13:36:38+00:00","description":"Ozu by Otazu Premium Cuve\u0301e est un vin rouge, assemblage de c\u00e9pages 34 % Cabernet Sauvignon, 33 % Tempranillo et 33 % Merlot.","breadcrumb":{"@id":"https:\/\/otazu.com\/fr\/produitvins\/ozu-by-otazu-premium-cuvee\/#breadcrumb"},"inLanguage":"fr-FR","potentialAction":[{"@type":"ReadAction","target":["https:\/\/otazu.com\/fr\/produitvins\/ozu-by-otazu-premium-cuvee\/"]}]},{"@type":"ImageObject","inLanguage":"fr-FR","@id":"https:\/\/otazu.com\/fr\/produitvins\/ozu-by-otazu-premium-cuvee\/#primaryimage","url":"https:\/\/otazu.com\/wp-content\/uploads\/2024\/02\/Ozu-by-Otazu-Premium-Cuvee.png","contentUrl":"https:\/\/otazu.com\/wp-content\/uploads\/2024\/02\/Ozu-by-Otazu-Premium-Cuvee.png","width":680,"height":1000},{"@type":"BreadcrumbList","@id":"https:\/\/otazu.com\/fr\/produitvins\/ozu-by-otazu-premium-cuvee\/#breadcrumb","itemListElement":[{"@type":"ListItem","position":1,"name":"Inicio","item":"https:\/\/otazu.com\/fr\/"},{"@type":"ListItem","position":2,"name":"Vins","item":"https:\/\/otazu.com\/fr\/vins\/"},{"@type":"ListItem","position":3,"name":"Vins","item":"https:\/\/otazu.com\/fr\/categoria-producto\/vins\/"},{"@type":"ListItem","position":4,"name":"Ozu by Otazu Cuv\u00e9e Premium 2024"}]},{"@type":"WebSite","@id":"https:\/\/otazu.com\/fr\/#website","url":"https:\/\/otazu.com\/fr\/","name":"Bodega Otazu","description":"Bodega Otazu","publisher":{"@id":"https:\/\/otazu.com\/fr\/#organization"},"potentialAction":[{"@type":"SearchAction","target":{"@type":"EntryPoint","urlTemplate":"https:\/\/otazu.com\/fr\/?s={search_term_string}"},"query-input":{"@type":"PropertyValueSpecification","valueRequired":true,"valueName":"search_term_string"}}],"inLanguage":"fr-FR"},{"@type":"Organization","@id":"https:\/\/otazu.com\/fr\/#organization","name":"Bodega Otazu","url":"https:\/\/otazu.com\/fr\/","logo":{"@type":"ImageObject","inLanguage":"fr-FR","@id":"https:\/\/otazu.com\/fr\/#\/schema\/logo\/image\/","url":"https:\/\/otazu.com\/wp-content\/uploads\/2024\/01\/Logo.png","contentUrl":"https:\/\/otazu.com\/wp-content\/uploads\/2024\/01\/Logo.png","width":1774,"height":364,"caption":"Bodega Otazu"},"image":{"@id":"https:\/\/otazu.com\/fr\/#\/schema\/logo\/image\/"}}]}},"_links":{"self":[{"href":"https:\/\/otazu.com\/fr\/wp-json\/wp\/v2\/product\/8375","targetHints":{"allow":["GET"]}}],"collection":[{"href":"https:\/\/otazu.com\/fr\/wp-json\/wp\/v2\/product"}],"about":[{"href":"https:\/\/otazu.com\/fr\/wp-json\/wp\/v2\/types\/product"}],"version-history":[{"count":4,"href":"https:\/\/otazu.com\/fr\/wp-json\/wp\/v2\/product\/8375\/revisions"}],"predecessor-version":[{"id":11472,"href":"https:\/\/otazu.com\/fr\/wp-json\/wp\/v2\/product\/8375\/revisions\/11472"}],"wp:featuredmedia":[{"embeddable":true,"href":"https:\/\/otazu.com\/fr\/wp-json\/wp\/v2\/media\/8376"}],"wp:attachment":[{"href":"https:\/\/otazu.com\/fr\/wp-json\/wp\/v2\/media?parent=8375"}],"wp:term":[{"taxonomy":"product_brand","embeddable":true,"href":"https:\/\/otazu.com\/fr\/wp-json\/wp\/v2\/product_brand?post=8375"},{"taxonomy":"product_cat","embeddable":true,"href":"https:\/\/otazu.com\/fr\/wp-json\/wp\/v2\/product_cat?post=8375"},{"taxonomy":"product_tag","embeddable":true,"href":"https:\/\/otazu.com\/fr\/wp-json\/wp\/v2\/product_tag?post=8375"}],"curies":[{"name":"wp","href":"https:\/\/api.w.org\/{rel}","templated":true}]}}