{"id":8373,"date":"2024-02-01T10:25:58","date_gmt":"2024-02-01T10:25:58","guid":{"rendered":"https:\/\/otazu.com\/producto\/non%20class\u00e9\/ozu-by-otazu-rosado-merlot-2023\/"},"modified":"2026-02-25T13:08:25","modified_gmt":"2026-02-25T12:08:25","slug":"ozu-by-otazu-rosado-merlot","status":"publish","type":"product","link":"https:\/\/otazu.com\/fr\/produitvins\/ozu-by-otazu-rosado-merlot\/","title":{"rendered":"Ozu by Otazu Rosado Merlot 2025"},"content":{"rendered":"<p><span style=\"font-weight: 400;\">Ozu by Otazu Rosado Merlot (D.O Navarra) est un vin ros\u00e9 100 % Merlot. La production de ce mill\u00e9sime a d\u00e9but\u00e9 par les vendanges dans les vignobles de merlot de la propri\u00e9t\u00e9 en octobre. This ros\u00e9 is made using the traditional saign\u00e9e method, which preserves the quality of the fruit and retains the personality and originality of this grape variety. <\/span><\/p>\n","protected":false},"excerpt":{"rendered":"<p>Ozu by Otazu Rosado Merlot (D.O. Navarra) is a 100% Merlot ros\u00e9 wine.<\/p>\n","protected":false},"featured_media":10575,"template":"","meta":{"_acf_changed":false},"product_brand":[],"product_cat":[113],"product_tag":[],"class_list":{"0":"post-8373","1":"product","2":"type-product","3":"status-publish","4":"has-post-thumbnail","6":"product_cat-vins","7":"member-discount","8":"discount-restricted","10":"first","11":"instock","12":"taxable","13":"shipping-taxable","14":"purchasable","15":"product-type-simple"},"acf":[],"yoast_head":"<!-- This site is optimized with the Yoast SEO plugin v27.3 - https:\/\/yoast.com\/product\/yoast-seo-wordpress\/ -->\n<title>Ozu by Otazu Ros\u00e9 Merlot | Ros\u00e9 wine D.O. Navarra<\/title>\n<meta name=\"description\" content=\"Ozu by Otazu Rosado Merlot (D.O. Navarra) is a 100% Merlot ros\u00e9 wine. This ros\u00e9 is made using the traditional bleeding method.\" \/>\n<meta name=\"robots\" content=\"index, follow, max-snippet:-1, max-image-preview:large, max-video-preview:-1\" \/>\n<link rel=\"canonical\" href=\"https:\/\/otazu.com\/fr\/produitvins\/ozu-by-otazu-rosado-merlot\/\" \/>\n<meta property=\"og:locale\" content=\"fr_FR\" \/>\n<meta property=\"og:type\" content=\"article\" \/>\n<meta property=\"og:title\" content=\"Ozu by Otazu Ros\u00e9 Merlot | Ros\u00e9 wine D.O. Navarra\" \/>\n<meta property=\"og:description\" content=\"Ozu by Otazu Rosado Merlot (D.O. Navarra) is a 100% Merlot ros\u00e9 wine. This ros\u00e9 is made using the traditional bleeding method.\" \/>\n<meta property=\"og:url\" content=\"https:\/\/otazu.com\/fr\/produitvins\/ozu-by-otazu-rosado-merlot\/\" \/>\n<meta property=\"og:site_name\" content=\"Otazu\" \/>\n<meta property=\"article:modified_time\" content=\"2026-02-25T12:08:25+00:00\" \/>\n<meta property=\"og:image\" content=\"https:\/\/otazu.com\/wp-content\/uploads\/2024\/02\/2.png\" \/>\n\t<meta property=\"og:image:width\" content=\"680\" \/>\n\t<meta property=\"og:image:height\" content=\"1000\" \/>\n\t<meta property=\"og:image:type\" content=\"image\/png\" \/>\n<meta name=\"twitter:card\" content=\"summary_large_image\" \/>\n<meta name=\"twitter:label1\" content=\"Dur\u00e9e de lecture estim\u00e9e\" \/>\n\t<meta name=\"twitter:data1\" content=\"1 minute\" \/>\n<script type=\"application\/ld+json\" class=\"yoast-schema-graph\">{\"@context\":\"https:\\\/\\\/schema.org\",\"@graph\":[{\"@type\":\"WebPage\",\"@id\":\"https:\\\/\\\/otazu.com\\\/fr\\\/produitvins\\\/ozu-by-otazu-rosado-merlot\\\/\",\"url\":\"https:\\\/\\\/otazu.com\\\/fr\\\/produitvins\\\/ozu-by-otazu-rosado-merlot\\\/\",\"name\":\"Ozu by Otazu Ros\u00e9 Merlot | Ros\u00e9 wine D.O. Navarra\",\"isPartOf\":{\"@id\":\"https:\\\/\\\/otazu.com\\\/fr\\\/#website\"},\"primaryImageOfPage\":{\"@id\":\"https:\\\/\\\/otazu.com\\\/fr\\\/produitvins\\\/ozu-by-otazu-rosado-merlot\\\/#primaryimage\"},\"image\":{\"@id\":\"https:\\\/\\\/otazu.com\\\/fr\\\/produitvins\\\/ozu-by-otazu-rosado-merlot\\\/#primaryimage\"},\"thumbnailUrl\":\"https:\\\/\\\/otazu.com\\\/wp-content\\\/uploads\\\/2024\\\/02\\\/2.png\",\"datePublished\":\"2024-02-01T10:25:58+00:00\",\"dateModified\":\"2026-02-25T12:08:25+00:00\",\"description\":\"Ozu by Otazu Rosado Merlot (D.O. Navarra) is a 100% Merlot ros\u00e9 wine. This ros\u00e9 is made using the traditional bleeding method.\",\"breadcrumb\":{\"@id\":\"https:\\\/\\\/otazu.com\\\/fr\\\/produitvins\\\/ozu-by-otazu-rosado-merlot\\\/#breadcrumb\"},\"inLanguage\":\"fr-FR\",\"potentialAction\":[{\"@type\":\"ReadAction\",\"target\":[\"https:\\\/\\\/otazu.com\\\/fr\\\/produitvins\\\/ozu-by-otazu-rosado-merlot\\\/\"]}]},{\"@type\":\"ImageObject\",\"inLanguage\":\"fr-FR\",\"@id\":\"https:\\\/\\\/otazu.com\\\/fr\\\/produitvins\\\/ozu-by-otazu-rosado-merlot\\\/#primaryimage\",\"url\":\"https:\\\/\\\/otazu.com\\\/wp-content\\\/uploads\\\/2024\\\/02\\\/2.png\",\"contentUrl\":\"https:\\\/\\\/otazu.com\\\/wp-content\\\/uploads\\\/2024\\\/02\\\/2.png\",\"width\":680,\"height\":1000},{\"@type\":\"BreadcrumbList\",\"@id\":\"https:\\\/\\\/otazu.com\\\/fr\\\/produitvins\\\/ozu-by-otazu-rosado-merlot\\\/#breadcrumb\",\"itemListElement\":[{\"@type\":\"ListItem\",\"position\":1,\"name\":\"Inicio\",\"item\":\"https:\\\/\\\/otazu.com\\\/fr\\\/\"},{\"@type\":\"ListItem\",\"position\":2,\"name\":\"Vins\",\"item\":\"https:\\\/\\\/otazu.com\\\/fr\\\/vins\\\/\"},{\"@type\":\"ListItem\",\"position\":3,\"name\":\"Vins\",\"item\":\"https:\\\/\\\/otazu.com\\\/fr\\\/categoria-producto\\\/vins\\\/\"},{\"@type\":\"ListItem\",\"position\":4,\"name\":\"Ozu by Otazu Rosado Merlot 2025\"}]},{\"@type\":\"WebSite\",\"@id\":\"https:\\\/\\\/otazu.com\\\/fr\\\/#website\",\"url\":\"https:\\\/\\\/otazu.com\\\/fr\\\/\",\"name\":\"Bodega Otazu\",\"description\":\"Bodega Otazu\",\"publisher\":{\"@id\":\"https:\\\/\\\/otazu.com\\\/fr\\\/#organization\"},\"potentialAction\":[{\"@type\":\"SearchAction\",\"target\":{\"@type\":\"EntryPoint\",\"urlTemplate\":\"https:\\\/\\\/otazu.com\\\/fr\\\/?s={search_term_string}\"},\"query-input\":{\"@type\":\"PropertyValueSpecification\",\"valueRequired\":true,\"valueName\":\"search_term_string\"}}],\"inLanguage\":\"fr-FR\"},{\"@type\":\"Organization\",\"@id\":\"https:\\\/\\\/otazu.com\\\/fr\\\/#organization\",\"name\":\"Bodega Otazu\",\"url\":\"https:\\\/\\\/otazu.com\\\/fr\\\/\",\"logo\":{\"@type\":\"ImageObject\",\"inLanguage\":\"fr-FR\",\"@id\":\"https:\\\/\\\/otazu.com\\\/fr\\\/#\\\/schema\\\/logo\\\/image\\\/\",\"url\":\"https:\\\/\\\/otazu.com\\\/wp-content\\\/uploads\\\/2024\\\/01\\\/Logo.png\",\"contentUrl\":\"https:\\\/\\\/otazu.com\\\/wp-content\\\/uploads\\\/2024\\\/01\\\/Logo.png\",\"width\":1774,\"height\":364,\"caption\":\"Bodega Otazu\"},\"image\":{\"@id\":\"https:\\\/\\\/otazu.com\\\/fr\\\/#\\\/schema\\\/logo\\\/image\\\/\"}}]}<\/script>\n<!-- \/ Yoast SEO plugin. -->","yoast_head_json":{"title":"Ozu by Otazu Ros\u00e9 Merlot | Ros\u00e9 wine D.O. Navarra","description":"Ozu by Otazu Rosado Merlot (D.O. Navarra) is a 100% Merlot ros\u00e9 wine. This ros\u00e9 is made using the traditional bleeding method.","robots":{"index":"index","follow":"follow","max-snippet":"max-snippet:-1","max-image-preview":"max-image-preview:large","max-video-preview":"max-video-preview:-1"},"canonical":"https:\/\/otazu.com\/fr\/produitvins\/ozu-by-otazu-rosado-merlot\/","og_locale":"fr_FR","og_type":"article","og_title":"Ozu by Otazu Ros\u00e9 Merlot | Ros\u00e9 wine D.O. Navarra","og_description":"Ozu by Otazu Rosado Merlot (D.O. Navarra) is a 100% Merlot ros\u00e9 wine. This ros\u00e9 is made using the traditional bleeding method.","og_url":"https:\/\/otazu.com\/fr\/produitvins\/ozu-by-otazu-rosado-merlot\/","og_site_name":"Otazu","article_modified_time":"2026-02-25T12:08:25+00:00","og_image":[{"width":680,"height":1000,"url":"https:\/\/otazu.com\/wp-content\/uploads\/2024\/02\/2.png","type":"image\/png"}],"twitter_card":"summary_large_image","twitter_misc":{"Dur\u00e9e de lecture estim\u00e9e":"1 minute"},"schema":{"@context":"https:\/\/schema.org","@graph":[{"@type":"WebPage","@id":"https:\/\/otazu.com\/fr\/produitvins\/ozu-by-otazu-rosado-merlot\/","url":"https:\/\/otazu.com\/fr\/produitvins\/ozu-by-otazu-rosado-merlot\/","name":"Ozu by Otazu Ros\u00e9 Merlot | Ros\u00e9 wine D.O. Navarra","isPartOf":{"@id":"https:\/\/otazu.com\/fr\/#website"},"primaryImageOfPage":{"@id":"https:\/\/otazu.com\/fr\/produitvins\/ozu-by-otazu-rosado-merlot\/#primaryimage"},"image":{"@id":"https:\/\/otazu.com\/fr\/produitvins\/ozu-by-otazu-rosado-merlot\/#primaryimage"},"thumbnailUrl":"https:\/\/otazu.com\/wp-content\/uploads\/2024\/02\/2.png","datePublished":"2024-02-01T10:25:58+00:00","dateModified":"2026-02-25T12:08:25+00:00","description":"Ozu by Otazu Rosado Merlot (D.O. Navarra) is a 100% Merlot ros\u00e9 wine. This ros\u00e9 is made using the traditional bleeding method.","breadcrumb":{"@id":"https:\/\/otazu.com\/fr\/produitvins\/ozu-by-otazu-rosado-merlot\/#breadcrumb"},"inLanguage":"fr-FR","potentialAction":[{"@type":"ReadAction","target":["https:\/\/otazu.com\/fr\/produitvins\/ozu-by-otazu-rosado-merlot\/"]}]},{"@type":"ImageObject","inLanguage":"fr-FR","@id":"https:\/\/otazu.com\/fr\/produitvins\/ozu-by-otazu-rosado-merlot\/#primaryimage","url":"https:\/\/otazu.com\/wp-content\/uploads\/2024\/02\/2.png","contentUrl":"https:\/\/otazu.com\/wp-content\/uploads\/2024\/02\/2.png","width":680,"height":1000},{"@type":"BreadcrumbList","@id":"https:\/\/otazu.com\/fr\/produitvins\/ozu-by-otazu-rosado-merlot\/#breadcrumb","itemListElement":[{"@type":"ListItem","position":1,"name":"Inicio","item":"https:\/\/otazu.com\/fr\/"},{"@type":"ListItem","position":2,"name":"Vins","item":"https:\/\/otazu.com\/fr\/vins\/"},{"@type":"ListItem","position":3,"name":"Vins","item":"https:\/\/otazu.com\/fr\/categoria-producto\/vins\/"},{"@type":"ListItem","position":4,"name":"Ozu by Otazu Rosado Merlot 2025"}]},{"@type":"WebSite","@id":"https:\/\/otazu.com\/fr\/#website","url":"https:\/\/otazu.com\/fr\/","name":"Bodega Otazu","description":"Bodega Otazu","publisher":{"@id":"https:\/\/otazu.com\/fr\/#organization"},"potentialAction":[{"@type":"SearchAction","target":{"@type":"EntryPoint","urlTemplate":"https:\/\/otazu.com\/fr\/?s={search_term_string}"},"query-input":{"@type":"PropertyValueSpecification","valueRequired":true,"valueName":"search_term_string"}}],"inLanguage":"fr-FR"},{"@type":"Organization","@id":"https:\/\/otazu.com\/fr\/#organization","name":"Bodega Otazu","url":"https:\/\/otazu.com\/fr\/","logo":{"@type":"ImageObject","inLanguage":"fr-FR","@id":"https:\/\/otazu.com\/fr\/#\/schema\/logo\/image\/","url":"https:\/\/otazu.com\/wp-content\/uploads\/2024\/01\/Logo.png","contentUrl":"https:\/\/otazu.com\/wp-content\/uploads\/2024\/01\/Logo.png","width":1774,"height":364,"caption":"Bodega Otazu"},"image":{"@id":"https:\/\/otazu.com\/fr\/#\/schema\/logo\/image\/"}}]}},"_links":{"self":[{"href":"https:\/\/otazu.com\/fr\/wp-json\/wp\/v2\/product\/8373","targetHints":{"allow":["GET"]}}],"collection":[{"href":"https:\/\/otazu.com\/fr\/wp-json\/wp\/v2\/product"}],"about":[{"href":"https:\/\/otazu.com\/fr\/wp-json\/wp\/v2\/types\/product"}],"version-history":[{"count":5,"href":"https:\/\/otazu.com\/fr\/wp-json\/wp\/v2\/product\/8373\/revisions"}],"predecessor-version":[{"id":11473,"href":"https:\/\/otazu.com\/fr\/wp-json\/wp\/v2\/product\/8373\/revisions\/11473"}],"wp:featuredmedia":[{"embeddable":true,"href":"https:\/\/otazu.com\/fr\/wp-json\/wp\/v2\/media\/10575"}],"wp:attachment":[{"href":"https:\/\/otazu.com\/fr\/wp-json\/wp\/v2\/media?parent=8373"}],"wp:term":[{"taxonomy":"product_brand","embeddable":true,"href":"https:\/\/otazu.com\/fr\/wp-json\/wp\/v2\/product_brand?post=8373"},{"taxonomy":"product_cat","embeddable":true,"href":"https:\/\/otazu.com\/fr\/wp-json\/wp\/v2\/product_cat?post=8373"},{"taxonomy":"product_tag","embeddable":true,"href":"https:\/\/otazu.com\/fr\/wp-json\/wp\/v2\/product_tag?post=8373"}],"curies":[{"name":"wp","href":"https:\/\/api.w.org\/{rel}","templated":true}]}}