{"id":8360,"date":"2024-02-01T10:25:59","date_gmt":"2024-02-01T10:25:59","guid":{"rendered":"https:\/\/otazu.com\/producto\/non%20class\u00e9\/1ha-une-histoire-grenache\/"},"modified":"2025-11-19T10:44:51","modified_gmt":"2025-11-19T09:44:51","slug":"1ha-una-historia-garnacha","status":"publish","type":"product","link":"https:\/\/otazu.com\/fr\/produitvins\/1ha-una-historia-garnacha\/","title":{"rendered":"1Ha. Una Historia. Garnacha 2020"},"content":{"rendered":"<p>Chaque bouteille raconte une histoire unique, exprimant le meilleur de notre terroir et notre passion pour l&rsquo;art.<br \/>\n\u00c9labor\u00e9 \u00e0 partir des raisins de notre vignoble Mercedes, il exprime la typicit\u00e9 des sols graveleux et argileux. Les raisins sont r\u00e9colt\u00e9s et s\u00e9lectionn\u00e9s \u00e0 la main. Apr\u00e8s une mac\u00e9ration \u00e0 froid des fruits pendant cinq jours, le mo\u00fbt est ferment\u00e9 dans des cuves en b\u00e9ton. Avant d&rsquo;\u00eatre mis en bouteille, le vin est vieilli dans des f\u00fbts de ch\u00eane fran\u00e7ais \u00e0 grain fin.<\/p>\n<p>Le 1Ha. Una Historia se compose d&rsquo;une s\u00e9rie de vins monoc\u00e9pages issus de vignobles uniques d&rsquo;une superficie d&rsquo;un hectare seulement. Le projet a \u00e9t\u00e9 cr\u00e9\u00e9 en collaboration avec le photographe Jordi Bernad\u00f3, qui associe les personnages les plus importants de l&rsquo;histoire de la cave \u00e0 nos paysages sur chaque \u00e9tiquette.<\/p>\n<p>Sur la photo : Joaqu\u00edn Ausejo \u00e0 Vi\u00f1a Mercedes (Corella).<\/p>\n","protected":false},"excerpt":{"rendered":"<p><span style=\"font-weight: 400;\">1 Ha. Una Historia Garnacha est un vin rouge 100% Garnacha.<\/span><\/p>\n","protected":false},"featured_media":8361,"template":"","meta":{"_acf_changed":false},"product_brand":[],"product_cat":[113],"product_tag":[],"class_list":{"0":"post-8360","1":"product","2":"type-product","3":"status-publish","4":"has-post-thumbnail","6":"product_cat-vins","7":"member-discount","8":"discount-restricted","10":"first","11":"instock","12":"taxable","13":"shipping-taxable","14":"purchasable","15":"product-type-simple"},"acf":[],"yoast_head":"<!-- This site is optimized with the Yoast SEO plugin v27.3 - https:\/\/yoast.com\/product\/yoast-seo-wordpress\/ -->\n<title>1Ha. Una Historia. Garnacha | Vin rouge D.O. Navarra<\/title>\n<meta name=\"description\" content=\"\u00c9labor\u00e9 \u00e0 partir des raisins de notre vignoble Mercedes, il exprime la typicit\u00e9 des sols de gravier et d&#039;argile. Les raisins sont r\u00e9colt\u00e9s et s\u00e9lectionn\u00e9s \u00e0 la main.\" \/>\n<meta name=\"robots\" content=\"index, follow, max-snippet:-1, max-image-preview:large, max-video-preview:-1\" \/>\n<link rel=\"canonical\" href=\"https:\/\/otazu.com\/fr\/produitvins\/1ha-una-historia-garnacha\/\" \/>\n<meta property=\"og:locale\" content=\"fr_FR\" \/>\n<meta property=\"og:type\" content=\"article\" \/>\n<meta property=\"og:title\" content=\"1Ha. Una Historia. Garnacha | Vin rouge D.O. Navarra\" \/>\n<meta property=\"og:description\" content=\"\u00c9labor\u00e9 \u00e0 partir des raisins de notre vignoble Mercedes, il exprime la typicit\u00e9 des sols de gravier et d&#039;argile. Les raisins sont r\u00e9colt\u00e9s et s\u00e9lectionn\u00e9s \u00e0 la main.\" \/>\n<meta property=\"og:url\" content=\"https:\/\/otazu.com\/fr\/produitvins\/1ha-una-historia-garnacha\/\" \/>\n<meta property=\"og:site_name\" content=\"Otazu\" \/>\n<meta property=\"article:modified_time\" content=\"2025-11-19T09:44:51+00:00\" \/>\n<meta property=\"og:image\" content=\"https:\/\/otazu.com\/wp-content\/uploads\/2024\/02\/Vinos_Bodega-Otazu_tienda_1haUnaHistoria-Garnacha.png\" \/>\n\t<meta property=\"og:image:width\" content=\"680\" \/>\n\t<meta property=\"og:image:height\" content=\"1000\" \/>\n\t<meta property=\"og:image:type\" content=\"image\/png\" \/>\n<meta name=\"twitter:card\" content=\"summary_large_image\" \/>\n<meta name=\"twitter:label1\" content=\"Dur\u00e9e de lecture estim\u00e9e\" \/>\n\t<meta name=\"twitter:data1\" content=\"1 minute\" \/>\n<script type=\"application\/ld+json\" class=\"yoast-schema-graph\">{\"@context\":\"https:\\\/\\\/schema.org\",\"@graph\":[{\"@type\":\"WebPage\",\"@id\":\"https:\\\/\\\/otazu.com\\\/fr\\\/produitvins\\\/1ha-una-historia-garnacha\\\/\",\"url\":\"https:\\\/\\\/otazu.com\\\/fr\\\/produitvins\\\/1ha-una-historia-garnacha\\\/\",\"name\":\"1Ha. Una Historia. Garnacha | Vin rouge D.O. Navarra\",\"isPartOf\":{\"@id\":\"https:\\\/\\\/otazu.com\\\/fr\\\/#website\"},\"primaryImageOfPage\":{\"@id\":\"https:\\\/\\\/otazu.com\\\/fr\\\/produitvins\\\/1ha-una-historia-garnacha\\\/#primaryimage\"},\"image\":{\"@id\":\"https:\\\/\\\/otazu.com\\\/fr\\\/produitvins\\\/1ha-una-historia-garnacha\\\/#primaryimage\"},\"thumbnailUrl\":\"https:\\\/\\\/otazu.com\\\/wp-content\\\/uploads\\\/2024\\\/02\\\/Vinos_Bodega-Otazu_tienda_1haUnaHistoria-Garnacha.png\",\"datePublished\":\"2024-02-01T10:25:59+00:00\",\"dateModified\":\"2025-11-19T09:44:51+00:00\",\"description\":\"\u00c9labor\u00e9 \u00e0 partir des raisins de notre vignoble Mercedes, il exprime la typicit\u00e9 des sols de gravier et d'argile. Les raisins sont r\u00e9colt\u00e9s et s\u00e9lectionn\u00e9s \u00e0 la main.\",\"breadcrumb\":{\"@id\":\"https:\\\/\\\/otazu.com\\\/fr\\\/produitvins\\\/1ha-una-historia-garnacha\\\/#breadcrumb\"},\"inLanguage\":\"fr-FR\",\"potentialAction\":[{\"@type\":\"ReadAction\",\"target\":[\"https:\\\/\\\/otazu.com\\\/fr\\\/produitvins\\\/1ha-una-historia-garnacha\\\/\"]}]},{\"@type\":\"ImageObject\",\"inLanguage\":\"fr-FR\",\"@id\":\"https:\\\/\\\/otazu.com\\\/fr\\\/produitvins\\\/1ha-una-historia-garnacha\\\/#primaryimage\",\"url\":\"https:\\\/\\\/otazu.com\\\/wp-content\\\/uploads\\\/2024\\\/02\\\/Vinos_Bodega-Otazu_tienda_1haUnaHistoria-Garnacha.png\",\"contentUrl\":\"https:\\\/\\\/otazu.com\\\/wp-content\\\/uploads\\\/2024\\\/02\\\/Vinos_Bodega-Otazu_tienda_1haUnaHistoria-Garnacha.png\",\"width\":680,\"height\":1000},{\"@type\":\"BreadcrumbList\",\"@id\":\"https:\\\/\\\/otazu.com\\\/fr\\\/produitvins\\\/1ha-una-historia-garnacha\\\/#breadcrumb\",\"itemListElement\":[{\"@type\":\"ListItem\",\"position\":1,\"name\":\"Inicio\",\"item\":\"https:\\\/\\\/otazu.com\\\/fr\\\/\"},{\"@type\":\"ListItem\",\"position\":2,\"name\":\"Vins\",\"item\":\"https:\\\/\\\/otazu.com\\\/fr\\\/vins\\\/\"},{\"@type\":\"ListItem\",\"position\":3,\"name\":\"Vins\",\"item\":\"https:\\\/\\\/otazu.com\\\/fr\\\/categoria-producto\\\/vins\\\/\"},{\"@type\":\"ListItem\",\"position\":4,\"name\":\"1Ha. Una Historia. Garnacha 2020\"}]},{\"@type\":\"WebSite\",\"@id\":\"https:\\\/\\\/otazu.com\\\/fr\\\/#website\",\"url\":\"https:\\\/\\\/otazu.com\\\/fr\\\/\",\"name\":\"Bodega Otazu\",\"description\":\"Bodega Otazu\",\"publisher\":{\"@id\":\"https:\\\/\\\/otazu.com\\\/fr\\\/#organization\"},\"potentialAction\":[{\"@type\":\"SearchAction\",\"target\":{\"@type\":\"EntryPoint\",\"urlTemplate\":\"https:\\\/\\\/otazu.com\\\/fr\\\/?s={search_term_string}\"},\"query-input\":{\"@type\":\"PropertyValueSpecification\",\"valueRequired\":true,\"valueName\":\"search_term_string\"}}],\"inLanguage\":\"fr-FR\"},{\"@type\":\"Organization\",\"@id\":\"https:\\\/\\\/otazu.com\\\/fr\\\/#organization\",\"name\":\"Bodega Otazu\",\"url\":\"https:\\\/\\\/otazu.com\\\/fr\\\/\",\"logo\":{\"@type\":\"ImageObject\",\"inLanguage\":\"fr-FR\",\"@id\":\"https:\\\/\\\/otazu.com\\\/fr\\\/#\\\/schema\\\/logo\\\/image\\\/\",\"url\":\"https:\\\/\\\/otazu.com\\\/wp-content\\\/uploads\\\/2024\\\/01\\\/Logo.png\",\"contentUrl\":\"https:\\\/\\\/otazu.com\\\/wp-content\\\/uploads\\\/2024\\\/01\\\/Logo.png\",\"width\":1774,\"height\":364,\"caption\":\"Bodega Otazu\"},\"image\":{\"@id\":\"https:\\\/\\\/otazu.com\\\/fr\\\/#\\\/schema\\\/logo\\\/image\\\/\"}}]}<\/script>\n<!-- \/ Yoast SEO plugin. -->","yoast_head_json":{"title":"1Ha. Una Historia. Garnacha | Vin rouge D.O. Navarra","description":"\u00c9labor\u00e9 \u00e0 partir des raisins de notre vignoble Mercedes, il exprime la typicit\u00e9 des sols de gravier et d'argile. Les raisins sont r\u00e9colt\u00e9s et s\u00e9lectionn\u00e9s \u00e0 la main.","robots":{"index":"index","follow":"follow","max-snippet":"max-snippet:-1","max-image-preview":"max-image-preview:large","max-video-preview":"max-video-preview:-1"},"canonical":"https:\/\/otazu.com\/fr\/produitvins\/1ha-una-historia-garnacha\/","og_locale":"fr_FR","og_type":"article","og_title":"1Ha. Una Historia. Garnacha | Vin rouge D.O. Navarra","og_description":"\u00c9labor\u00e9 \u00e0 partir des raisins de notre vignoble Mercedes, il exprime la typicit\u00e9 des sols de gravier et d'argile. Les raisins sont r\u00e9colt\u00e9s et s\u00e9lectionn\u00e9s \u00e0 la main.","og_url":"https:\/\/otazu.com\/fr\/produitvins\/1ha-una-historia-garnacha\/","og_site_name":"Otazu","article_modified_time":"2025-11-19T09:44:51+00:00","og_image":[{"width":680,"height":1000,"url":"https:\/\/otazu.com\/wp-content\/uploads\/2024\/02\/Vinos_Bodega-Otazu_tienda_1haUnaHistoria-Garnacha.png","type":"image\/png"}],"twitter_card":"summary_large_image","twitter_misc":{"Dur\u00e9e de lecture estim\u00e9e":"1 minute"},"schema":{"@context":"https:\/\/schema.org","@graph":[{"@type":"WebPage","@id":"https:\/\/otazu.com\/fr\/produitvins\/1ha-una-historia-garnacha\/","url":"https:\/\/otazu.com\/fr\/produitvins\/1ha-una-historia-garnacha\/","name":"1Ha. Una Historia. Garnacha | Vin rouge D.O. Navarra","isPartOf":{"@id":"https:\/\/otazu.com\/fr\/#website"},"primaryImageOfPage":{"@id":"https:\/\/otazu.com\/fr\/produitvins\/1ha-una-historia-garnacha\/#primaryimage"},"image":{"@id":"https:\/\/otazu.com\/fr\/produitvins\/1ha-una-historia-garnacha\/#primaryimage"},"thumbnailUrl":"https:\/\/otazu.com\/wp-content\/uploads\/2024\/02\/Vinos_Bodega-Otazu_tienda_1haUnaHistoria-Garnacha.png","datePublished":"2024-02-01T10:25:59+00:00","dateModified":"2025-11-19T09:44:51+00:00","description":"\u00c9labor\u00e9 \u00e0 partir des raisins de notre vignoble Mercedes, il exprime la typicit\u00e9 des sols de gravier et d'argile. Les raisins sont r\u00e9colt\u00e9s et s\u00e9lectionn\u00e9s \u00e0 la main.","breadcrumb":{"@id":"https:\/\/otazu.com\/fr\/produitvins\/1ha-una-historia-garnacha\/#breadcrumb"},"inLanguage":"fr-FR","potentialAction":[{"@type":"ReadAction","target":["https:\/\/otazu.com\/fr\/produitvins\/1ha-una-historia-garnacha\/"]}]},{"@type":"ImageObject","inLanguage":"fr-FR","@id":"https:\/\/otazu.com\/fr\/produitvins\/1ha-una-historia-garnacha\/#primaryimage","url":"https:\/\/otazu.com\/wp-content\/uploads\/2024\/02\/Vinos_Bodega-Otazu_tienda_1haUnaHistoria-Garnacha.png","contentUrl":"https:\/\/otazu.com\/wp-content\/uploads\/2024\/02\/Vinos_Bodega-Otazu_tienda_1haUnaHistoria-Garnacha.png","width":680,"height":1000},{"@type":"BreadcrumbList","@id":"https:\/\/otazu.com\/fr\/produitvins\/1ha-una-historia-garnacha\/#breadcrumb","itemListElement":[{"@type":"ListItem","position":1,"name":"Inicio","item":"https:\/\/otazu.com\/fr\/"},{"@type":"ListItem","position":2,"name":"Vins","item":"https:\/\/otazu.com\/fr\/vins\/"},{"@type":"ListItem","position":3,"name":"Vins","item":"https:\/\/otazu.com\/fr\/categoria-producto\/vins\/"},{"@type":"ListItem","position":4,"name":"1Ha. Una Historia. Garnacha 2020"}]},{"@type":"WebSite","@id":"https:\/\/otazu.com\/fr\/#website","url":"https:\/\/otazu.com\/fr\/","name":"Bodega Otazu","description":"Bodega Otazu","publisher":{"@id":"https:\/\/otazu.com\/fr\/#organization"},"potentialAction":[{"@type":"SearchAction","target":{"@type":"EntryPoint","urlTemplate":"https:\/\/otazu.com\/fr\/?s={search_term_string}"},"query-input":{"@type":"PropertyValueSpecification","valueRequired":true,"valueName":"search_term_string"}}],"inLanguage":"fr-FR"},{"@type":"Organization","@id":"https:\/\/otazu.com\/fr\/#organization","name":"Bodega Otazu","url":"https:\/\/otazu.com\/fr\/","logo":{"@type":"ImageObject","inLanguage":"fr-FR","@id":"https:\/\/otazu.com\/fr\/#\/schema\/logo\/image\/","url":"https:\/\/otazu.com\/wp-content\/uploads\/2024\/01\/Logo.png","contentUrl":"https:\/\/otazu.com\/wp-content\/uploads\/2024\/01\/Logo.png","width":1774,"height":364,"caption":"Bodega Otazu"},"image":{"@id":"https:\/\/otazu.com\/fr\/#\/schema\/logo\/image\/"}}]}},"_links":{"self":[{"href":"https:\/\/otazu.com\/fr\/wp-json\/wp\/v2\/product\/8360","targetHints":{"allow":["GET"]}}],"collection":[{"href":"https:\/\/otazu.com\/fr\/wp-json\/wp\/v2\/product"}],"about":[{"href":"https:\/\/otazu.com\/fr\/wp-json\/wp\/v2\/types\/product"}],"version-history":[{"count":5,"href":"https:\/\/otazu.com\/fr\/wp-json\/wp\/v2\/product\/8360\/revisions"}],"predecessor-version":[{"id":10240,"href":"https:\/\/otazu.com\/fr\/wp-json\/wp\/v2\/product\/8360\/revisions\/10240"}],"wp:featuredmedia":[{"embeddable":true,"href":"https:\/\/otazu.com\/fr\/wp-json\/wp\/v2\/media\/8361"}],"wp:attachment":[{"href":"https:\/\/otazu.com\/fr\/wp-json\/wp\/v2\/media?parent=8360"}],"wp:term":[{"taxonomy":"product_brand","embeddable":true,"href":"https:\/\/otazu.com\/fr\/wp-json\/wp\/v2\/product_brand?post=8360"},{"taxonomy":"product_cat","embeddable":true,"href":"https:\/\/otazu.com\/fr\/wp-json\/wp\/v2\/product_cat?post=8360"},{"taxonomy":"product_tag","embeddable":true,"href":"https:\/\/otazu.com\/fr\/wp-json\/wp\/v2\/product_tag?post=8360"}],"curies":[{"name":"wp","href":"https:\/\/api.w.org\/{rel}","templated":true}]}}