{"id":8357,"date":"2024-02-28T11:50:32","date_gmt":"2024-02-28T11:50:32","guid":{"rendered":"https:\/\/otazu.com\/producto\/non%20class\u00e9\/vitrail-otazu\/"},"modified":"2024-05-17T13:09:10","modified_gmt":"2024-05-17T11:09:10","slug":"vitral-de-otazu","status":"publish","type":"product","link":"https:\/\/otazu.com\/fr\/produitvins\/vitral-de-otazu\/","title":{"rendered":"Vitral de Otazu"},"content":{"rendered":"\t\t<div data-elementor-type=\"product-post\" data-elementor-id=\"8357\" class=\"elementor elementor-8357 elementor-4137\" data-elementor-post-type=\"product\">\n\t\t\t\t<div class=\"elementor-element elementor-element-1a5d6679 e-flex e-con-boxed e-con e-parent\" data-id=\"1a5d6679\" data-element_type=\"container\" data-e-type=\"container\">\n\t\t\t\t\t<div class=\"e-con-inner\">\n\t\t\t\t<div class=\"elementor-element elementor-element-7871c562 elementor-widget elementor-widget-text-editor\" data-id=\"7871c562\" data-element_type=\"widget\" data-e-type=\"widget\" data-widget_type=\"text-editor.default\">\n\t\t\t\t<div class=\"elementor-widget-container\">\n\t\t\t\t\t\t\t\t\t<p>Le Vitral de Otazu (D.O.P. Pago de Otazu) est un vin \u00e9labor\u00e9 \u00e0 partir de Cabernet-sauvignon et de merlot. Chaque raisin est soigneusement s\u00e9lectionn\u00e9 lors d\u2019une vendange manuelle, ce qui garantit une qualit\u00e9 sup\u00e9rieure. Apr\u00e8s une vendange manuelle en caisses de 12 kg, les raisins sont \u00e9grapp\u00e9s manuellement baie par baie et subissent une mac\u00e9ration \u00e0 froid d\u2019une semaine \u00e0 4\u00baC, suivie d\u2019une fermentation dans des f\u00fbts neufs de 225 litres en ch\u00eane fran\u00e7ais pendant 15 jours, qui sont retourn\u00e9s \u00e0 six moments diff\u00e9rents de la journ\u00e9e\u00a0\/cinq fois par jour. Mac\u00e9ration post-fermentaire pendant 3 semaines et pressurage manuel dans un pressoir vertical d\u2019une capacit\u00e9 de 100 kg avant la fermentation malolactique en barriques pendant 2 mois \u00e0 15\u00baC.<\/p>\t\t\t\t\t\t\t\t<\/div>\n\t\t\t\t<\/div>\n\t\t\t\t<div class=\"elementor-element elementor-element-336077d elementor-widget-tablet__width-inherit elementor-widget elementor-widget-text-editor\" data-id=\"336077d\" data-element_type=\"widget\" data-e-type=\"widget\" data-widget_type=\"text-editor.default\">\n\t\t\t\t<div class=\"elementor-widget-container\">\n\t\t\t\t\t\t\t\t\t<p>Otazu Wine Club est plus qu&rsquo;une association d&rsquo;amateurs de vin ; c&rsquo;est une communaut\u00e9 d&rsquo;\u00e2mes partageant les m\u00eames id\u00e9es qui comprennent l&rsquo;esth\u00e9tique de la d\u00e9gustation d&rsquo;un bon vin avec la m\u00eame passion que l&rsquo;on appr\u00e9cie une \u0153uvre d&rsquo;art.<\/p>\n\t\t\t\t\t\t\t\t<\/div>\n\t\t\t\t<\/div>\n\t\t\t\t\t<\/div>\n\t\t\t\t<\/div>\n\t\t\t\t<\/div>\n\t\t","protected":false},"excerpt":{"rendered":"<p><span style=\"font-weight: 400;\">Le Vitral de Otazu est un vin issu des vignobles certifi\u00e9s de l&rsquo;AOP Pago de Otazu, avec des raisins de Cabernet Sauvignon et de Merlot.<\/span><\/p>\n","protected":false},"featured_media":8358,"template":"","meta":{"_acf_changed":false},"product_brand":[],"product_cat":[113],"product_tag":[],"class_list":{"0":"post-8357","1":"product","2":"type-product","3":"status-publish","4":"has-post-thumbnail","6":"product_cat-vins","7":"member-discount","8":"discount-restricted","10":"first","11":"outofstock","12":"taxable","13":"shipping-taxable","14":"product-type-simple"},"acf":[],"yoast_head":"<!-- This site is optimized with the Yoast SEO plugin v27.3 - https:\/\/yoast.com\/product\/yoast-seo-wordpress\/ -->\n<title>Vitral de Otazu | Projet artistique de Carlos Cruz-Diez<\/title>\n<meta name=\"description\" content=\"Du mill\u00e9sime 2013 du Vitral de Otazu jusqu&#039;en 2042, cette \u00e9dition se distingue comme l&#039;\u00e9dition la plus sp\u00e9ciale et la plus limit\u00e9e d&#039;Otazu.\" \/>\n<meta name=\"robots\" content=\"index, follow, max-snippet:-1, max-image-preview:large, max-video-preview:-1\" \/>\n<link rel=\"canonical\" href=\"https:\/\/otazu.com\/fr\/produitvins\/vitral-de-otazu\/\" \/>\n<meta property=\"og:locale\" content=\"fr_FR\" \/>\n<meta property=\"og:type\" content=\"article\" \/>\n<meta property=\"og:title\" content=\"Vitral de Otazu | Projet artistique de Carlos Cruz-Diez\" \/>\n<meta property=\"og:description\" content=\"Du mill\u00e9sime 2013 du Vitral de Otazu jusqu&#039;en 2042, cette \u00e9dition se distingue comme l&#039;\u00e9dition la plus sp\u00e9ciale et la plus limit\u00e9e d&#039;Otazu.\" \/>\n<meta property=\"og:url\" content=\"https:\/\/otazu.com\/fr\/produitvins\/vitral-de-otazu\/\" \/>\n<meta property=\"og:site_name\" content=\"Otazu\" \/>\n<meta property=\"article:modified_time\" content=\"2024-05-17T11:09:10+00:00\" \/>\n<meta property=\"og:image\" content=\"https:\/\/otazu.com\/wp-content\/uploads\/2024\/02\/gama-vitral.png\" \/>\n\t<meta property=\"og:image:width\" content=\"680\" \/>\n\t<meta property=\"og:image:height\" content=\"1000\" \/>\n\t<meta property=\"og:image:type\" content=\"image\/png\" \/>\n<meta name=\"twitter:card\" content=\"summary_large_image\" \/>\n<meta name=\"twitter:label1\" content=\"Dur\u00e9e de lecture estim\u00e9e\" \/>\n\t<meta name=\"twitter:data1\" content=\"1 minute\" \/>\n<script type=\"application\/ld+json\" class=\"yoast-schema-graph\">{\"@context\":\"https:\\\/\\\/schema.org\",\"@graph\":[{\"@type\":\"WebPage\",\"@id\":\"https:\\\/\\\/otazu.com\\\/fr\\\/produitvins\\\/vitral-de-otazu\\\/\",\"url\":\"https:\\\/\\\/otazu.com\\\/fr\\\/produitvins\\\/vitral-de-otazu\\\/\",\"name\":\"Vitral de Otazu | Projet artistique de Carlos Cruz-Diez\",\"isPartOf\":{\"@id\":\"https:\\\/\\\/otazu.com\\\/fr\\\/#website\"},\"primaryImageOfPage\":{\"@id\":\"https:\\\/\\\/otazu.com\\\/fr\\\/produitvins\\\/vitral-de-otazu\\\/#primaryimage\"},\"image\":{\"@id\":\"https:\\\/\\\/otazu.com\\\/fr\\\/produitvins\\\/vitral-de-otazu\\\/#primaryimage\"},\"thumbnailUrl\":\"https:\\\/\\\/otazu.com\\\/wp-content\\\/uploads\\\/2024\\\/02\\\/gama-vitral.png\",\"datePublished\":\"2024-02-28T11:50:32+00:00\",\"dateModified\":\"2024-05-17T11:09:10+00:00\",\"description\":\"Du mill\u00e9sime 2013 du Vitral de Otazu jusqu'en 2042, cette \u00e9dition se distingue comme l'\u00e9dition la plus sp\u00e9ciale et la plus limit\u00e9e d'Otazu.\",\"breadcrumb\":{\"@id\":\"https:\\\/\\\/otazu.com\\\/fr\\\/produitvins\\\/vitral-de-otazu\\\/#breadcrumb\"},\"inLanguage\":\"fr-FR\",\"potentialAction\":[{\"@type\":\"ReadAction\",\"target\":[\"https:\\\/\\\/otazu.com\\\/fr\\\/produitvins\\\/vitral-de-otazu\\\/\"]}]},{\"@type\":\"ImageObject\",\"inLanguage\":\"fr-FR\",\"@id\":\"https:\\\/\\\/otazu.com\\\/fr\\\/produitvins\\\/vitral-de-otazu\\\/#primaryimage\",\"url\":\"https:\\\/\\\/otazu.com\\\/wp-content\\\/uploads\\\/2024\\\/02\\\/gama-vitral.png\",\"contentUrl\":\"https:\\\/\\\/otazu.com\\\/wp-content\\\/uploads\\\/2024\\\/02\\\/gama-vitral.png\",\"width\":680,\"height\":1000},{\"@type\":\"BreadcrumbList\",\"@id\":\"https:\\\/\\\/otazu.com\\\/fr\\\/produitvins\\\/vitral-de-otazu\\\/#breadcrumb\",\"itemListElement\":[{\"@type\":\"ListItem\",\"position\":1,\"name\":\"Inicio\",\"item\":\"https:\\\/\\\/otazu.com\\\/fr\\\/\"},{\"@type\":\"ListItem\",\"position\":2,\"name\":\"Vins\",\"item\":\"https:\\\/\\\/otazu.com\\\/fr\\\/vins\\\/\"},{\"@type\":\"ListItem\",\"position\":3,\"name\":\"Vins\",\"item\":\"https:\\\/\\\/otazu.com\\\/fr\\\/categoria-producto\\\/vins\\\/\"},{\"@type\":\"ListItem\",\"position\":4,\"name\":\"Vitral de Otazu\"}]},{\"@type\":\"WebSite\",\"@id\":\"https:\\\/\\\/otazu.com\\\/fr\\\/#website\",\"url\":\"https:\\\/\\\/otazu.com\\\/fr\\\/\",\"name\":\"Bodega Otazu\",\"description\":\"Bodega Otazu\",\"publisher\":{\"@id\":\"https:\\\/\\\/otazu.com\\\/fr\\\/#organization\"},\"potentialAction\":[{\"@type\":\"SearchAction\",\"target\":{\"@type\":\"EntryPoint\",\"urlTemplate\":\"https:\\\/\\\/otazu.com\\\/fr\\\/?s={search_term_string}\"},\"query-input\":{\"@type\":\"PropertyValueSpecification\",\"valueRequired\":true,\"valueName\":\"search_term_string\"}}],\"inLanguage\":\"fr-FR\"},{\"@type\":\"Organization\",\"@id\":\"https:\\\/\\\/otazu.com\\\/fr\\\/#organization\",\"name\":\"Bodega Otazu\",\"url\":\"https:\\\/\\\/otazu.com\\\/fr\\\/\",\"logo\":{\"@type\":\"ImageObject\",\"inLanguage\":\"fr-FR\",\"@id\":\"https:\\\/\\\/otazu.com\\\/fr\\\/#\\\/schema\\\/logo\\\/image\\\/\",\"url\":\"https:\\\/\\\/otazu.com\\\/wp-content\\\/uploads\\\/2024\\\/01\\\/Logo.png\",\"contentUrl\":\"https:\\\/\\\/otazu.com\\\/wp-content\\\/uploads\\\/2024\\\/01\\\/Logo.png\",\"width\":1774,\"height\":364,\"caption\":\"Bodega Otazu\"},\"image\":{\"@id\":\"https:\\\/\\\/otazu.com\\\/fr\\\/#\\\/schema\\\/logo\\\/image\\\/\"}}]}<\/script>\n<!-- \/ Yoast SEO plugin. -->","yoast_head_json":{"title":"Vitral de Otazu | Projet artistique de Carlos Cruz-Diez","description":"Du mill\u00e9sime 2013 du Vitral de Otazu jusqu'en 2042, cette \u00e9dition se distingue comme l'\u00e9dition la plus sp\u00e9ciale et la plus limit\u00e9e d'Otazu.","robots":{"index":"index","follow":"follow","max-snippet":"max-snippet:-1","max-image-preview":"max-image-preview:large","max-video-preview":"max-video-preview:-1"},"canonical":"https:\/\/otazu.com\/fr\/produitvins\/vitral-de-otazu\/","og_locale":"fr_FR","og_type":"article","og_title":"Vitral de Otazu | Projet artistique de Carlos Cruz-Diez","og_description":"Du mill\u00e9sime 2013 du Vitral de Otazu jusqu'en 2042, cette \u00e9dition se distingue comme l'\u00e9dition la plus sp\u00e9ciale et la plus limit\u00e9e d'Otazu.","og_url":"https:\/\/otazu.com\/fr\/produitvins\/vitral-de-otazu\/","og_site_name":"Otazu","article_modified_time":"2024-05-17T11:09:10+00:00","og_image":[{"width":680,"height":1000,"url":"https:\/\/otazu.com\/wp-content\/uploads\/2024\/02\/gama-vitral.png","type":"image\/png"}],"twitter_card":"summary_large_image","twitter_misc":{"Dur\u00e9e de lecture estim\u00e9e":"1 minute"},"schema":{"@context":"https:\/\/schema.org","@graph":[{"@type":"WebPage","@id":"https:\/\/otazu.com\/fr\/produitvins\/vitral-de-otazu\/","url":"https:\/\/otazu.com\/fr\/produitvins\/vitral-de-otazu\/","name":"Vitral de Otazu | Projet artistique de Carlos Cruz-Diez","isPartOf":{"@id":"https:\/\/otazu.com\/fr\/#website"},"primaryImageOfPage":{"@id":"https:\/\/otazu.com\/fr\/produitvins\/vitral-de-otazu\/#primaryimage"},"image":{"@id":"https:\/\/otazu.com\/fr\/produitvins\/vitral-de-otazu\/#primaryimage"},"thumbnailUrl":"https:\/\/otazu.com\/wp-content\/uploads\/2024\/02\/gama-vitral.png","datePublished":"2024-02-28T11:50:32+00:00","dateModified":"2024-05-17T11:09:10+00:00","description":"Du mill\u00e9sime 2013 du Vitral de Otazu jusqu'en 2042, cette \u00e9dition se distingue comme l'\u00e9dition la plus sp\u00e9ciale et la plus limit\u00e9e d'Otazu.","breadcrumb":{"@id":"https:\/\/otazu.com\/fr\/produitvins\/vitral-de-otazu\/#breadcrumb"},"inLanguage":"fr-FR","potentialAction":[{"@type":"ReadAction","target":["https:\/\/otazu.com\/fr\/produitvins\/vitral-de-otazu\/"]}]},{"@type":"ImageObject","inLanguage":"fr-FR","@id":"https:\/\/otazu.com\/fr\/produitvins\/vitral-de-otazu\/#primaryimage","url":"https:\/\/otazu.com\/wp-content\/uploads\/2024\/02\/gama-vitral.png","contentUrl":"https:\/\/otazu.com\/wp-content\/uploads\/2024\/02\/gama-vitral.png","width":680,"height":1000},{"@type":"BreadcrumbList","@id":"https:\/\/otazu.com\/fr\/produitvins\/vitral-de-otazu\/#breadcrumb","itemListElement":[{"@type":"ListItem","position":1,"name":"Inicio","item":"https:\/\/otazu.com\/fr\/"},{"@type":"ListItem","position":2,"name":"Vins","item":"https:\/\/otazu.com\/fr\/vins\/"},{"@type":"ListItem","position":3,"name":"Vins","item":"https:\/\/otazu.com\/fr\/categoria-producto\/vins\/"},{"@type":"ListItem","position":4,"name":"Vitral de Otazu"}]},{"@type":"WebSite","@id":"https:\/\/otazu.com\/fr\/#website","url":"https:\/\/otazu.com\/fr\/","name":"Bodega Otazu","description":"Bodega Otazu","publisher":{"@id":"https:\/\/otazu.com\/fr\/#organization"},"potentialAction":[{"@type":"SearchAction","target":{"@type":"EntryPoint","urlTemplate":"https:\/\/otazu.com\/fr\/?s={search_term_string}"},"query-input":{"@type":"PropertyValueSpecification","valueRequired":true,"valueName":"search_term_string"}}],"inLanguage":"fr-FR"},{"@type":"Organization","@id":"https:\/\/otazu.com\/fr\/#organization","name":"Bodega Otazu","url":"https:\/\/otazu.com\/fr\/","logo":{"@type":"ImageObject","inLanguage":"fr-FR","@id":"https:\/\/otazu.com\/fr\/#\/schema\/logo\/image\/","url":"https:\/\/otazu.com\/wp-content\/uploads\/2024\/01\/Logo.png","contentUrl":"https:\/\/otazu.com\/wp-content\/uploads\/2024\/01\/Logo.png","width":1774,"height":364,"caption":"Bodega Otazu"},"image":{"@id":"https:\/\/otazu.com\/fr\/#\/schema\/logo\/image\/"}}]}},"_links":{"self":[{"href":"https:\/\/otazu.com\/fr\/wp-json\/wp\/v2\/product\/8357","targetHints":{"allow":["GET"]}}],"collection":[{"href":"https:\/\/otazu.com\/fr\/wp-json\/wp\/v2\/product"}],"about":[{"href":"https:\/\/otazu.com\/fr\/wp-json\/wp\/v2\/types\/product"}],"version-history":[{"count":6,"href":"https:\/\/otazu.com\/fr\/wp-json\/wp\/v2\/product\/8357\/revisions"}],"predecessor-version":[{"id":9688,"href":"https:\/\/otazu.com\/fr\/wp-json\/wp\/v2\/product\/8357\/revisions\/9688"}],"wp:featuredmedia":[{"embeddable":true,"href":"https:\/\/otazu.com\/fr\/wp-json\/wp\/v2\/media\/8358"}],"wp:attachment":[{"href":"https:\/\/otazu.com\/fr\/wp-json\/wp\/v2\/media?parent=8357"}],"wp:term":[{"taxonomy":"product_brand","embeddable":true,"href":"https:\/\/otazu.com\/fr\/wp-json\/wp\/v2\/product_brand?post=8357"},{"taxonomy":"product_cat","embeddable":true,"href":"https:\/\/otazu.com\/fr\/wp-json\/wp\/v2\/product_cat?post=8357"},{"taxonomy":"product_tag","embeddable":true,"href":"https:\/\/otazu.com\/fr\/wp-json\/wp\/v2\/product_tag?post=8357"}],"curies":[{"name":"wp","href":"https:\/\/api.w.org\/{rel}","templated":true}]}}