{"id":8171,"date":"2024-02-01T10:25:59","date_gmt":"2024-02-01T09:25:59","guid":{"rendered":"https:\/\/otazu.com\/producto\/non%20class\u00e9\/les-genies-dotazu-2-pablo-armesto\/"},"modified":"2024-05-17T13:08:41","modified_gmt":"2024-05-17T11:08:41","slug":"genios-de-otazu-2-pablo-armesto","status":"publish","type":"product","link":"https:\/\/otazu.com\/fr\/produitvins\/genios-de-otazu-2-pablo-armesto\/","title":{"rendered":"Genios de Otazu #2 &#8211; Pablo Armesto"},"content":{"rendered":"<p><span style=\"font-weight: 400;\">Vin issu des vignobles certifi\u00e9s AOP de Pago de Otazu. Les raisins sont r\u00e9colt\u00e9s \u00e0 la main, ce qui garantit une s\u00e9lection m\u00e9ticuleuse de la meilleure qualit\u00e9. Apr\u00e8s la r\u00e9colte, le vin subit une vinification compl\u00e8te en f\u00fbts de ch\u00eane fran\u00e7ais de 225 litres. Cette m\u00e9thode apporte une complexit\u00e9 et des nuances uniques au vin. En outre, la fermentation malolactique a lieu dans les m\u00eames f\u00fbts, au cours de laquelle les lies sont d\u00e9licatement remu\u00e9es deux fois par semaine afin d&rsquo;enrichir le vin de saveurs plus profondes et d&rsquo;une texture plus onctueuse.<\/span><\/p>\n<p><span style=\"font-weight: 400;\">Pablo Armesto (Schaffhausen, Suisse, 1970) est un peintre, graphiste et cr\u00e9ateur d&rsquo;installations et d&rsquo;\u0153uvres d&rsquo;art public qui travaille en d\u00e9fiant les fronti\u00e8res entre la science, la technologie et l&rsquo;art, en utilisant toutes les ressources \u00e0 sa disposition de mani\u00e8re cr\u00e9ative. Lorsqu&rsquo;il s&rsquo;est agi de concevoir l&rsquo;\u00e9tiquette et la bo\u00eete de cette \u00e9dition, Pablo Armesto a d\u00e9cid\u00e9 de cr\u00e9er un c\u0153ur avec une encre qui brille dans l&rsquo;obscurit\u00e9, transmettant ainsi la sensation d&rsquo;\u00eatre un objet unique et ajoutant la lumi\u00e8re comme \u00e9l\u00e9ment fondamental de son travail. <\/span><\/p>\n","protected":false},"excerpt":{"rendered":"<p>L&rsquo;\u00e9dition, limit\u00e9e \u00e0 600 bouteilles, dont 300 seulement sont disponibles \u00e0 la vente (les 300 autres sont partag\u00e9es entre la cave et l&rsquo;artiste), est pr\u00e9sent\u00e9e dans une \u0153uvre en Corian qui non seulement prot\u00e8ge la bouteille mais interagit \u00e9galement avec elle pour que le vin transcende sa cat\u00e9gorie de produit et soit plac\u00e9 dans le champ de l&rsquo;exp\u00e9rience.<\/p>\n","protected":false},"featured_media":10063,"template":"","meta":{"_acf_changed":false},"product_brand":[],"product_cat":[113],"product_tag":[],"class_list":{"0":"post-8171","1":"product","2":"type-product","3":"status-publish","4":"has-post-thumbnail","6":"product_cat-vins","7":"member-discount","8":"discount-restricted","10":"first","11":"instock","12":"taxable","13":"shipping-taxable","14":"purchasable","15":"product-type-simple"},"acf":[],"yoast_head":"<!-- This site is optimized with the Yoast SEO plugin v27.3 - https:\/\/yoast.com\/product\/yoast-seo-wordpress\/ -->\n<title>Genios de Otazu #2 \u2013 Pablo Armesto | D.O.P. Pago de Otazu<\/title>\n<meta name=\"description\" content=\"Genios de Otazu #2 - Pablo Armesto est une \u00e9dition limit\u00e9e \u00e0 600 bouteilles avec une bouteille et une \u0153uvre d&#039;art cr\u00e9\u00e9es par l&#039;artiste Pablo Armesto.\" \/>\n<meta name=\"robots\" content=\"index, follow, max-snippet:-1, max-image-preview:large, max-video-preview:-1\" \/>\n<link rel=\"canonical\" href=\"https:\/\/otazu.com\/fr\/produitvins\/genios-de-otazu-2-pablo-armesto\/\" \/>\n<meta property=\"og:locale\" content=\"fr_FR\" \/>\n<meta property=\"og:type\" content=\"article\" \/>\n<meta property=\"og:title\" content=\"Genios de Otazu #2 \u2013 Pablo Armesto | D.O.P. Pago de Otazu\" \/>\n<meta property=\"og:description\" content=\"Genios de Otazu #2 - Pablo Armesto est une \u00e9dition limit\u00e9e \u00e0 600 bouteilles avec une bouteille et une \u0153uvre d&#039;art cr\u00e9\u00e9es par l&#039;artiste Pablo Armesto.\" \/>\n<meta property=\"og:url\" content=\"https:\/\/otazu.com\/fr\/produitvins\/genios-de-otazu-2-pablo-armesto\/\" \/>\n<meta property=\"og:site_name\" content=\"Otazu\" \/>\n<meta property=\"article:modified_time\" content=\"2024-05-17T11:08:41+00:00\" \/>\n<meta property=\"og:image\" content=\"https:\/\/otazu.com\/wp-content\/uploads\/2024\/02\/FT-M-BOTTLE-1.png\" \/>\n\t<meta property=\"og:image:width\" content=\"680\" \/>\n\t<meta property=\"og:image:height\" content=\"1000\" \/>\n\t<meta property=\"og:image:type\" content=\"image\/png\" \/>\n<meta name=\"twitter:card\" content=\"summary_large_image\" \/>\n<meta name=\"twitter:label1\" content=\"Dur\u00e9e de lecture estim\u00e9e\" \/>\n\t<meta name=\"twitter:data1\" content=\"2 minutes\" \/>\n<script type=\"application\/ld+json\" class=\"yoast-schema-graph\">{\"@context\":\"https:\\\/\\\/schema.org\",\"@graph\":[{\"@type\":\"WebPage\",\"@id\":\"https:\\\/\\\/otazu.com\\\/fr\\\/produitvins\\\/genios-de-otazu-2-pablo-armesto\\\/\",\"url\":\"https:\\\/\\\/otazu.com\\\/fr\\\/produitvins\\\/genios-de-otazu-2-pablo-armesto\\\/\",\"name\":\"Genios de Otazu #2 \u2013 Pablo Armesto | D.O.P. Pago de Otazu\",\"isPartOf\":{\"@id\":\"https:\\\/\\\/otazu.com\\\/fr\\\/#website\"},\"primaryImageOfPage\":{\"@id\":\"https:\\\/\\\/otazu.com\\\/fr\\\/produitvins\\\/genios-de-otazu-2-pablo-armesto\\\/#primaryimage\"},\"image\":{\"@id\":\"https:\\\/\\\/otazu.com\\\/fr\\\/produitvins\\\/genios-de-otazu-2-pablo-armesto\\\/#primaryimage\"},\"thumbnailUrl\":\"https:\\\/\\\/otazu.com\\\/wp-content\\\/uploads\\\/2024\\\/02\\\/FT-M-BOTTLE-1.png\",\"datePublished\":\"2024-02-01T09:25:59+00:00\",\"dateModified\":\"2024-05-17T11:08:41+00:00\",\"description\":\"Genios de Otazu #2 - Pablo Armesto est une \u00e9dition limit\u00e9e \u00e0 600 bouteilles avec une bouteille et une \u0153uvre d'art cr\u00e9\u00e9es par l'artiste Pablo Armesto.\",\"breadcrumb\":{\"@id\":\"https:\\\/\\\/otazu.com\\\/fr\\\/produitvins\\\/genios-de-otazu-2-pablo-armesto\\\/#breadcrumb\"},\"inLanguage\":\"fr-FR\",\"potentialAction\":[{\"@type\":\"ReadAction\",\"target\":[\"https:\\\/\\\/otazu.com\\\/fr\\\/produitvins\\\/genios-de-otazu-2-pablo-armesto\\\/\"]}]},{\"@type\":\"ImageObject\",\"inLanguage\":\"fr-FR\",\"@id\":\"https:\\\/\\\/otazu.com\\\/fr\\\/produitvins\\\/genios-de-otazu-2-pablo-armesto\\\/#primaryimage\",\"url\":\"https:\\\/\\\/otazu.com\\\/wp-content\\\/uploads\\\/2024\\\/02\\\/FT-M-BOTTLE-1.png\",\"contentUrl\":\"https:\\\/\\\/otazu.com\\\/wp-content\\\/uploads\\\/2024\\\/02\\\/FT-M-BOTTLE-1.png\",\"width\":680,\"height\":1000},{\"@type\":\"BreadcrumbList\",\"@id\":\"https:\\\/\\\/otazu.com\\\/fr\\\/produitvins\\\/genios-de-otazu-2-pablo-armesto\\\/#breadcrumb\",\"itemListElement\":[{\"@type\":\"ListItem\",\"position\":1,\"name\":\"Inicio\",\"item\":\"https:\\\/\\\/otazu.com\\\/fr\\\/\"},{\"@type\":\"ListItem\",\"position\":2,\"name\":\"Vins\",\"item\":\"https:\\\/\\\/otazu.com\\\/fr\\\/vins\\\/\"},{\"@type\":\"ListItem\",\"position\":3,\"name\":\"Vins\",\"item\":\"https:\\\/\\\/otazu.com\\\/fr\\\/categoria-producto\\\/vins\\\/\"},{\"@type\":\"ListItem\",\"position\":4,\"name\":\"Genios de Otazu #2 &#8211; Pablo Armesto\"}]},{\"@type\":\"WebSite\",\"@id\":\"https:\\\/\\\/otazu.com\\\/fr\\\/#website\",\"url\":\"https:\\\/\\\/otazu.com\\\/fr\\\/\",\"name\":\"Bodega Otazu\",\"description\":\"Bodega Otazu\",\"publisher\":{\"@id\":\"https:\\\/\\\/otazu.com\\\/fr\\\/#organization\"},\"potentialAction\":[{\"@type\":\"SearchAction\",\"target\":{\"@type\":\"EntryPoint\",\"urlTemplate\":\"https:\\\/\\\/otazu.com\\\/fr\\\/?s={search_term_string}\"},\"query-input\":{\"@type\":\"PropertyValueSpecification\",\"valueRequired\":true,\"valueName\":\"search_term_string\"}}],\"inLanguage\":\"fr-FR\"},{\"@type\":\"Organization\",\"@id\":\"https:\\\/\\\/otazu.com\\\/fr\\\/#organization\",\"name\":\"Bodega Otazu\",\"url\":\"https:\\\/\\\/otazu.com\\\/fr\\\/\",\"logo\":{\"@type\":\"ImageObject\",\"inLanguage\":\"fr-FR\",\"@id\":\"https:\\\/\\\/otazu.com\\\/fr\\\/#\\\/schema\\\/logo\\\/image\\\/\",\"url\":\"https:\\\/\\\/otazu.com\\\/wp-content\\\/uploads\\\/2024\\\/01\\\/Logo.png\",\"contentUrl\":\"https:\\\/\\\/otazu.com\\\/wp-content\\\/uploads\\\/2024\\\/01\\\/Logo.png\",\"width\":1774,\"height\":364,\"caption\":\"Bodega Otazu\"},\"image\":{\"@id\":\"https:\\\/\\\/otazu.com\\\/fr\\\/#\\\/schema\\\/logo\\\/image\\\/\"}}]}<\/script>\n<!-- \/ Yoast SEO plugin. -->","yoast_head_json":{"title":"Genios de Otazu #2 \u2013 Pablo Armesto | D.O.P. Pago de Otazu","description":"Genios de Otazu #2 - Pablo Armesto est une \u00e9dition limit\u00e9e \u00e0 600 bouteilles avec une bouteille et une \u0153uvre d'art cr\u00e9\u00e9es par l'artiste Pablo Armesto.","robots":{"index":"index","follow":"follow","max-snippet":"max-snippet:-1","max-image-preview":"max-image-preview:large","max-video-preview":"max-video-preview:-1"},"canonical":"https:\/\/otazu.com\/fr\/produitvins\/genios-de-otazu-2-pablo-armesto\/","og_locale":"fr_FR","og_type":"article","og_title":"Genios de Otazu #2 \u2013 Pablo Armesto | D.O.P. Pago de Otazu","og_description":"Genios de Otazu #2 - Pablo Armesto est une \u00e9dition limit\u00e9e \u00e0 600 bouteilles avec une bouteille et une \u0153uvre d'art cr\u00e9\u00e9es par l'artiste Pablo Armesto.","og_url":"https:\/\/otazu.com\/fr\/produitvins\/genios-de-otazu-2-pablo-armesto\/","og_site_name":"Otazu","article_modified_time":"2024-05-17T11:08:41+00:00","og_image":[{"width":680,"height":1000,"url":"https:\/\/otazu.com\/wp-content\/uploads\/2024\/02\/FT-M-BOTTLE-1.png","type":"image\/png"}],"twitter_card":"summary_large_image","twitter_misc":{"Dur\u00e9e de lecture estim\u00e9e":"2 minutes"},"schema":{"@context":"https:\/\/schema.org","@graph":[{"@type":"WebPage","@id":"https:\/\/otazu.com\/fr\/produitvins\/genios-de-otazu-2-pablo-armesto\/","url":"https:\/\/otazu.com\/fr\/produitvins\/genios-de-otazu-2-pablo-armesto\/","name":"Genios de Otazu #2 \u2013 Pablo Armesto | D.O.P. Pago de Otazu","isPartOf":{"@id":"https:\/\/otazu.com\/fr\/#website"},"primaryImageOfPage":{"@id":"https:\/\/otazu.com\/fr\/produitvins\/genios-de-otazu-2-pablo-armesto\/#primaryimage"},"image":{"@id":"https:\/\/otazu.com\/fr\/produitvins\/genios-de-otazu-2-pablo-armesto\/#primaryimage"},"thumbnailUrl":"https:\/\/otazu.com\/wp-content\/uploads\/2024\/02\/FT-M-BOTTLE-1.png","datePublished":"2024-02-01T09:25:59+00:00","dateModified":"2024-05-17T11:08:41+00:00","description":"Genios de Otazu #2 - Pablo Armesto est une \u00e9dition limit\u00e9e \u00e0 600 bouteilles avec une bouteille et une \u0153uvre d'art cr\u00e9\u00e9es par l'artiste Pablo Armesto.","breadcrumb":{"@id":"https:\/\/otazu.com\/fr\/produitvins\/genios-de-otazu-2-pablo-armesto\/#breadcrumb"},"inLanguage":"fr-FR","potentialAction":[{"@type":"ReadAction","target":["https:\/\/otazu.com\/fr\/produitvins\/genios-de-otazu-2-pablo-armesto\/"]}]},{"@type":"ImageObject","inLanguage":"fr-FR","@id":"https:\/\/otazu.com\/fr\/produitvins\/genios-de-otazu-2-pablo-armesto\/#primaryimage","url":"https:\/\/otazu.com\/wp-content\/uploads\/2024\/02\/FT-M-BOTTLE-1.png","contentUrl":"https:\/\/otazu.com\/wp-content\/uploads\/2024\/02\/FT-M-BOTTLE-1.png","width":680,"height":1000},{"@type":"BreadcrumbList","@id":"https:\/\/otazu.com\/fr\/produitvins\/genios-de-otazu-2-pablo-armesto\/#breadcrumb","itemListElement":[{"@type":"ListItem","position":1,"name":"Inicio","item":"https:\/\/otazu.com\/fr\/"},{"@type":"ListItem","position":2,"name":"Vins","item":"https:\/\/otazu.com\/fr\/vins\/"},{"@type":"ListItem","position":3,"name":"Vins","item":"https:\/\/otazu.com\/fr\/categoria-producto\/vins\/"},{"@type":"ListItem","position":4,"name":"Genios de Otazu #2 &#8211; Pablo Armesto"}]},{"@type":"WebSite","@id":"https:\/\/otazu.com\/fr\/#website","url":"https:\/\/otazu.com\/fr\/","name":"Bodega Otazu","description":"Bodega Otazu","publisher":{"@id":"https:\/\/otazu.com\/fr\/#organization"},"potentialAction":[{"@type":"SearchAction","target":{"@type":"EntryPoint","urlTemplate":"https:\/\/otazu.com\/fr\/?s={search_term_string}"},"query-input":{"@type":"PropertyValueSpecification","valueRequired":true,"valueName":"search_term_string"}}],"inLanguage":"fr-FR"},{"@type":"Organization","@id":"https:\/\/otazu.com\/fr\/#organization","name":"Bodega Otazu","url":"https:\/\/otazu.com\/fr\/","logo":{"@type":"ImageObject","inLanguage":"fr-FR","@id":"https:\/\/otazu.com\/fr\/#\/schema\/logo\/image\/","url":"https:\/\/otazu.com\/wp-content\/uploads\/2024\/01\/Logo.png","contentUrl":"https:\/\/otazu.com\/wp-content\/uploads\/2024\/01\/Logo.png","width":1774,"height":364,"caption":"Bodega Otazu"},"image":{"@id":"https:\/\/otazu.com\/fr\/#\/schema\/logo\/image\/"}}]}},"_links":{"self":[{"href":"https:\/\/otazu.com\/fr\/wp-json\/wp\/v2\/product\/8171","targetHints":{"allow":["GET"]}}],"collection":[{"href":"https:\/\/otazu.com\/fr\/wp-json\/wp\/v2\/product"}],"about":[{"href":"https:\/\/otazu.com\/fr\/wp-json\/wp\/v2\/types\/product"}],"version-history":[{"count":3,"href":"https:\/\/otazu.com\/fr\/wp-json\/wp\/v2\/product\/8171\/revisions"}],"predecessor-version":[{"id":9687,"href":"https:\/\/otazu.com\/fr\/wp-json\/wp\/v2\/product\/8171\/revisions\/9687"}],"wp:featuredmedia":[{"embeddable":true,"href":"https:\/\/otazu.com\/fr\/wp-json\/wp\/v2\/media\/10063"}],"wp:attachment":[{"href":"https:\/\/otazu.com\/fr\/wp-json\/wp\/v2\/media?parent=8171"}],"wp:term":[{"taxonomy":"product_brand","embeddable":true,"href":"https:\/\/otazu.com\/fr\/wp-json\/wp\/v2\/product_brand?post=8171"},{"taxonomy":"product_cat","embeddable":true,"href":"https:\/\/otazu.com\/fr\/wp-json\/wp\/v2\/product_cat?post=8171"},{"taxonomy":"product_tag","embeddable":true,"href":"https:\/\/otazu.com\/fr\/wp-json\/wp\/v2\/product_tag?post=8171"}],"curies":[{"name":"wp","href":"https:\/\/api.w.org\/{rel}","templated":true}]}}