{"id":8162,"date":"2024-02-01T10:25:59","date_gmt":"2024-02-01T09:25:59","guid":{"rendered":"https:\/\/otazu.com\/producto\/non%20class\u00e9\/genios-de-otazu-1-david-magan\/"},"modified":"2024-05-17T13:08:16","modified_gmt":"2024-05-17T11:08:16","slug":"genios-de-otazu-1-david-magan","status":"publish","type":"product","link":"https:\/\/otazu.com\/fr\/produitvins\/genios-de-otazu-1-david-magan\/","title":{"rendered":"Genios de Otazu #1 &#8211; David Mag\u00e1n"},"content":{"rendered":"<p><span style=\"font-weight: 400;\">Vin issu des vignobles certifi\u00e9s AOP de Pago de Otazu. Les raisins sont r\u00e9colt\u00e9s \u00e0 la main, ce qui garantit une s\u00e9lection m\u00e9ticuleuse de la meilleure qualit\u00e9. Apr\u00e8s la r\u00e9colte, le vin subit une vinification compl\u00e8te en f\u00fbts de ch\u00eane fran\u00e7ais de 225 litres. Cette m\u00e9thode apporte une complexit\u00e9 et des nuances uniques au vin. En outre, la fermentation malolactique a lieu dans les m\u00eames f\u00fbts, au cours de laquelle les lies sont d\u00e9licatement remu\u00e9es deux fois par semaine afin d&rsquo;enrichir le vin de saveurs plus profondes et d&rsquo;une texture plus onctueuse.<\/span><\/p>\n<p><span style=\"font-weight: 400;\">David Mag\u00e1n (Madrid, 1979) a suivi une formation \u00e0 la Escuela de Artes y Oficios de Madrid. Son travail s&rsquo;inscrit dans le domaine de la sculpture et de l&rsquo;installation, et explore ses possibilit\u00e9s en relation avec l&rsquo;espace dans lequel il se trouve. Ses pi\u00e8ces se pr\u00e9sentent comme des modules g\u00e9om\u00e9triques, con\u00e7us en verre ou en m\u00e9thacrylate, qui inondent de couleurs l&rsquo;espace dans lequel ils se trouvent lorsque la lumi\u00e8re p\u00e9n\u00e8tre leur surface. Loin d&rsquo;\u00eatre de simples objets esth\u00e9tiques, les \u0153uvres cr\u00e9\u00e9es par David Mag\u00e1n sont des \u00e9l\u00e9ments dynamiques qui se transforment en fonction de l&rsquo;endroit o\u00f9 se trouve le spectateur et des possibilit\u00e9s constructives de l&rsquo;\u0153uvre elle-m\u00eame.<\/span><\/p>\n<p><span style=\"font-weight: 400;\">\u00ab\u00a0Le grand d\u00e9fi auquel j&rsquo;ai \u00e9t\u00e9 confront\u00e9 avec ce projet \u00e9tait de faire entrer la couleur du mat\u00e9riau des tonneaux d\u00e9construits (\u00e0 la fois la partie ext\u00e9rieure du bois et la partie impr\u00e9gn\u00e9e de la couleur du vin) dans l&rsquo;espace et, en m\u00eame temps, de produire une \u0153uvre qui \u00e9tait dans mon langage et qui travaillait sur mes principales pr\u00e9occupations plastiques : modularit\u00e9, fusion chromatique, lumi\u00e8re. Je voulais construire l&rsquo;espace \u00e0 travers le plan et impliquer activement le spectateur dans la compr\u00e9hension et la d\u00e9couverte de l&rsquo;\u0153uvre. Le r\u00e9sultat auquel je suis parvenu est la cr\u00e9ation d&rsquo;une sorte de sculpture virtuelle qui flotte au centre d&rsquo;un \u00e9cran de 3 x 3 m\u00e8tres. Une \u0153uvre de lumi\u00e8re qui change en fonction de la position du spectateur et qui travaille aux limites du dessin et de la sculpture, du physique et de l&rsquo;\u00e9th\u00e9r\u00e9\u00a0\u00bb.<\/span><\/p>\n","protected":false},"excerpt":{"rendered":"<p>Cette \u00e9dition, limit\u00e9e \u00e0 600 bouteilles, dont 300 seulement sont disponibles \u00e0 la vente (les 300 autres sont partag\u00e9es entre la cave et l&rsquo;artiste), est pr\u00e9sent\u00e9e dans une \u0153uvre en m\u00e9thacrylate qui non seulement prot\u00e8ge la bouteille mais interagit avec elle pour que le vin transcende sa cat\u00e9gorie de produit et soit plac\u00e9 dans le champ de l&rsquo;exp\u00e9rience.<\/p>\n","protected":false},"featured_media":8163,"template":"","meta":{"_acf_changed":false},"product_brand":[],"product_cat":[113],"product_tag":[],"class_list":{"0":"post-8162","1":"product","2":"type-product","3":"status-publish","4":"has-post-thumbnail","6":"product_cat-vins","7":"member-discount","8":"discount-restricted","10":"first","11":"instock","12":"taxable","13":"shipping-taxable","14":"purchasable","15":"product-type-simple"},"acf":[],"yoast_head":"<!-- This site is optimized with the Yoast SEO plugin v27.3 - https:\/\/yoast.com\/product\/yoast-seo-wordpress\/ -->\n<title>Genios de Otazu #1 \u2013 David Mag\u00e1n | D.O.P. Pago de Otazu<\/title>\n<meta name=\"description\" content=\"Genios de Otazu #1 - David Mag\u00e1n est une \u00e9dition limit\u00e9e \u00e0 600 bouteilles avec une bouteille et une \u0153uvre d&#039;art cr\u00e9\u00e9es par l&#039;artiste David Mag\u00e1n.\" \/>\n<meta name=\"robots\" content=\"index, follow, max-snippet:-1, max-image-preview:large, max-video-preview:-1\" \/>\n<link rel=\"canonical\" href=\"https:\/\/otazu.com\/fr\/produitvins\/genios-de-otazu-1-david-magan\/\" \/>\n<meta property=\"og:locale\" content=\"fr_FR\" \/>\n<meta property=\"og:type\" content=\"article\" \/>\n<meta property=\"og:title\" content=\"Genios de Otazu #1 \u2013 David Mag\u00e1n | D.O.P. Pago de Otazu\" \/>\n<meta property=\"og:description\" content=\"Genios de Otazu #1 - David Mag\u00e1n est une \u00e9dition limit\u00e9e \u00e0 600 bouteilles avec une bouteille et une \u0153uvre d&#039;art cr\u00e9\u00e9es par l&#039;artiste David Mag\u00e1n.\" \/>\n<meta property=\"og:url\" content=\"https:\/\/otazu.com\/fr\/produitvins\/genios-de-otazu-1-david-magan\/\" \/>\n<meta property=\"og:site_name\" content=\"Otazu\" \/>\n<meta property=\"article:modified_time\" content=\"2024-05-17T11:08:16+00:00\" \/>\n<meta property=\"og:image\" content=\"https:\/\/otazu.com\/wp-content\/uploads\/2024\/02\/Vinos_Bodega-Otazu_tienda_Genios-de-Otazu-1-David-Magan.png\" \/>\n\t<meta property=\"og:image:width\" content=\"680\" \/>\n\t<meta property=\"og:image:height\" content=\"1000\" \/>\n\t<meta property=\"og:image:type\" content=\"image\/png\" \/>\n<meta name=\"twitter:card\" content=\"summary_large_image\" \/>\n<meta name=\"twitter:label1\" content=\"Dur\u00e9e de lecture estim\u00e9e\" \/>\n\t<meta name=\"twitter:data1\" content=\"2 minutes\" \/>\n<script type=\"application\/ld+json\" class=\"yoast-schema-graph\">{\"@context\":\"https:\\\/\\\/schema.org\",\"@graph\":[{\"@type\":\"WebPage\",\"@id\":\"https:\\\/\\\/otazu.com\\\/fr\\\/produitvins\\\/genios-de-otazu-1-david-magan\\\/\",\"url\":\"https:\\\/\\\/otazu.com\\\/fr\\\/produitvins\\\/genios-de-otazu-1-david-magan\\\/\",\"name\":\"Genios de Otazu #1 \u2013 David Mag\u00e1n | D.O.P. Pago de Otazu\",\"isPartOf\":{\"@id\":\"https:\\\/\\\/otazu.com\\\/fr\\\/#website\"},\"primaryImageOfPage\":{\"@id\":\"https:\\\/\\\/otazu.com\\\/fr\\\/produitvins\\\/genios-de-otazu-1-david-magan\\\/#primaryimage\"},\"image\":{\"@id\":\"https:\\\/\\\/otazu.com\\\/fr\\\/produitvins\\\/genios-de-otazu-1-david-magan\\\/#primaryimage\"},\"thumbnailUrl\":\"https:\\\/\\\/otazu.com\\\/wp-content\\\/uploads\\\/2024\\\/02\\\/Vinos_Bodega-Otazu_tienda_Genios-de-Otazu-1-David-Magan.png\",\"datePublished\":\"2024-02-01T09:25:59+00:00\",\"dateModified\":\"2024-05-17T11:08:16+00:00\",\"description\":\"Genios de Otazu #1 - David Mag\u00e1n est une \u00e9dition limit\u00e9e \u00e0 600 bouteilles avec une bouteille et une \u0153uvre d'art cr\u00e9\u00e9es par l'artiste David Mag\u00e1n.\",\"breadcrumb\":{\"@id\":\"https:\\\/\\\/otazu.com\\\/fr\\\/produitvins\\\/genios-de-otazu-1-david-magan\\\/#breadcrumb\"},\"inLanguage\":\"fr-FR\",\"potentialAction\":[{\"@type\":\"ReadAction\",\"target\":[\"https:\\\/\\\/otazu.com\\\/fr\\\/produitvins\\\/genios-de-otazu-1-david-magan\\\/\"]}]},{\"@type\":\"ImageObject\",\"inLanguage\":\"fr-FR\",\"@id\":\"https:\\\/\\\/otazu.com\\\/fr\\\/produitvins\\\/genios-de-otazu-1-david-magan\\\/#primaryimage\",\"url\":\"https:\\\/\\\/otazu.com\\\/wp-content\\\/uploads\\\/2024\\\/02\\\/Vinos_Bodega-Otazu_tienda_Genios-de-Otazu-1-David-Magan.png\",\"contentUrl\":\"https:\\\/\\\/otazu.com\\\/wp-content\\\/uploads\\\/2024\\\/02\\\/Vinos_Bodega-Otazu_tienda_Genios-de-Otazu-1-David-Magan.png\",\"width\":680,\"height\":1000},{\"@type\":\"BreadcrumbList\",\"@id\":\"https:\\\/\\\/otazu.com\\\/fr\\\/produitvins\\\/genios-de-otazu-1-david-magan\\\/#breadcrumb\",\"itemListElement\":[{\"@type\":\"ListItem\",\"position\":1,\"name\":\"Inicio\",\"item\":\"https:\\\/\\\/otazu.com\\\/fr\\\/\"},{\"@type\":\"ListItem\",\"position\":2,\"name\":\"Vins\",\"item\":\"https:\\\/\\\/otazu.com\\\/fr\\\/vins\\\/\"},{\"@type\":\"ListItem\",\"position\":3,\"name\":\"Vins\",\"item\":\"https:\\\/\\\/otazu.com\\\/fr\\\/categoria-producto\\\/vins\\\/\"},{\"@type\":\"ListItem\",\"position\":4,\"name\":\"Genios de Otazu #1 &#8211; David Mag\u00e1n\"}]},{\"@type\":\"WebSite\",\"@id\":\"https:\\\/\\\/otazu.com\\\/fr\\\/#website\",\"url\":\"https:\\\/\\\/otazu.com\\\/fr\\\/\",\"name\":\"Bodega Otazu\",\"description\":\"Bodega Otazu\",\"publisher\":{\"@id\":\"https:\\\/\\\/otazu.com\\\/fr\\\/#organization\"},\"potentialAction\":[{\"@type\":\"SearchAction\",\"target\":{\"@type\":\"EntryPoint\",\"urlTemplate\":\"https:\\\/\\\/otazu.com\\\/fr\\\/?s={search_term_string}\"},\"query-input\":{\"@type\":\"PropertyValueSpecification\",\"valueRequired\":true,\"valueName\":\"search_term_string\"}}],\"inLanguage\":\"fr-FR\"},{\"@type\":\"Organization\",\"@id\":\"https:\\\/\\\/otazu.com\\\/fr\\\/#organization\",\"name\":\"Bodega Otazu\",\"url\":\"https:\\\/\\\/otazu.com\\\/fr\\\/\",\"logo\":{\"@type\":\"ImageObject\",\"inLanguage\":\"fr-FR\",\"@id\":\"https:\\\/\\\/otazu.com\\\/fr\\\/#\\\/schema\\\/logo\\\/image\\\/\",\"url\":\"https:\\\/\\\/otazu.com\\\/wp-content\\\/uploads\\\/2024\\\/01\\\/Logo.png\",\"contentUrl\":\"https:\\\/\\\/otazu.com\\\/wp-content\\\/uploads\\\/2024\\\/01\\\/Logo.png\",\"width\":1774,\"height\":364,\"caption\":\"Bodega Otazu\"},\"image\":{\"@id\":\"https:\\\/\\\/otazu.com\\\/fr\\\/#\\\/schema\\\/logo\\\/image\\\/\"}}]}<\/script>\n<!-- \/ Yoast SEO plugin. -->","yoast_head_json":{"title":"Genios de Otazu #1 \u2013 David Mag\u00e1n | D.O.P. Pago de Otazu","description":"Genios de Otazu #1 - David Mag\u00e1n est une \u00e9dition limit\u00e9e \u00e0 600 bouteilles avec une bouteille et une \u0153uvre d'art cr\u00e9\u00e9es par l'artiste David Mag\u00e1n.","robots":{"index":"index","follow":"follow","max-snippet":"max-snippet:-1","max-image-preview":"max-image-preview:large","max-video-preview":"max-video-preview:-1"},"canonical":"https:\/\/otazu.com\/fr\/produitvins\/genios-de-otazu-1-david-magan\/","og_locale":"fr_FR","og_type":"article","og_title":"Genios de Otazu #1 \u2013 David Mag\u00e1n | D.O.P. Pago de Otazu","og_description":"Genios de Otazu #1 - David Mag\u00e1n est une \u00e9dition limit\u00e9e \u00e0 600 bouteilles avec une bouteille et une \u0153uvre d'art cr\u00e9\u00e9es par l'artiste David Mag\u00e1n.","og_url":"https:\/\/otazu.com\/fr\/produitvins\/genios-de-otazu-1-david-magan\/","og_site_name":"Otazu","article_modified_time":"2024-05-17T11:08:16+00:00","og_image":[{"width":680,"height":1000,"url":"https:\/\/otazu.com\/wp-content\/uploads\/2024\/02\/Vinos_Bodega-Otazu_tienda_Genios-de-Otazu-1-David-Magan.png","type":"image\/png"}],"twitter_card":"summary_large_image","twitter_misc":{"Dur\u00e9e de lecture estim\u00e9e":"2 minutes"},"schema":{"@context":"https:\/\/schema.org","@graph":[{"@type":"WebPage","@id":"https:\/\/otazu.com\/fr\/produitvins\/genios-de-otazu-1-david-magan\/","url":"https:\/\/otazu.com\/fr\/produitvins\/genios-de-otazu-1-david-magan\/","name":"Genios de Otazu #1 \u2013 David Mag\u00e1n | D.O.P. Pago de Otazu","isPartOf":{"@id":"https:\/\/otazu.com\/fr\/#website"},"primaryImageOfPage":{"@id":"https:\/\/otazu.com\/fr\/produitvins\/genios-de-otazu-1-david-magan\/#primaryimage"},"image":{"@id":"https:\/\/otazu.com\/fr\/produitvins\/genios-de-otazu-1-david-magan\/#primaryimage"},"thumbnailUrl":"https:\/\/otazu.com\/wp-content\/uploads\/2024\/02\/Vinos_Bodega-Otazu_tienda_Genios-de-Otazu-1-David-Magan.png","datePublished":"2024-02-01T09:25:59+00:00","dateModified":"2024-05-17T11:08:16+00:00","description":"Genios de Otazu #1 - David Mag\u00e1n est une \u00e9dition limit\u00e9e \u00e0 600 bouteilles avec une bouteille et une \u0153uvre d'art cr\u00e9\u00e9es par l'artiste David Mag\u00e1n.","breadcrumb":{"@id":"https:\/\/otazu.com\/fr\/produitvins\/genios-de-otazu-1-david-magan\/#breadcrumb"},"inLanguage":"fr-FR","potentialAction":[{"@type":"ReadAction","target":["https:\/\/otazu.com\/fr\/produitvins\/genios-de-otazu-1-david-magan\/"]}]},{"@type":"ImageObject","inLanguage":"fr-FR","@id":"https:\/\/otazu.com\/fr\/produitvins\/genios-de-otazu-1-david-magan\/#primaryimage","url":"https:\/\/otazu.com\/wp-content\/uploads\/2024\/02\/Vinos_Bodega-Otazu_tienda_Genios-de-Otazu-1-David-Magan.png","contentUrl":"https:\/\/otazu.com\/wp-content\/uploads\/2024\/02\/Vinos_Bodega-Otazu_tienda_Genios-de-Otazu-1-David-Magan.png","width":680,"height":1000},{"@type":"BreadcrumbList","@id":"https:\/\/otazu.com\/fr\/produitvins\/genios-de-otazu-1-david-magan\/#breadcrumb","itemListElement":[{"@type":"ListItem","position":1,"name":"Inicio","item":"https:\/\/otazu.com\/fr\/"},{"@type":"ListItem","position":2,"name":"Vins","item":"https:\/\/otazu.com\/fr\/vins\/"},{"@type":"ListItem","position":3,"name":"Vins","item":"https:\/\/otazu.com\/fr\/categoria-producto\/vins\/"},{"@type":"ListItem","position":4,"name":"Genios de Otazu #1 &#8211; David Mag\u00e1n"}]},{"@type":"WebSite","@id":"https:\/\/otazu.com\/fr\/#website","url":"https:\/\/otazu.com\/fr\/","name":"Bodega Otazu","description":"Bodega Otazu","publisher":{"@id":"https:\/\/otazu.com\/fr\/#organization"},"potentialAction":[{"@type":"SearchAction","target":{"@type":"EntryPoint","urlTemplate":"https:\/\/otazu.com\/fr\/?s={search_term_string}"},"query-input":{"@type":"PropertyValueSpecification","valueRequired":true,"valueName":"search_term_string"}}],"inLanguage":"fr-FR"},{"@type":"Organization","@id":"https:\/\/otazu.com\/fr\/#organization","name":"Bodega Otazu","url":"https:\/\/otazu.com\/fr\/","logo":{"@type":"ImageObject","inLanguage":"fr-FR","@id":"https:\/\/otazu.com\/fr\/#\/schema\/logo\/image\/","url":"https:\/\/otazu.com\/wp-content\/uploads\/2024\/01\/Logo.png","contentUrl":"https:\/\/otazu.com\/wp-content\/uploads\/2024\/01\/Logo.png","width":1774,"height":364,"caption":"Bodega Otazu"},"image":{"@id":"https:\/\/otazu.com\/fr\/#\/schema\/logo\/image\/"}}]}},"_links":{"self":[{"href":"https:\/\/otazu.com\/fr\/wp-json\/wp\/v2\/product\/8162","targetHints":{"allow":["GET"]}}],"collection":[{"href":"https:\/\/otazu.com\/fr\/wp-json\/wp\/v2\/product"}],"about":[{"href":"https:\/\/otazu.com\/fr\/wp-json\/wp\/v2\/types\/product"}],"version-history":[{"count":2,"href":"https:\/\/otazu.com\/fr\/wp-json\/wp\/v2\/product\/8162\/revisions"}],"predecessor-version":[{"id":9686,"href":"https:\/\/otazu.com\/fr\/wp-json\/wp\/v2\/product\/8162\/revisions\/9686"}],"wp:featuredmedia":[{"embeddable":true,"href":"https:\/\/otazu.com\/fr\/wp-json\/wp\/v2\/media\/8163"}],"wp:attachment":[{"href":"https:\/\/otazu.com\/fr\/wp-json\/wp\/v2\/media?parent=8162"}],"wp:term":[{"taxonomy":"product_brand","embeddable":true,"href":"https:\/\/otazu.com\/fr\/wp-json\/wp\/v2\/product_brand?post=8162"},{"taxonomy":"product_cat","embeddable":true,"href":"https:\/\/otazu.com\/fr\/wp-json\/wp\/v2\/product_cat?post=8162"},{"taxonomy":"product_tag","embeddable":true,"href":"https:\/\/otazu.com\/fr\/wp-json\/wp\/v2\/product_tag?post=8162"}],"curies":[{"name":"wp","href":"https:\/\/api.w.org\/{rel}","templated":true}]}}