{"id":7488,"date":"2024-02-01T10:25:58","date_gmt":"2024-02-01T10:25:58","guid":{"rendered":"https:\/\/otazu.com\/producto\/non%20class\u00e9\/autel\/"},"modified":"2026-02-24T10:04:37","modified_gmt":"2026-02-24T09:04:37","slug":"altar","status":"publish","type":"product","link":"https:\/\/otazu.com\/fr\/produitvins\/altar\/","title":{"rendered":"Altar 2019"},"content":{"rendered":"<p>Altar (D.O.P. Pago de Otazu) est un vin rouge 100% Cabernet Sauvignon, une expression pure de cette vari\u00e9t\u00e9 qui capture l\u2019essence du terroir d\u2019Otazu. Chaque raisin est s\u00e9lectionn\u00e9 avec soin au cours d&rsquo;un processus de r\u00e9colte manuelle, ce qui garantit une qualit\u00e9 sup\u00e9rieure. Le vieillissement est prolong\u00e9 par un s\u00e9jour de 18 mois en f\u00fbts de ch\u00eane, suivi d&rsquo;un vieillissement en bouteille de 60 mois. Cette p\u00e9riode prolong\u00e9e de maturation permet aux saveurs et aux ar\u00f4mes de s\u2019int\u00e9grer et d\u2019\u00e9voluer, ce qui donne un vin d\u2019une structure exceptionnelle et d\u2019une grande profondeur de go\u00fbt. Altar repr\u00e9sente la fusion de la tradition vitivinicole avec l\u2019excellence, offrant une exp\u00e9rience \u0153nologique unique et m\u00e9morable.<\/p>\n","protected":false},"excerpt":{"rendered":"<p>Altar es un vino tinto 100% Cabernet Sauvignon.<\/p>\n","protected":false},"featured_media":10337,"template":"","meta":{"_acf_changed":false},"product_brand":[],"product_cat":[113],"product_tag":[],"class_list":{"0":"post-7488","1":"product","2":"type-product","3":"status-publish","4":"has-post-thumbnail","6":"product_cat-vins","7":"member-discount","8":"discount-restricted","10":"first","11":"instock","12":"featured","13":"taxable","14":"shipping-taxable","15":"purchasable","16":"product-type-simple"},"acf":[],"yoast_head":"<!-- This site is optimized with the Yoast SEO plugin v27.3 - https:\/\/yoast.com\/product\/yoast-seo-wordpress\/ -->\n<title>Altar | Vin rouge D.O.P. Pago de Otazu<\/title>\n<meta name=\"description\" content=\"Vin rouge 100 % cabernet-sauvignon issu de vignobles certifi\u00e9s D.O.P. Pago de Otazu. L&#039;un des vins les plus appr\u00e9ci\u00e9s tout au long de son histoire.\" \/>\n<meta name=\"robots\" content=\"index, follow, max-snippet:-1, max-image-preview:large, max-video-preview:-1\" \/>\n<link rel=\"canonical\" href=\"https:\/\/otazu.com\/fr\/produitvins\/altar\/\" \/>\n<meta property=\"og:locale\" content=\"fr_FR\" \/>\n<meta property=\"og:type\" content=\"article\" \/>\n<meta property=\"og:title\" content=\"Altar | Vin rouge D.O.P. Pago de Otazu\" \/>\n<meta property=\"og:description\" content=\"Vin rouge 100 % cabernet-sauvignon issu de vignobles certifi\u00e9s D.O.P. Pago de Otazu. L&#039;un des vins les plus appr\u00e9ci\u00e9s tout au long de son histoire.\" \/>\n<meta property=\"og:url\" content=\"https:\/\/otazu.com\/fr\/produitvins\/altar\/\" \/>\n<meta property=\"og:site_name\" content=\"Otazu\" \/>\n<meta property=\"article:modified_time\" content=\"2026-02-24T09:04:37+00:00\" \/>\n<meta property=\"og:image\" content=\"https:\/\/otazu.com\/wp-content\/uploads\/2024\/02\/Diseno-sin-titulo-1.png\" \/>\n\t<meta property=\"og:image:width\" content=\"680\" \/>\n\t<meta property=\"og:image:height\" content=\"1000\" \/>\n\t<meta property=\"og:image:type\" content=\"image\/png\" \/>\n<meta name=\"twitter:card\" content=\"summary_large_image\" \/>\n<meta name=\"twitter:label1\" content=\"Dur\u00e9e de lecture estim\u00e9e\" \/>\n\t<meta name=\"twitter:data1\" content=\"1 minute\" \/>\n<script type=\"application\/ld+json\" class=\"yoast-schema-graph\">{\"@context\":\"https:\\\/\\\/schema.org\",\"@graph\":[{\"@type\":\"WebPage\",\"@id\":\"https:\\\/\\\/otazu.com\\\/fr\\\/produitvins\\\/altar\\\/\",\"url\":\"https:\\\/\\\/otazu.com\\\/fr\\\/produitvins\\\/altar\\\/\",\"name\":\"Altar | Vin rouge D.O.P. Pago de Otazu\",\"isPartOf\":{\"@id\":\"https:\\\/\\\/otazu.com\\\/fr\\\/#website\"},\"primaryImageOfPage\":{\"@id\":\"https:\\\/\\\/otazu.com\\\/fr\\\/produitvins\\\/altar\\\/#primaryimage\"},\"image\":{\"@id\":\"https:\\\/\\\/otazu.com\\\/fr\\\/produitvins\\\/altar\\\/#primaryimage\"},\"thumbnailUrl\":\"https:\\\/\\\/otazu.com\\\/wp-content\\\/uploads\\\/2024\\\/02\\\/Diseno-sin-titulo-1.png\",\"datePublished\":\"2024-02-01T10:25:58+00:00\",\"dateModified\":\"2026-02-24T09:04:37+00:00\",\"description\":\"Vin rouge 100 % cabernet-sauvignon issu de vignobles certifi\u00e9s D.O.P. Pago de Otazu. L'un des vins les plus appr\u00e9ci\u00e9s tout au long de son histoire.\",\"breadcrumb\":{\"@id\":\"https:\\\/\\\/otazu.com\\\/fr\\\/produitvins\\\/altar\\\/#breadcrumb\"},\"inLanguage\":\"fr-FR\",\"potentialAction\":[{\"@type\":\"ReadAction\",\"target\":[\"https:\\\/\\\/otazu.com\\\/fr\\\/produitvins\\\/altar\\\/\"]}]},{\"@type\":\"ImageObject\",\"inLanguage\":\"fr-FR\",\"@id\":\"https:\\\/\\\/otazu.com\\\/fr\\\/produitvins\\\/altar\\\/#primaryimage\",\"url\":\"https:\\\/\\\/otazu.com\\\/wp-content\\\/uploads\\\/2024\\\/02\\\/Diseno-sin-titulo-1.png\",\"contentUrl\":\"https:\\\/\\\/otazu.com\\\/wp-content\\\/uploads\\\/2024\\\/02\\\/Diseno-sin-titulo-1.png\",\"width\":680,\"height\":1000},{\"@type\":\"BreadcrumbList\",\"@id\":\"https:\\\/\\\/otazu.com\\\/fr\\\/produitvins\\\/altar\\\/#breadcrumb\",\"itemListElement\":[{\"@type\":\"ListItem\",\"position\":1,\"name\":\"Inicio\",\"item\":\"https:\\\/\\\/otazu.com\\\/fr\\\/\"},{\"@type\":\"ListItem\",\"position\":2,\"name\":\"Vins\",\"item\":\"https:\\\/\\\/otazu.com\\\/fr\\\/vins\\\/\"},{\"@type\":\"ListItem\",\"position\":3,\"name\":\"Vins\",\"item\":\"https:\\\/\\\/otazu.com\\\/fr\\\/categoria-producto\\\/vins\\\/\"},{\"@type\":\"ListItem\",\"position\":4,\"name\":\"Altar 2019\"}]},{\"@type\":\"WebSite\",\"@id\":\"https:\\\/\\\/otazu.com\\\/fr\\\/#website\",\"url\":\"https:\\\/\\\/otazu.com\\\/fr\\\/\",\"name\":\"Bodega Otazu\",\"description\":\"Bodega Otazu\",\"publisher\":{\"@id\":\"https:\\\/\\\/otazu.com\\\/fr\\\/#organization\"},\"potentialAction\":[{\"@type\":\"SearchAction\",\"target\":{\"@type\":\"EntryPoint\",\"urlTemplate\":\"https:\\\/\\\/otazu.com\\\/fr\\\/?s={search_term_string}\"},\"query-input\":{\"@type\":\"PropertyValueSpecification\",\"valueRequired\":true,\"valueName\":\"search_term_string\"}}],\"inLanguage\":\"fr-FR\"},{\"@type\":\"Organization\",\"@id\":\"https:\\\/\\\/otazu.com\\\/fr\\\/#organization\",\"name\":\"Bodega Otazu\",\"url\":\"https:\\\/\\\/otazu.com\\\/fr\\\/\",\"logo\":{\"@type\":\"ImageObject\",\"inLanguage\":\"fr-FR\",\"@id\":\"https:\\\/\\\/otazu.com\\\/fr\\\/#\\\/schema\\\/logo\\\/image\\\/\",\"url\":\"https:\\\/\\\/otazu.com\\\/wp-content\\\/uploads\\\/2024\\\/01\\\/Logo.png\",\"contentUrl\":\"https:\\\/\\\/otazu.com\\\/wp-content\\\/uploads\\\/2024\\\/01\\\/Logo.png\",\"width\":1774,\"height\":364,\"caption\":\"Bodega Otazu\"},\"image\":{\"@id\":\"https:\\\/\\\/otazu.com\\\/fr\\\/#\\\/schema\\\/logo\\\/image\\\/\"}}]}<\/script>\n<!-- \/ Yoast SEO plugin. -->","yoast_head_json":{"title":"Altar | Vin rouge D.O.P. Pago de Otazu","description":"Vin rouge 100 % cabernet-sauvignon issu de vignobles certifi\u00e9s D.O.P. Pago de Otazu. L'un des vins les plus appr\u00e9ci\u00e9s tout au long de son histoire.","robots":{"index":"index","follow":"follow","max-snippet":"max-snippet:-1","max-image-preview":"max-image-preview:large","max-video-preview":"max-video-preview:-1"},"canonical":"https:\/\/otazu.com\/fr\/produitvins\/altar\/","og_locale":"fr_FR","og_type":"article","og_title":"Altar | Vin rouge D.O.P. Pago de Otazu","og_description":"Vin rouge 100 % cabernet-sauvignon issu de vignobles certifi\u00e9s D.O.P. Pago de Otazu. L'un des vins les plus appr\u00e9ci\u00e9s tout au long de son histoire.","og_url":"https:\/\/otazu.com\/fr\/produitvins\/altar\/","og_site_name":"Otazu","article_modified_time":"2026-02-24T09:04:37+00:00","og_image":[{"width":680,"height":1000,"url":"https:\/\/otazu.com\/wp-content\/uploads\/2024\/02\/Diseno-sin-titulo-1.png","type":"image\/png"}],"twitter_card":"summary_large_image","twitter_misc":{"Dur\u00e9e de lecture estim\u00e9e":"1 minute"},"schema":{"@context":"https:\/\/schema.org","@graph":[{"@type":"WebPage","@id":"https:\/\/otazu.com\/fr\/produitvins\/altar\/","url":"https:\/\/otazu.com\/fr\/produitvins\/altar\/","name":"Altar | Vin rouge D.O.P. Pago de Otazu","isPartOf":{"@id":"https:\/\/otazu.com\/fr\/#website"},"primaryImageOfPage":{"@id":"https:\/\/otazu.com\/fr\/produitvins\/altar\/#primaryimage"},"image":{"@id":"https:\/\/otazu.com\/fr\/produitvins\/altar\/#primaryimage"},"thumbnailUrl":"https:\/\/otazu.com\/wp-content\/uploads\/2024\/02\/Diseno-sin-titulo-1.png","datePublished":"2024-02-01T10:25:58+00:00","dateModified":"2026-02-24T09:04:37+00:00","description":"Vin rouge 100 % cabernet-sauvignon issu de vignobles certifi\u00e9s D.O.P. Pago de Otazu. L'un des vins les plus appr\u00e9ci\u00e9s tout au long de son histoire.","breadcrumb":{"@id":"https:\/\/otazu.com\/fr\/produitvins\/altar\/#breadcrumb"},"inLanguage":"fr-FR","potentialAction":[{"@type":"ReadAction","target":["https:\/\/otazu.com\/fr\/produitvins\/altar\/"]}]},{"@type":"ImageObject","inLanguage":"fr-FR","@id":"https:\/\/otazu.com\/fr\/produitvins\/altar\/#primaryimage","url":"https:\/\/otazu.com\/wp-content\/uploads\/2024\/02\/Diseno-sin-titulo-1.png","contentUrl":"https:\/\/otazu.com\/wp-content\/uploads\/2024\/02\/Diseno-sin-titulo-1.png","width":680,"height":1000},{"@type":"BreadcrumbList","@id":"https:\/\/otazu.com\/fr\/produitvins\/altar\/#breadcrumb","itemListElement":[{"@type":"ListItem","position":1,"name":"Inicio","item":"https:\/\/otazu.com\/fr\/"},{"@type":"ListItem","position":2,"name":"Vins","item":"https:\/\/otazu.com\/fr\/vins\/"},{"@type":"ListItem","position":3,"name":"Vins","item":"https:\/\/otazu.com\/fr\/categoria-producto\/vins\/"},{"@type":"ListItem","position":4,"name":"Altar 2019"}]},{"@type":"WebSite","@id":"https:\/\/otazu.com\/fr\/#website","url":"https:\/\/otazu.com\/fr\/","name":"Bodega Otazu","description":"Bodega Otazu","publisher":{"@id":"https:\/\/otazu.com\/fr\/#organization"},"potentialAction":[{"@type":"SearchAction","target":{"@type":"EntryPoint","urlTemplate":"https:\/\/otazu.com\/fr\/?s={search_term_string}"},"query-input":{"@type":"PropertyValueSpecification","valueRequired":true,"valueName":"search_term_string"}}],"inLanguage":"fr-FR"},{"@type":"Organization","@id":"https:\/\/otazu.com\/fr\/#organization","name":"Bodega Otazu","url":"https:\/\/otazu.com\/fr\/","logo":{"@type":"ImageObject","inLanguage":"fr-FR","@id":"https:\/\/otazu.com\/fr\/#\/schema\/logo\/image\/","url":"https:\/\/otazu.com\/wp-content\/uploads\/2024\/01\/Logo.png","contentUrl":"https:\/\/otazu.com\/wp-content\/uploads\/2024\/01\/Logo.png","width":1774,"height":364,"caption":"Bodega Otazu"},"image":{"@id":"https:\/\/otazu.com\/fr\/#\/schema\/logo\/image\/"}}]}},"_links":{"self":[{"href":"https:\/\/otazu.com\/fr\/wp-json\/wp\/v2\/product\/7488","targetHints":{"allow":["GET"]}}],"collection":[{"href":"https:\/\/otazu.com\/fr\/wp-json\/wp\/v2\/product"}],"about":[{"href":"https:\/\/otazu.com\/fr\/wp-json\/wp\/v2\/types\/product"}],"version-history":[{"count":6,"href":"https:\/\/otazu.com\/fr\/wp-json\/wp\/v2\/product\/7488\/revisions"}],"predecessor-version":[{"id":11448,"href":"https:\/\/otazu.com\/fr\/wp-json\/wp\/v2\/product\/7488\/revisions\/11448"}],"wp:featuredmedia":[{"embeddable":true,"href":"https:\/\/otazu.com\/fr\/wp-json\/wp\/v2\/media\/10337"}],"wp:attachment":[{"href":"https:\/\/otazu.com\/fr\/wp-json\/wp\/v2\/media?parent=7488"}],"wp:term":[{"taxonomy":"product_brand","embeddable":true,"href":"https:\/\/otazu.com\/fr\/wp-json\/wp\/v2\/product_brand?post=7488"},{"taxonomy":"product_cat","embeddable":true,"href":"https:\/\/otazu.com\/fr\/wp-json\/wp\/v2\/product_cat?post=7488"},{"taxonomy":"product_tag","embeddable":true,"href":"https:\/\/otazu.com\/fr\/wp-json\/wp\/v2\/product_tag?post=7488"}],"curies":[{"name":"wp","href":"https:\/\/api.w.org\/{rel}","templated":true}]}}