{"id":11372,"date":"2026-01-26T10:29:12","date_gmt":"2026-01-26T09:29:12","guid":{"rendered":"https:\/\/otazu.com\/?post_type=product&#038;p=11372"},"modified":"2026-02-20T13:46:25","modified_gmt":"2026-02-20T12:46:25","slug":"as-6-tony-orrico","status":"publish","type":"product","link":"https:\/\/otazu.com\/fr\/produitvins\/as-6-tony-orrico\/","title":{"rendered":"AS #6 de Tony Orrico"},"content":{"rendered":"<p data-start=\"9\" data-end=\"39\">Vin avec A.O.P. Pago de Otazu.<\/p>\n<p data-start=\"41\" data-end=\"1202\">L\u2019\u00e9dition Artist Series #6 a \u00e9t\u00e9 con\u00e7ue par l\u2019artiste Tony Orrico (Chicago, 1979), qui a r\u00e9alis\u00e9 la performance \u00ab Penwald: 2:8 circles: 8 gestures \u00bb en f\u00e9vrier 2018 dans notre salle de barriques souterraine. Son \u0153uvre consiste en un exercice de dessin performatif o\u00f9 le corps devient un outil de mesure et le mouvement se transforme en g\u00e9om\u00e9trie. Orrico ex\u00e9cute des gestes chor\u00e9graphiques r\u00e9p\u00e9titifs au fusain, limit\u00e9 par l\u2019espace trac\u00e9 par ses bras \u00e9tendus, cr\u00e9ant des cercles concentriques qui oscillent entre le contr\u00f4le et l\u2019exploration spontan\u00e9e de l\u2019\u00e9quilibre physique. La densit\u00e9 des lignes superpos\u00e9es agit comme un enregistrement visuel de sa r\u00e9sistance mentale et corporelle durant des sessions prolong\u00e9es, transformant le temps et l\u2019effort en mati\u00e8re graphique. \u00c0 l\u2019image du processus physique par lequel la performance a \u00e9t\u00e9 r\u00e9alis\u00e9e, l\u2019\u00e9tiquette porte l\u2019empreinte de ce geste r\u00e9p\u00e9titif. Ce que l\u2019on per\u00e7oit dans cette traduction visuelle de l\u2019\u0153uvre, c\u2019est que chaque trait de l\u2019\u00e9tiquette est compris comme le r\u00e9sultat d\u2019une action corporelle, o\u00f9 la forme n\u2019est pas anticip\u00e9e ni con\u00e7ue \u00e0 l\u2019avance, mais le produit d\u2019une s\u00e9rie de mouvements soutenus.<\/p>\n","protected":false},"excerpt":{"rendered":"<p>AS 5 a \u00e9t\u00e9 con\u00e7u par le laur\u00e9at du IIe prix biennal d&rsquo;art monumental de la Fondation Otazu, Asier Mendizabal.<\/p>\n","protected":false},"featured_media":11397,"template":"","meta":{"_acf_changed":false},"product_brand":[],"product_cat":[113],"product_tag":[],"class_list":{"0":"post-11372","1":"product","2":"type-product","3":"status-publish","4":"has-post-thumbnail","6":"product_cat-vins","7":"member-discount","8":"discount-restricted","10":"first","11":"instock","12":"taxable","13":"shipping-taxable","14":"purchasable","15":"product-type-simple"},"acf":[],"yoast_head":"<!-- This site is optimized with the Yoast SEO plugin v27.3 - https:\/\/yoast.com\/product\/yoast-seo-wordpress\/ -->\n<title>AS #6 de Tony Orrico | D.O.P. Pago de Otazu<\/title>\n<meta name=\"description\" content=\"L\u2019\u00e9dition Artist Series #6, con\u00e7ue par l\u2019artiste Tony Orrico, qui a r\u00e9alis\u00e9 la performance dans notre salle de barriques.\" \/>\n<meta name=\"robots\" content=\"index, follow, max-snippet:-1, max-image-preview:large, max-video-preview:-1\" \/>\n<link rel=\"canonical\" href=\"https:\/\/otazu.com\/fr\/produitvins\/as-6-tony-orrico\/\" \/>\n<meta property=\"og:locale\" content=\"fr_FR\" \/>\n<meta property=\"og:type\" content=\"article\" \/>\n<meta property=\"og:title\" content=\"AS #6 de Tony Orrico | D.O.P. Pago de Otazu\" \/>\n<meta property=\"og:description\" content=\"L\u2019\u00e9dition Artist Series #6, con\u00e7ue par l\u2019artiste Tony Orrico, qui a r\u00e9alis\u00e9 la performance dans notre salle de barriques.\" \/>\n<meta property=\"og:url\" content=\"https:\/\/otazu.com\/fr\/produitvins\/as-6-tony-orrico\/\" \/>\n<meta property=\"og:site_name\" content=\"Otazu\" \/>\n<meta property=\"article:modified_time\" content=\"2026-02-20T12:46:25+00:00\" \/>\n<meta property=\"og:image\" content=\"https:\/\/otazu.com\/wp-content\/uploads\/2026\/01\/as6.png\" \/>\n\t<meta property=\"og:image:width\" content=\"600\" \/>\n\t<meta property=\"og:image:height\" content=\"1000\" \/>\n\t<meta property=\"og:image:type\" content=\"image\/png\" \/>\n<meta name=\"twitter:card\" content=\"summary_large_image\" \/>\n<meta name=\"twitter:label1\" content=\"Dur\u00e9e de lecture estim\u00e9e\" \/>\n\t<meta name=\"twitter:data1\" content=\"2 minutes\" \/>\n<script type=\"application\/ld+json\" class=\"yoast-schema-graph\">{\"@context\":\"https:\\\/\\\/schema.org\",\"@graph\":[{\"@type\":\"WebPage\",\"@id\":\"https:\\\/\\\/otazu.com\\\/fr\\\/produitvins\\\/as-6-tony-orrico\\\/\",\"url\":\"https:\\\/\\\/otazu.com\\\/fr\\\/produitvins\\\/as-6-tony-orrico\\\/\",\"name\":\"AS #6 de Tony Orrico | D.O.P. Pago de Otazu\",\"isPartOf\":{\"@id\":\"https:\\\/\\\/otazu.com\\\/fr\\\/#website\"},\"primaryImageOfPage\":{\"@id\":\"https:\\\/\\\/otazu.com\\\/fr\\\/produitvins\\\/as-6-tony-orrico\\\/#primaryimage\"},\"image\":{\"@id\":\"https:\\\/\\\/otazu.com\\\/fr\\\/produitvins\\\/as-6-tony-orrico\\\/#primaryimage\"},\"thumbnailUrl\":\"https:\\\/\\\/otazu.com\\\/wp-content\\\/uploads\\\/2026\\\/01\\\/as6.png\",\"datePublished\":\"2026-01-26T09:29:12+00:00\",\"dateModified\":\"2026-02-20T12:46:25+00:00\",\"description\":\"L\u2019\u00e9dition Artist Series #6, con\u00e7ue par l\u2019artiste Tony Orrico, qui a r\u00e9alis\u00e9 la performance dans notre salle de barriques.\",\"breadcrumb\":{\"@id\":\"https:\\\/\\\/otazu.com\\\/fr\\\/produitvins\\\/as-6-tony-orrico\\\/#breadcrumb\"},\"inLanguage\":\"fr-FR\",\"potentialAction\":[{\"@type\":\"ReadAction\",\"target\":[\"https:\\\/\\\/otazu.com\\\/fr\\\/produitvins\\\/as-6-tony-orrico\\\/\"]}]},{\"@type\":\"ImageObject\",\"inLanguage\":\"fr-FR\",\"@id\":\"https:\\\/\\\/otazu.com\\\/fr\\\/produitvins\\\/as-6-tony-orrico\\\/#primaryimage\",\"url\":\"https:\\\/\\\/otazu.com\\\/wp-content\\\/uploads\\\/2026\\\/01\\\/as6.png\",\"contentUrl\":\"https:\\\/\\\/otazu.com\\\/wp-content\\\/uploads\\\/2026\\\/01\\\/as6.png\",\"width\":600,\"height\":1000},{\"@type\":\"BreadcrumbList\",\"@id\":\"https:\\\/\\\/otazu.com\\\/fr\\\/produitvins\\\/as-6-tony-orrico\\\/#breadcrumb\",\"itemListElement\":[{\"@type\":\"ListItem\",\"position\":1,\"name\":\"Inicio\",\"item\":\"https:\\\/\\\/otazu.com\\\/fr\\\/\"},{\"@type\":\"ListItem\",\"position\":2,\"name\":\"Vins\",\"item\":\"https:\\\/\\\/otazu.com\\\/fr\\\/vins\\\/\"},{\"@type\":\"ListItem\",\"position\":3,\"name\":\"Vins\",\"item\":\"https:\\\/\\\/otazu.com\\\/fr\\\/categoria-producto\\\/vins\\\/\"},{\"@type\":\"ListItem\",\"position\":4,\"name\":\"AS #6 de Tony Orrico\"}]},{\"@type\":\"WebSite\",\"@id\":\"https:\\\/\\\/otazu.com\\\/fr\\\/#website\",\"url\":\"https:\\\/\\\/otazu.com\\\/fr\\\/\",\"name\":\"Bodega Otazu\",\"description\":\"Bodega Otazu\",\"publisher\":{\"@id\":\"https:\\\/\\\/otazu.com\\\/fr\\\/#organization\"},\"potentialAction\":[{\"@type\":\"SearchAction\",\"target\":{\"@type\":\"EntryPoint\",\"urlTemplate\":\"https:\\\/\\\/otazu.com\\\/fr\\\/?s={search_term_string}\"},\"query-input\":{\"@type\":\"PropertyValueSpecification\",\"valueRequired\":true,\"valueName\":\"search_term_string\"}}],\"inLanguage\":\"fr-FR\"},{\"@type\":\"Organization\",\"@id\":\"https:\\\/\\\/otazu.com\\\/fr\\\/#organization\",\"name\":\"Bodega Otazu\",\"url\":\"https:\\\/\\\/otazu.com\\\/fr\\\/\",\"logo\":{\"@type\":\"ImageObject\",\"inLanguage\":\"fr-FR\",\"@id\":\"https:\\\/\\\/otazu.com\\\/fr\\\/#\\\/schema\\\/logo\\\/image\\\/\",\"url\":\"https:\\\/\\\/otazu.com\\\/wp-content\\\/uploads\\\/2024\\\/01\\\/Logo.png\",\"contentUrl\":\"https:\\\/\\\/otazu.com\\\/wp-content\\\/uploads\\\/2024\\\/01\\\/Logo.png\",\"width\":1774,\"height\":364,\"caption\":\"Bodega Otazu\"},\"image\":{\"@id\":\"https:\\\/\\\/otazu.com\\\/fr\\\/#\\\/schema\\\/logo\\\/image\\\/\"}}]}<\/script>\n<!-- \/ Yoast SEO plugin. -->","yoast_head_json":{"title":"AS #6 de Tony Orrico | D.O.P. Pago de Otazu","description":"L\u2019\u00e9dition Artist Series #6, con\u00e7ue par l\u2019artiste Tony Orrico, qui a r\u00e9alis\u00e9 la performance dans notre salle de barriques.","robots":{"index":"index","follow":"follow","max-snippet":"max-snippet:-1","max-image-preview":"max-image-preview:large","max-video-preview":"max-video-preview:-1"},"canonical":"https:\/\/otazu.com\/fr\/produitvins\/as-6-tony-orrico\/","og_locale":"fr_FR","og_type":"article","og_title":"AS #6 de Tony Orrico | D.O.P. Pago de Otazu","og_description":"L\u2019\u00e9dition Artist Series #6, con\u00e7ue par l\u2019artiste Tony Orrico, qui a r\u00e9alis\u00e9 la performance dans notre salle de barriques.","og_url":"https:\/\/otazu.com\/fr\/produitvins\/as-6-tony-orrico\/","og_site_name":"Otazu","article_modified_time":"2026-02-20T12:46:25+00:00","og_image":[{"width":600,"height":1000,"url":"https:\/\/otazu.com\/wp-content\/uploads\/2026\/01\/as6.png","type":"image\/png"}],"twitter_card":"summary_large_image","twitter_misc":{"Dur\u00e9e de lecture estim\u00e9e":"2 minutes"},"schema":{"@context":"https:\/\/schema.org","@graph":[{"@type":"WebPage","@id":"https:\/\/otazu.com\/fr\/produitvins\/as-6-tony-orrico\/","url":"https:\/\/otazu.com\/fr\/produitvins\/as-6-tony-orrico\/","name":"AS #6 de Tony Orrico | D.O.P. Pago de Otazu","isPartOf":{"@id":"https:\/\/otazu.com\/fr\/#website"},"primaryImageOfPage":{"@id":"https:\/\/otazu.com\/fr\/produitvins\/as-6-tony-orrico\/#primaryimage"},"image":{"@id":"https:\/\/otazu.com\/fr\/produitvins\/as-6-tony-orrico\/#primaryimage"},"thumbnailUrl":"https:\/\/otazu.com\/wp-content\/uploads\/2026\/01\/as6.png","datePublished":"2026-01-26T09:29:12+00:00","dateModified":"2026-02-20T12:46:25+00:00","description":"L\u2019\u00e9dition Artist Series #6, con\u00e7ue par l\u2019artiste Tony Orrico, qui a r\u00e9alis\u00e9 la performance dans notre salle de barriques.","breadcrumb":{"@id":"https:\/\/otazu.com\/fr\/produitvins\/as-6-tony-orrico\/#breadcrumb"},"inLanguage":"fr-FR","potentialAction":[{"@type":"ReadAction","target":["https:\/\/otazu.com\/fr\/produitvins\/as-6-tony-orrico\/"]}]},{"@type":"ImageObject","inLanguage":"fr-FR","@id":"https:\/\/otazu.com\/fr\/produitvins\/as-6-tony-orrico\/#primaryimage","url":"https:\/\/otazu.com\/wp-content\/uploads\/2026\/01\/as6.png","contentUrl":"https:\/\/otazu.com\/wp-content\/uploads\/2026\/01\/as6.png","width":600,"height":1000},{"@type":"BreadcrumbList","@id":"https:\/\/otazu.com\/fr\/produitvins\/as-6-tony-orrico\/#breadcrumb","itemListElement":[{"@type":"ListItem","position":1,"name":"Inicio","item":"https:\/\/otazu.com\/fr\/"},{"@type":"ListItem","position":2,"name":"Vins","item":"https:\/\/otazu.com\/fr\/vins\/"},{"@type":"ListItem","position":3,"name":"Vins","item":"https:\/\/otazu.com\/fr\/categoria-producto\/vins\/"},{"@type":"ListItem","position":4,"name":"AS #6 de Tony Orrico"}]},{"@type":"WebSite","@id":"https:\/\/otazu.com\/fr\/#website","url":"https:\/\/otazu.com\/fr\/","name":"Bodega Otazu","description":"Bodega Otazu","publisher":{"@id":"https:\/\/otazu.com\/fr\/#organization"},"potentialAction":[{"@type":"SearchAction","target":{"@type":"EntryPoint","urlTemplate":"https:\/\/otazu.com\/fr\/?s={search_term_string}"},"query-input":{"@type":"PropertyValueSpecification","valueRequired":true,"valueName":"search_term_string"}}],"inLanguage":"fr-FR"},{"@type":"Organization","@id":"https:\/\/otazu.com\/fr\/#organization","name":"Bodega Otazu","url":"https:\/\/otazu.com\/fr\/","logo":{"@type":"ImageObject","inLanguage":"fr-FR","@id":"https:\/\/otazu.com\/fr\/#\/schema\/logo\/image\/","url":"https:\/\/otazu.com\/wp-content\/uploads\/2024\/01\/Logo.png","contentUrl":"https:\/\/otazu.com\/wp-content\/uploads\/2024\/01\/Logo.png","width":1774,"height":364,"caption":"Bodega Otazu"},"image":{"@id":"https:\/\/otazu.com\/fr\/#\/schema\/logo\/image\/"}}]}},"_links":{"self":[{"href":"https:\/\/otazu.com\/fr\/wp-json\/wp\/v2\/product\/11372","targetHints":{"allow":["GET"]}}],"collection":[{"href":"https:\/\/otazu.com\/fr\/wp-json\/wp\/v2\/product"}],"about":[{"href":"https:\/\/otazu.com\/fr\/wp-json\/wp\/v2\/types\/product"}],"version-history":[{"count":3,"href":"https:\/\/otazu.com\/fr\/wp-json\/wp\/v2\/product\/11372\/revisions"}],"predecessor-version":[{"id":11437,"href":"https:\/\/otazu.com\/fr\/wp-json\/wp\/v2\/product\/11372\/revisions\/11437"}],"wp:featuredmedia":[{"embeddable":true,"href":"https:\/\/otazu.com\/fr\/wp-json\/wp\/v2\/media\/11397"}],"wp:attachment":[{"href":"https:\/\/otazu.com\/fr\/wp-json\/wp\/v2\/media?parent=11372"}],"wp:term":[{"taxonomy":"product_brand","embeddable":true,"href":"https:\/\/otazu.com\/fr\/wp-json\/wp\/v2\/product_brand?post=11372"},{"taxonomy":"product_cat","embeddable":true,"href":"https:\/\/otazu.com\/fr\/wp-json\/wp\/v2\/product_cat?post=11372"},{"taxonomy":"product_tag","embeddable":true,"href":"https:\/\/otazu.com\/fr\/wp-json\/wp\/v2\/product_tag?post=11372"}],"curies":[{"name":"wp","href":"https:\/\/api.w.org\/{rel}","templated":true}]}}