{"id":8286,"date":"2024-01-16T12:50:22","date_gmt":"2024-01-16T12:50:22","guid":{"rendered":"https:\/\/otazu.com\/politique-de-confidentialite\/"},"modified":"2024-03-19T10:23:46","modified_gmt":"2024-03-19T10:23:46","slug":"politique-de-confidentialite","status":"publish","type":"page","link":"https:\/\/otazu.com\/fr\/politique-de-confidentialite\/","title":{"rendered":"Politique de confidentialit\u00e9"},"content":{"rendered":"\t\t<div data-elementor-type=\"wp-page\" data-elementor-id=\"8286\" class=\"elementor elementor-8286 elementor-3\" data-elementor-post-type=\"page\">\n\t\t\t\t<div class=\"elementor-element elementor-element-37df42ac e-flex e-con-boxed e-con e-parent\" data-id=\"37df42ac\" data-element_type=\"container\" data-e-type=\"container\">\n\t\t\t\t\t<div class=\"e-con-inner\">\n\t\t\t\t<div class=\"elementor-element elementor-element-d1813e7 elementor-widget elementor-widget-heading\" data-id=\"d1813e7\" data-element_type=\"widget\" data-e-type=\"widget\" data-widget_type=\"heading.default\">\n\t\t\t\t<div class=\"elementor-widget-container\">\n\t\t\t\t\t<h1 class=\"elementor-heading-title elementor-size-default\">Politique de confidentialit\u00e9<\/h1>\t\t\t\t<\/div>\n\t\t\t\t<\/div>\n\t\t\t\t<div class=\"elementor-element elementor-element-1f5a63e3 elementor-widget elementor-widget-text-editor\" data-id=\"1f5a63e3\" data-element_type=\"widget\" data-e-type=\"widget\" data-widget_type=\"text-editor.default\">\n\t\t\t\t<div class=\"elementor-widget-container\">\n\t\t\t\t\t\t\t\t\t<p>BODEGA OTAZU, S.A.U. traite vos donn\u00e9es conform\u00e9ment au r\u00e8glement (UE) 2016\/679 du Parlement europ\u00e9en et du Conseil du 27 avril 2016 relatif \u00e0 la protection des personnes physiques \u00e0 l&rsquo;\u00e9gard du traitement des donn\u00e9es \u00e0 caract\u00e8re personnel et \u00e0 la libre circulation de ces donn\u00e9es. Vous trouverez ci-dessous des informations d\u00e9taill\u00e9es sur notre politique de confidentialit\u00e9, qui explique comment nous traitons et prot\u00e9geons vos donn\u00e9es personnelles.<\/p>\n<p><br><\/p>\n<h4><strong>RESPONSABLE<\/strong><\/h4>\n<p>Identit\u00e9 : BODEGA OTAZU, S.A.U.&nbsp;<\/p>\n<p>NUM\u00c9RO DE TVA : A-31257504<\/p>\n<p>Si\u00e8ge social : Se\u00f1or\u00edo de Otazu, 31174 &#8211; OTAZU &#8211; (Navarra-SPAIN)<\/p>\n<p>T\u00e9l\u00e9phone : 948 329 200&nbsp;<\/p>\n<p>Courriel : <a href=\"mailto:info@otazu.com\">info@otazu.com<\/a>&nbsp;<\/p>\n<p><br><\/p>\n<h4><strong>OBJECTIF<\/strong><\/h4>\n<p>BODEGA OTAZU, S.A.U., (ci-apr\u00e8s Otazu) utilise vos donn\u00e9es pour r\u00e9pondre \u00e0 votre demande, pour vous informer sur nos produits\/activit\u00e9s li\u00e9s \u00e0 la culture, \u00e0 la production et \u00e0 la commercialisation du vin et pour r\u00e9aliser la vente de nos produits par le biais de l&rsquo;e-shop.<\/p>\n<p>Si vous nous avez envoy\u00e9 votre curriculum vitae, nous utiliserons vos donn\u00e9es pour les inclure dans la gestion des processus de s\u00e9lection du personnel de notre entreprise.<\/p>\n<p>Les donn\u00e9es seront conserv\u00e9es pendant la dur\u00e9e n\u00e9cessaire \u00e0 la r\u00e9alisation de l&rsquo;activit\u00e9. Si vous nous informez de votre refus d&rsquo;utiliser les donn\u00e9es personnelles, celles-ci seront bloqu\u00e9es imm\u00e9diatement.<\/p>\n<p><br><\/p>\n<h4><strong>L\u00c9GITIMIT\u00c9<\/strong><\/h4>\n<p>La base juridique du traitement de vos donn\u00e9es personnelles est le consentement de la personne concern\u00e9e lors de l&rsquo;envoi du formulaire de collecte de donn\u00e9es sur le site web, la relation pr\u00e9contractuelle dans le cas de l&rsquo;envoi d&rsquo;un CV ou l&rsquo;ex\u00e9cution du contrat dans le cas d&rsquo;un client de l&rsquo;e-shop.<\/p><p><br><\/p>\n<h4><strong>CIBLE<\/strong><\/h4>\n<p>Si vous \u00eates un client de la boutique en ligne, votre nom, votre adresse postale et votre num\u00e9ro de t\u00e9l\u00e9phone seront communiqu\u00e9s au transporteur afin de vous envoyer les marchandises. Lors du processus d&rsquo;achat, la connexion \u00e0 la passerelle bancaire pour le paiement par carte s&rsquo;effectuera \u00e9galement.<\/p>\n<p>Sauf disposition l\u00e9gale contraire, aucun autre transfert de donn\u00e9es n&rsquo;aura lieu pour une finalit\u00e9 autre que celle pour laquelle vous avez \u00e9t\u00e9 inform\u00e9.<\/p>\n<p>Aucun transfert international de vos donn\u00e9es n&rsquo;est envisag\u00e9.<\/p><p><br><\/p>\n<h4><strong>DROITS<\/strong><\/h4>\n<p>Vous avez le droit d&rsquo;acc\u00e9der \u00e0 vos donn\u00e9es personnelles, ainsi que de demander la rectification des donn\u00e9es inexactes ou, le cas \u00e9ch\u00e9ant, de demander leur suppression lorsque, entre autres raisons, les donn\u00e9es ne sont plus n\u00e9cessaires aux fins pour lesquelles elles ont \u00e9t\u00e9 collect\u00e9es.<\/p>\n<p>Dans certaines circonstances, vous pouvez nous demander de limiter le traitement de vos donn\u00e9es, auquel cas nous ne les conserverons que dans le but de poursuivre ou de d\u00e9fendre des r\u00e9clamations.<\/p>\n<p>Dans certaines circonstances et pour des raisons tenant \u00e0 votre situation particuli\u00e8re, vous pouvez vous opposer au traitement de vos donn\u00e9es. Otazu cessera de traiter les donn\u00e9es, sauf pour des raisons l\u00e9gitimes imp\u00e9rieuses, ou pour l&rsquo;exercice ou la d\u00e9fense d&rsquo;\u00e9ventuelles r\u00e9clamations.<\/p>\n<p>Vous avez le droit \u00e0 la portabilit\u00e9, c&rsquo;est-\u00e0-dire \u00e0 la transmission directe de vos donn\u00e9es \u00e0 caract\u00e8re personnel \u00e0 un autre responsable du traitement dans un format structur\u00e9, couramment utilis\u00e9 et lisible par machine, lorsque cela est techniquement possible.<\/p>\n<p>Pour exercer l&rsquo;un de ces droits, veuillez envoyer une lettre \u00e0 l&rsquo;adresse ci-dessus ou un e-mail \u00e0 <a href=\"mailto:info@otazu.com\">info@otazu.com<\/a> en joignant une photocopie de votre carte d&rsquo;identit\u00e9 ou d&rsquo;un document \u00e9quivalent.<\/p>\n<p>Si vous n&rsquo;\u00eates pas d&rsquo;accord avec le traitement des donn\u00e9es effectu\u00e9 par Otazu, veuillez nous le faire savoir. Dans tous les cas, vous pouvez d\u00e9poser une plainte aupr\u00e8s de l&rsquo;autorit\u00e9 de surveillance \u00e0 l&rsquo;adresse www.aepd.es.&nbsp;<\/p>\n<p>Otazu s&rsquo;engage \u00e0 utiliser et \u00e0 traiter les donn\u00e9es personnelles des utilisateurs en respectant leur confidentialit\u00e9 et \u00e0 les utiliser conform\u00e9ment \u00e0 leur finalit\u00e9, ainsi qu&rsquo;\u00e0 respecter son obligation de les conserver et d&rsquo;adapter toutes les mesures pour \u00e9viter leur alt\u00e9ration, perte, traitement ou acc\u00e8s non autoris\u00e9, conform\u00e9ment aux dispositions de la l\u00e9gislation en vigueur en mati\u00e8re de protection des donn\u00e9es.<\/p>\n<p>Otazu se r\u00e9serve le droit de modifier cette politique afin de l&rsquo;adapter aux nouvelles l\u00e9gislations ou jurisprudences, ainsi qu&rsquo;aux nouveaux traitements. Veuillez v\u00e9rifier la date de la derni\u00e8re mise \u00e0 jour de ce texte avant de soumettre de nouvelles donn\u00e9es \u00e0 caract\u00e8re personnel.<\/p><p><br><\/p>\n<h4><strong>SI VOUS \u00caTES UN UTILISATEUR DE R\u00c9SEAUX SOCIAUX&nbsp;<\/strong><\/h4>\n<p>En devenant fan du site, vous y consentez :&nbsp;<\/p>\n<ol>\n<li>Dans le traitement de vos donn\u00e9es personnelles dans l&rsquo;environnement du r\u00e9seau social conform\u00e9ment \u00e0 ses politiques de confidentialit\u00e9.<\/li>\n<li>L&rsquo;acc\u00e8s d&rsquo;Otazu aux donn\u00e9es contenues dans la liste des fans pour g\u00e9rer la liste des personnes qui aiment Otazu.<\/li>\n<li>Recevoir des informations relatives \u00e0 nos activit\u00e9s, toujours par le biais du r\u00e9seau social.<\/li>\n<\/ol>\n<p>Otazu n&rsquo;utilisera pas les donn\u00e9es \u00e0 d&rsquo;autres fins ou en dehors de l&rsquo;environnement du r\u00e9seau social sans votre consentement. Si vous souhaitez vous d\u00e9sinscrire, cliquez sur le lien hypertexte \u00ab\u00a0se d\u00e9sinscrire\u00a0\u00bb.<\/p>\n<p>Vous pouvez exercer vos droits d&rsquo;acc\u00e8s, de rectification, d&rsquo;effacement et de portabilit\u00e9 de vos donn\u00e9es et de limitation ou d&rsquo;opposition \u00e0 leur traitement \u00e0 tout moment, en \u00e9crivant \u00e0 BODEGA OTAZU, S.A.U. \u00e0 l&rsquo;adresse ci-dessus, accompagn\u00e9 d&rsquo;une photocopie d&rsquo;un document officiel qui vous identifie, ou en envoyant un courrier \u00e9lectronique \u00e0 l&rsquo;adresse suivante  <a href=\"mailto:info@otazu.com\">info@otazu.com<\/a>.<\/p>\n<p>Dans le cadre de ce traitement, vous devez garder \u00e0 l&rsquo;esprit qu&rsquo;Otazu ne peut consulter ou supprimer vos donn\u00e9es qu&rsquo;en tant que fan. Toute rectification de ceux-ci doit \u00eatre effectu\u00e9e par le biais des param\u00e8tres de votre compte d&rsquo;utilisateur sur le r\u00e9seau social.<\/p><p><br><\/p>\n<h4><strong>DES INFORMATIONS SUR LA VID\u00c9OSURVEILLANCE<\/strong><\/h4>\n<p>Dans le cas o\u00f9 vous acc\u00e9dez \u00e0 nos installations, Otazu vous informe :<\/p>\n<p>Que vos donn\u00e9es personnelles seront incorpor\u00e9es dans un fichier et trait\u00e9es dans le but de maintenir la s\u00e9curit\u00e9 et de contr\u00f4ler l&rsquo;acc\u00e8s aux installations par le biais d&rsquo;un syst\u00e8me de vid\u00e9osurveillance, et qu&rsquo;elles seront annul\u00e9es dans un d\u00e9lai maximum d&rsquo;un mois.<\/p>\n<p>La capture d&rsquo;images n&rsquo;est pas facultative, mais permanente et n\u00e9cessaire pour l&rsquo;acc\u00e8s \u00e0 nos installations, et elle est l\u00e9gitim\u00e9e par l&rsquo;int\u00e9r\u00eat public, la protection des personnes, des biens et des installations.<\/p>\n<p>En cas d&rsquo;incidents, les images peuvent \u00eatre transf\u00e9r\u00e9es aux forces de s\u00e9curit\u00e9 de l&rsquo;\u00c9tat et aux autorit\u00e9s judiciaires.<\/p>\n<p>que vous pouvez exercer vos droits d&rsquo;acc\u00e8s, de rectification, d&rsquo;effacement et de limitation ou d&rsquo;opposition au traitement aupr\u00e8s du responsable du traitement. Pour ce faire, vous devez joindre \u00e0 votre demande une pi\u00e8ce d&rsquo;identit\u00e9 et une photographie r\u00e9cente. Le demandeur doit n\u00e9cessairement \u00eatre la personne concern\u00e9e. Ces droits seront respect\u00e9s dans la mesure o\u00f9 ils n&rsquo;interf\u00e8rent pas avec les droits des autres personnes concern\u00e9es.&nbsp;<\/p>\n<p>Que le responsable du fichier est BODEGA OTAZU, S.A.U., et que vous pouvez exercer vos droits dans les termes indiqu\u00e9s dans la r\u00e9glementation sur la protection des donn\u00e9es \u00e0 l&rsquo;adresse suivante&nbsp;<\/p>\n<p>BODEGA OTAZU<\/p>\n<p>Se\u00f1or\u00edo de Otazu<\/p>\n<p>31174 &#8211; OTAZU &#8211; (Navarre-Espagne)<\/p>\n<p>ou en envoyant un courrier \u00e9lectronique \u00e0 l&rsquo;adresse suivante : <a href=\"mailto:info@otazu.com\">info@otazu.com<\/a><\/p><p><br><\/p>\n<h4><strong>TRAITEMENT DES CURRICULUMS VITAE<\/strong><\/h4>\n<p>Si vous nous envoyez votre CV, soit \u00e0 l&rsquo;adresse \u00e9lectronique fournie sur cette page, soit par courrier ou en personne, nous vous informons que vos donn\u00e9es seront trait\u00e9es par Otazu afin d&rsquo;\u00e9valuer et de g\u00e9rer votre candidature et de vous proposer des postes correspondant \u00e0 votre profil et, le cas \u00e9ch\u00e9ant, d&rsquo;effectuer les actions pertinentes pour votre s\u00e9lection et votre recrutement en tant que travailleur. Nous conserverons vos donn\u00e9es pendant un an au maximum \u00e0 compter de la derni\u00e8re mise \u00e0 jour de votre CV, afin de mener \u00e0 bien ces actions.<\/p>\n<p>Dans tous les cas, vous avez le droit de r\u00e9voquer le consentement que vous nous avez donn\u00e9, d&rsquo;acc\u00e9der \u00e0 vos donn\u00e9es personnelles, de rectifier les donn\u00e9es inexactes ou incompl\u00e8tes, de demander l&rsquo;effacement de vos donn\u00e9es, d&rsquo;obtenir la limitation du traitement ou de vous y opposer, de demander sa portabilit\u00e9 ou de d\u00e9poser une plainte aupr\u00e8s de l&rsquo;autorit\u00e9 de surveillance \u00e0 l&rsquo;adresse <a href=\"http:\/\/www.agpd.es\">www.agpd.es<\/a>.&nbsp;<\/p><p><br><\/p>\n<h4><strong>L&rsquo;ENVOI DE LETTRES D&rsquo;INFORMATION<\/strong><\/h4>\n<p>Vos donn\u00e9es seront trait\u00e9es dans le but de vous informer par courrier \u00e9lectronique de nos produits et services, en raison de notre int\u00e9r\u00eat l\u00e9gitime (si vous \u00eates un client) ou du consentement donn\u00e9 (si vous vous \u00eates inscrit \u00e0 la liste de diffusion). Elles seront conserv\u00e9es aussi longtemps qu&rsquo;il existe un int\u00e9r\u00eat mutuel \u00e0 ce traitement.  <\/p>\n<p>Vous disposez du droit de retirer votre consentement \u00e0 tout moment, du droit d&rsquo;acc\u00e8s, de rectification, de portabilit\u00e9 et d&rsquo;effacement de vos donn\u00e9es et du droit de limiter leur traitement ou de vous y opposer, ainsi que du droit d&rsquo;introduire une r\u00e9clamation aupr\u00e8s de l&rsquo;autorit\u00e9 de contr\u00f4le<a href=\"http:\/\/www.agpd.es\">(www.agpd.es)<\/a>, le tout aupr\u00e8s du responsable du traitement des donn\u00e9es :&nbsp;<\/p>\n<p>BODEGA OTAZU<\/p>\n<p>Se\u00f1or\u00edo de Otazu,&nbsp;<\/p>\n<p>31174 &#8211; OTAZU &#8211; (Navarre-Espagne)<\/p>\n<p>ou en envoyant un courrier \u00e9lectronique \u00e0 l&rsquo;adresse suivante : <a href=\"mailto:info@otazu.com\">info@otazu.com<\/a>&nbsp;<\/p>\n<p>Date de la derni\u00e8re modification de ce texte : 01\/02\/2024<\/p>\t\t\t\t\t\t\t\t<\/div>\n\t\t\t\t<\/div>\n\t\t\t\t\t<\/div>\n\t\t\t\t<\/div>\n\t\t\t\t<\/div>\n\t\t","protected":false},"excerpt":{"rendered":"<p>BODEGA OTAZU, S.A.U. traite vos donn\u00e9es conform\u00e9ment au r\u00e8glement (UE) 2016\/679 du Parlement europ\u00e9en et du Conseil du 27 avril 2016 relatif \u00e0 la protection des personnes physiques \u00e0 l&rsquo;\u00e9gard du traitement des donn\u00e9es \u00e0 caract\u00e8re personnel et \u00e0 la libre circulation de ces donn\u00e9es. Vous trouverez ci-dessous des informations d\u00e9taill\u00e9es sur notre politique de [&hellip;]<\/p>\n","protected":false},"author":1,"featured_media":0,"parent":0,"menu_order":0,"comment_status":"closed","ping_status":"closed","template":"","meta":{"_acf_changed":false,"footnotes":""},"class_list":["post-8286","page","type-page","status-publish","hentry"],"acf":[],"yoast_head":"<!-- This site is optimized with the Yoast SEO plugin v27.3 - https:\/\/yoast.com\/product\/yoast-seo-wordpress\/ -->\n<title>Politique de confidentialit\u00e9 - Otazu<\/title>\n<meta name=\"robots\" content=\"index, follow, max-snippet:-1, max-image-preview:large, max-video-preview:-1\" \/>\n<link rel=\"canonical\" href=\"https:\/\/otazu.com\/fr\/politique-de-confidentialite\/\" \/>\n<meta property=\"og:locale\" content=\"fr_FR\" \/>\n<meta property=\"og:type\" content=\"article\" \/>\n<meta property=\"og:title\" content=\"Politique de confidentialit\u00e9 - Otazu\" \/>\n<meta property=\"og:description\" content=\"BODEGA OTAZU, S.A.U. traite vos donn\u00e9es conform\u00e9ment au r\u00e8glement (UE) 2016\/679 du Parlement europ\u00e9en et du Conseil du 27 avril 2016 relatif \u00e0 la protection des personnes physiques \u00e0 l&rsquo;\u00e9gard du traitement des donn\u00e9es \u00e0 caract\u00e8re personnel et \u00e0 la libre circulation de ces donn\u00e9es. Vous trouverez ci-dessous des informations d\u00e9taill\u00e9es sur notre politique de [&hellip;]\" \/>\n<meta property=\"og:url\" content=\"https:\/\/otazu.com\/fr\/politique-de-confidentialite\/\" \/>\n<meta property=\"og:site_name\" content=\"Otazu\" \/>\n<meta property=\"article:modified_time\" content=\"2024-03-19T10:23:46+00:00\" \/>\n<meta name=\"twitter:card\" content=\"summary_large_image\" \/>\n<meta name=\"twitter:label1\" content=\"Dur\u00e9e de lecture estim\u00e9e\" \/>\n\t<meta name=\"twitter:data1\" content=\"8 minutes\" \/>\n<script type=\"application\/ld+json\" class=\"yoast-schema-graph\">{\"@context\":\"https:\\\/\\\/schema.org\",\"@graph\":[{\"@type\":\"WebPage\",\"@id\":\"https:\\\/\\\/otazu.com\\\/fr\\\/politique-de-confidentialite\\\/\",\"url\":\"https:\\\/\\\/otazu.com\\\/fr\\\/politique-de-confidentialite\\\/\",\"name\":\"Politique de confidentialit\u00e9 - Otazu\",\"isPartOf\":{\"@id\":\"https:\\\/\\\/otazu.com\\\/fr\\\/#website\"},\"datePublished\":\"2024-01-16T12:50:22+00:00\",\"dateModified\":\"2024-03-19T10:23:46+00:00\",\"breadcrumb\":{\"@id\":\"https:\\\/\\\/otazu.com\\\/fr\\\/politique-de-confidentialite\\\/#breadcrumb\"},\"inLanguage\":\"fr-FR\",\"potentialAction\":[{\"@type\":\"ReadAction\",\"target\":[\"https:\\\/\\\/otazu.com\\\/fr\\\/politique-de-confidentialite\\\/\"]}]},{\"@type\":\"BreadcrumbList\",\"@id\":\"https:\\\/\\\/otazu.com\\\/fr\\\/politique-de-confidentialite\\\/#breadcrumb\",\"itemListElement\":[{\"@type\":\"ListItem\",\"position\":1,\"name\":\"Inicio\",\"item\":\"https:\\\/\\\/otazu.com\\\/fr\\\/\"},{\"@type\":\"ListItem\",\"position\":2,\"name\":\"Politique de confidentialit\u00e9\"}]},{\"@type\":\"WebSite\",\"@id\":\"https:\\\/\\\/otazu.com\\\/fr\\\/#website\",\"url\":\"https:\\\/\\\/otazu.com\\\/fr\\\/\",\"name\":\"Bodega Otazu\",\"description\":\"Bodega Otazu\",\"publisher\":{\"@id\":\"https:\\\/\\\/otazu.com\\\/fr\\\/#organization\"},\"potentialAction\":[{\"@type\":\"SearchAction\",\"target\":{\"@type\":\"EntryPoint\",\"urlTemplate\":\"https:\\\/\\\/otazu.com\\\/fr\\\/?s={search_term_string}\"},\"query-input\":{\"@type\":\"PropertyValueSpecification\",\"valueRequired\":true,\"valueName\":\"search_term_string\"}}],\"inLanguage\":\"fr-FR\"},{\"@type\":\"Organization\",\"@id\":\"https:\\\/\\\/otazu.com\\\/fr\\\/#organization\",\"name\":\"Bodega Otazu\",\"url\":\"https:\\\/\\\/otazu.com\\\/fr\\\/\",\"logo\":{\"@type\":\"ImageObject\",\"inLanguage\":\"fr-FR\",\"@id\":\"https:\\\/\\\/otazu.com\\\/fr\\\/#\\\/schema\\\/logo\\\/image\\\/\",\"url\":\"https:\\\/\\\/otazu.com\\\/wp-content\\\/uploads\\\/2024\\\/01\\\/Logo.png\",\"contentUrl\":\"https:\\\/\\\/otazu.com\\\/wp-content\\\/uploads\\\/2024\\\/01\\\/Logo.png\",\"width\":1774,\"height\":364,\"caption\":\"Bodega Otazu\"},\"image\":{\"@id\":\"https:\\\/\\\/otazu.com\\\/fr\\\/#\\\/schema\\\/logo\\\/image\\\/\"}}]}<\/script>\n<!-- \/ Yoast SEO plugin. -->","yoast_head_json":{"title":"Politique de confidentialit\u00e9 - Otazu","robots":{"index":"index","follow":"follow","max-snippet":"max-snippet:-1","max-image-preview":"max-image-preview:large","max-video-preview":"max-video-preview:-1"},"canonical":"https:\/\/otazu.com\/fr\/politique-de-confidentialite\/","og_locale":"fr_FR","og_type":"article","og_title":"Politique de confidentialit\u00e9 - Otazu","og_description":"BODEGA OTAZU, S.A.U. traite vos donn\u00e9es conform\u00e9ment au r\u00e8glement (UE) 2016\/679 du Parlement europ\u00e9en et du Conseil du 27 avril 2016 relatif \u00e0 la protection des personnes physiques \u00e0 l&rsquo;\u00e9gard du traitement des donn\u00e9es \u00e0 caract\u00e8re personnel et \u00e0 la libre circulation de ces donn\u00e9es. Vous trouverez ci-dessous des informations d\u00e9taill\u00e9es sur notre politique de [&hellip;]","og_url":"https:\/\/otazu.com\/fr\/politique-de-confidentialite\/","og_site_name":"Otazu","article_modified_time":"2024-03-19T10:23:46+00:00","twitter_card":"summary_large_image","twitter_misc":{"Dur\u00e9e de lecture estim\u00e9e":"8 minutes"},"schema":{"@context":"https:\/\/schema.org","@graph":[{"@type":"WebPage","@id":"https:\/\/otazu.com\/fr\/politique-de-confidentialite\/","url":"https:\/\/otazu.com\/fr\/politique-de-confidentialite\/","name":"Politique de confidentialit\u00e9 - Otazu","isPartOf":{"@id":"https:\/\/otazu.com\/fr\/#website"},"datePublished":"2024-01-16T12:50:22+00:00","dateModified":"2024-03-19T10:23:46+00:00","breadcrumb":{"@id":"https:\/\/otazu.com\/fr\/politique-de-confidentialite\/#breadcrumb"},"inLanguage":"fr-FR","potentialAction":[{"@type":"ReadAction","target":["https:\/\/otazu.com\/fr\/politique-de-confidentialite\/"]}]},{"@type":"BreadcrumbList","@id":"https:\/\/otazu.com\/fr\/politique-de-confidentialite\/#breadcrumb","itemListElement":[{"@type":"ListItem","position":1,"name":"Inicio","item":"https:\/\/otazu.com\/fr\/"},{"@type":"ListItem","position":2,"name":"Politique de confidentialit\u00e9"}]},{"@type":"WebSite","@id":"https:\/\/otazu.com\/fr\/#website","url":"https:\/\/otazu.com\/fr\/","name":"Bodega Otazu","description":"Bodega Otazu","publisher":{"@id":"https:\/\/otazu.com\/fr\/#organization"},"potentialAction":[{"@type":"SearchAction","target":{"@type":"EntryPoint","urlTemplate":"https:\/\/otazu.com\/fr\/?s={search_term_string}"},"query-input":{"@type":"PropertyValueSpecification","valueRequired":true,"valueName":"search_term_string"}}],"inLanguage":"fr-FR"},{"@type":"Organization","@id":"https:\/\/otazu.com\/fr\/#organization","name":"Bodega Otazu","url":"https:\/\/otazu.com\/fr\/","logo":{"@type":"ImageObject","inLanguage":"fr-FR","@id":"https:\/\/otazu.com\/fr\/#\/schema\/logo\/image\/","url":"https:\/\/otazu.com\/wp-content\/uploads\/2024\/01\/Logo.png","contentUrl":"https:\/\/otazu.com\/wp-content\/uploads\/2024\/01\/Logo.png","width":1774,"height":364,"caption":"Bodega Otazu"},"image":{"@id":"https:\/\/otazu.com\/fr\/#\/schema\/logo\/image\/"}}]}},"_links":{"self":[{"href":"https:\/\/otazu.com\/fr\/wp-json\/wp\/v2\/pages\/8286","targetHints":{"allow":["GET"]}}],"collection":[{"href":"https:\/\/otazu.com\/fr\/wp-json\/wp\/v2\/pages"}],"about":[{"href":"https:\/\/otazu.com\/fr\/wp-json\/wp\/v2\/types\/page"}],"author":[{"embeddable":true,"href":"https:\/\/otazu.com\/fr\/wp-json\/wp\/v2\/users\/1"}],"replies":[{"embeddable":true,"href":"https:\/\/otazu.com\/fr\/wp-json\/wp\/v2\/comments?post=8286"}],"version-history":[{"count":1,"href":"https:\/\/otazu.com\/fr\/wp-json\/wp\/v2\/pages\/8286\/revisions"}],"predecessor-version":[{"id":8287,"href":"https:\/\/otazu.com\/fr\/wp-json\/wp\/v2\/pages\/8286\/revisions\/8287"}],"wp:attachment":[{"href":"https:\/\/otazu.com\/fr\/wp-json\/wp\/v2\/media?parent=8286"}],"curies":[{"name":"wp","href":"https:\/\/api.w.org\/{rel}","templated":true}]}}