{"id":7898,"date":"2024-03-06T09:55:05","date_gmt":"2024-03-06T09:55:05","guid":{"rendered":"https:\/\/otazu.com\/avis-juridique\/"},"modified":"2024-03-19T12:07:31","modified_gmt":"2024-03-19T12:07:31","slug":"avis-juridique","status":"publish","type":"page","link":"https:\/\/otazu.com\/fr\/avis-juridique\/","title":{"rendered":"Avis juridique"},"content":{"rendered":"\t\t<div data-elementor-type=\"wp-page\" data-elementor-id=\"7898\" class=\"elementor elementor-7898 elementor-6091\" data-elementor-post-type=\"page\">\n\t\t\t\t<div class=\"elementor-element elementor-element-f52b491 e-flex e-con-boxed e-con e-parent\" data-id=\"f52b491\" data-element_type=\"container\" data-e-type=\"container\">\n\t\t\t\t\t<div class=\"e-con-inner\">\n\t\t\t\t<div class=\"elementor-element elementor-element-4db2578 elementor-widget__width-initial elementor-widget elementor-widget-heading\" data-id=\"4db2578\" data-element_type=\"widget\" data-e-type=\"widget\" data-widget_type=\"heading.default\">\n\t\t\t\t<div class=\"elementor-widget-container\">\n\t\t\t\t\t<h1 class=\"elementor-heading-title elementor-size-default\">Avis juridique<\/h1>\t\t\t\t<\/div>\n\t\t\t\t<\/div>\n\t\t\t\t<div class=\"elementor-element elementor-element-30ed0f1 elementor-widget elementor-widget-text-editor\" data-id=\"30ed0f1\" data-element_type=\"widget\" data-e-type=\"widget\" data-widget_type=\"text-editor.default\">\n\t\t\t\t<div class=\"elementor-widget-container\">\n\t\t\t\t\t\t\t\t\t<p>Restrictions sur l&rsquo;utilisation du domaine :<\/p>\n<p>Si vous n&rsquo;avez pas l&rsquo;\u00e2ge l\u00e9gal pour consommer de l&rsquo;alcool dans votre pays, veuillez quitter le site d\u00e8s maintenant. De m\u00eame, vous devez quitter le site imm\u00e9diatement si vous nous visitez \u00e0 partir d&rsquo;un pays o\u00f9 il existe des restrictions sur la vente et\/ou la promotion de boissons alcoolis\u00e9es.<\/p>\n<p>Conform\u00e9ment \u00e0 la loi 34\/2002 du 11 juillet sur les services de la soci\u00e9t\u00e9 de l&rsquo;information et le commerce \u00e9lectronique, nous vous communiquons les informations suivantes :<\/p>\n<h5><strong>RESPONSABLE<\/strong><\/h5>\n<p>Identit\u00e9 : BODEGA OTAZU, S.A.U.&nbsp;<\/p>\n<p>NUM\u00c9RO DE TVA : A-31257504<\/p>\n<p>Si\u00e8ge social : Se\u00f1or\u00edo de Otazu, 31174 &#8211; OTAZU &#8211; (Navarra-SPAIN)<\/p>\n<p>T\u00e9l\u00e9phone : 948 329 200&nbsp;<\/p>\n<p>Courriel : <a href=\"mailto:info@otazu.com\">info@otazu.com<\/a>&nbsp;<\/p>\n<p>Site web : <a href=\"http:\/\/www.otazu.com\">www.otazu.com<\/a><\/p>\n<p>BODEGA OTAZU S.A.U. (ci-apr\u00e8s Otazu) est \u00e9galement responsable des sites de r\u00e9seaux sociaux suivants :<\/p>\n<ul>\n<li>Instagram : instagram.com\/bodegaotazu<\/li>\n<li>Facebook : facebook.com\/bodegaotazu<\/li>\n<li>Twitter : twitter.com\/bodegaotazu<\/li>\n<li>YouTube : https:\/\/www.youtube.com\/channel\/UC9hg242m9NcVZBm5J0Fa6Iw<\/li>\n<li>Vimeo : vimeo.com\/bodegaotazu<\/li>\n<li>Linkedin : https:\/\/www.linkedin.com\/company\/bodegaotazu<\/li>\n<\/ul>\n<p>Inscrit au registre du commerce de Navarre, volume 437, livre 0, folio 42, page NA-9569.<\/p>\n<p>Num\u00e9ro d&rsquo;enregistrement d&#8217;embouteillage RE 31\/41805NA.<\/p>\n<p>L&rsquo;OTAZU met ce site \u00e0 la disposition des internautes afin de fournir des informations sur les produits ou services offerts par l&rsquo;OTAZU, ainsi que pour permettre aux utilisateurs de formuler tout type de demande ou de suggestion par courrier \u00e0 l&rsquo;adresse susmentionn\u00e9e ou via ce site. En outre, une boutique en ligne est disponible sur ce site web, o\u00f9 vous pouvez acheter nos vins.<\/p>\n<p>Les services d&rsquo;OTAZU ne sont pas destin\u00e9s aux mineurs de moins de 18 ans et Otazu ne demande ni ne recueille d&rsquo;informations relatives aux mineurs. Si vous avez moins de 18 ans, vous devez quitter ce site imm\u00e9diatement.<\/p>\n<p>Les crit\u00e8res suivis par OTAZU en ce qui concerne l&rsquo;utilisation des donn\u00e9es personnelles fournies librement et volontairement par les utilisateurs sont ceux mentionn\u00e9s dans sa politique de confidentialit\u00e9.<\/p>\n<p>Otazu peut, \u00e0 tout moment et sans pr\u00e9avis, proc\u00e9der \u00e0 des modifications et \u00e0 des mises \u00e0 jour de l&rsquo;information contenue dans ce site web ou dans sa configuration ou sa pr\u00e9sentation. Par cons\u00e9quent, elle ne garantit pas la pleine efficacit\u00e9 de son site web ou l&rsquo;absence de certaines erreurs. Elle s&rsquo;engage \u00e0 modifier son site web lorsque des circonstances techniques et organisationnelles le rendent n\u00e9cessaire et dans les meilleurs d\u00e9lais.<\/p>\n<p>De m\u00eame, le propri\u00e9taire de ce site, Otazu, d\u00e9cline toute responsabilit\u00e9 pour les dommages directs ou indirects qui pourraient r\u00e9sulter de l&rsquo;utilisation du site ou de son contenu. Elle ne peut pas non plus \u00eatre tenue responsable des dommages informatiques qui pourraient \u00eatre caus\u00e9s \u00e0 l&rsquo;utilisateur visiteur en acc\u00e9dant au contenu de ce site. Il ne contr\u00f4le ni ne garantit l&rsquo;absence de virus ou d&rsquo;autres \u00e9l\u00e9ments dans le contenu qui peuvent causer des alt\u00e9rations dans votre syst\u00e8me informatique (logiciel et mat\u00e9riel) ou dans les documents \u00e9lectroniques et les fichiers stock\u00e9s dans votre syst\u00e8me informatique.&nbsp;<\/p>\n<p>L&rsquo;utilisateur s&rsquo;engage \u00e0 utiliser correctement le site web et son contenu. Il est interdit d&rsquo;utiliser le site web \u00e0 des fins illicites ou pr\u00e9judiciables \u00e0 l&rsquo;entreprise ou \u00e0 un tiers, ou susceptibles de causer des dommages ou d&rsquo;entraver le fonctionnement normal du site web. S&rsquo;il contrevient \u00e0 la l\u00e9gislation en vigueur, \u00e0 la bonne foi, aux usages, aux coutumes ou \u00e0 l&rsquo;ordre public, l&rsquo;utilisateur en sera tenu pour responsable.<\/p>\n<p>Tous les liens de tiers vers ce site web doivent \u00eatre effectu\u00e9s en toute bonne foi et dans le respect des droits du propri\u00e9taire, et doivent \u00eatre communiqu\u00e9s \u00e0 l&rsquo;avance au propri\u00e9taire de ce site web indiqu\u00e9 ci-dessus. Le lien doit renvoyer \u00e0 la page d&rsquo;accueil, et les \u00ab\u00a0liens profonds\u00a0\u00bb, le \u00ab\u00a0framing\u00a0\u00bb et toute autre utilisation du contenu du site web en faveur de tiers, si elle n&rsquo;est pas autoris\u00e9e, sont express\u00e9ment interdits.<\/p>\n<p>La fonction des liens \u00e9tablis \u00e0 partir de cette page vers d&rsquo;autres sites web n&rsquo;implique pas qu&rsquo;Otazu promeuve, approuve, garantisse ou recommande ce site web. Ces liens ne peuvent \u00eatre \u00e9tablis qu&rsquo;\u00e0 des fins de r\u00e9f\u00e9rence. Otazu n&rsquo;exerce aucun contr\u00f4le sur ces sites web et n&rsquo;est pas responsable de leur contenu. Par cons\u00e9quent, Otazu n&rsquo;assume aucune responsabilit\u00e9 d\u00e9riv\u00e9e de la connexion ou du contenu des liens qui sont produits depuis ce site web vers d&rsquo;autres sites de tiers.<\/p>\n<p>Tous les contenus pr\u00e9sent\u00e9s sur ce site et notamment les dessins, textes, logos, marques, boutons ou tout autre signe susceptible d&rsquo;utilisation industrielle et commerciale sont soumis aux droits de propri\u00e9t\u00e9 intellectuelle et industrielle d&rsquo;Otazu ou de tiers.<\/p>\n<p>Si vous avez des suggestions ou des commentaires, vous pouvez nous contacter par courrier \u00e9lectronique \u00e0 l&rsquo;adresse suivante : <a href=\"mailto:info@otazu.com\">info@otazu.com<\/a>&nbsp;<\/p>\n<p>Date de la derni\u00e8re modification de ce texte : 01\/02\/2024<\/p>\t\t\t\t\t\t\t\t<\/div>\n\t\t\t\t<\/div>\n\t\t\t\t\t<\/div>\n\t\t\t\t<\/div>\n\t\t\t\t<\/div>\n\t\t","protected":false},"excerpt":{"rendered":"<p>Restrictions sur l&rsquo;utilisation du domaine : Si vous n&rsquo;avez pas l&rsquo;\u00e2ge l\u00e9gal pour consommer de l&rsquo;alcool dans votre pays, veuillez quitter le site d\u00e8s maintenant. De m\u00eame, vous devez quitter le site imm\u00e9diatement si vous nous visitez \u00e0 partir d&rsquo;un pays o\u00f9 il existe des restrictions sur la vente et\/ou la promotion de boissons alcoolis\u00e9es. [&hellip;]<\/p>\n","protected":false},"author":1,"featured_media":0,"parent":0,"menu_order":0,"comment_status":"closed","ping_status":"closed","template":"","meta":{"_acf_changed":false,"footnotes":""},"class_list":["post-7898","page","type-page","status-publish","hentry"],"acf":[],"yoast_head":"<!-- This site is optimized with the Yoast SEO plugin v27.3 - https:\/\/yoast.com\/product\/yoast-seo-wordpress\/ -->\n<title>Avis juridique - Otazu<\/title>\n<meta name=\"robots\" content=\"index, follow, max-snippet:-1, max-image-preview:large, max-video-preview:-1\" \/>\n<link rel=\"canonical\" href=\"https:\/\/otazu.com\/fr\/avis-juridique\/\" \/>\n<meta property=\"og:locale\" content=\"fr_FR\" \/>\n<meta property=\"og:type\" content=\"article\" \/>\n<meta property=\"og:title\" content=\"Avis juridique - Otazu\" \/>\n<meta property=\"og:description\" content=\"Restrictions sur l&rsquo;utilisation du domaine : Si vous n&rsquo;avez pas l&rsquo;\u00e2ge l\u00e9gal pour consommer de l&rsquo;alcool dans votre pays, veuillez quitter le site d\u00e8s maintenant. De m\u00eame, vous devez quitter le site imm\u00e9diatement si vous nous visitez \u00e0 partir d&rsquo;un pays o\u00f9 il existe des restrictions sur la vente et\/ou la promotion de boissons alcoolis\u00e9es. [&hellip;]\" \/>\n<meta property=\"og:url\" content=\"https:\/\/otazu.com\/fr\/avis-juridique\/\" \/>\n<meta property=\"og:site_name\" content=\"Otazu\" \/>\n<meta property=\"article:modified_time\" content=\"2024-03-19T12:07:31+00:00\" \/>\n<meta name=\"twitter:card\" content=\"summary_large_image\" \/>\n<meta name=\"twitter:label1\" content=\"Dur\u00e9e de lecture estim\u00e9e\" \/>\n\t<meta name=\"twitter:data1\" content=\"4 minutes\" \/>\n<script type=\"application\/ld+json\" class=\"yoast-schema-graph\">{\"@context\":\"https:\\\/\\\/schema.org\",\"@graph\":[{\"@type\":\"WebPage\",\"@id\":\"https:\\\/\\\/otazu.com\\\/fr\\\/avis-juridique\\\/\",\"url\":\"https:\\\/\\\/otazu.com\\\/fr\\\/avis-juridique\\\/\",\"name\":\"Avis juridique - Otazu\",\"isPartOf\":{\"@id\":\"https:\\\/\\\/otazu.com\\\/fr\\\/#website\"},\"datePublished\":\"2024-03-06T09:55:05+00:00\",\"dateModified\":\"2024-03-19T12:07:31+00:00\",\"breadcrumb\":{\"@id\":\"https:\\\/\\\/otazu.com\\\/fr\\\/avis-juridique\\\/#breadcrumb\"},\"inLanguage\":\"fr-FR\",\"potentialAction\":[{\"@type\":\"ReadAction\",\"target\":[\"https:\\\/\\\/otazu.com\\\/fr\\\/avis-juridique\\\/\"]}]},{\"@type\":\"BreadcrumbList\",\"@id\":\"https:\\\/\\\/otazu.com\\\/fr\\\/avis-juridique\\\/#breadcrumb\",\"itemListElement\":[{\"@type\":\"ListItem\",\"position\":1,\"name\":\"Inicio\",\"item\":\"https:\\\/\\\/otazu.com\\\/fr\\\/\"},{\"@type\":\"ListItem\",\"position\":2,\"name\":\"Avis juridique\"}]},{\"@type\":\"WebSite\",\"@id\":\"https:\\\/\\\/otazu.com\\\/fr\\\/#website\",\"url\":\"https:\\\/\\\/otazu.com\\\/fr\\\/\",\"name\":\"Bodega Otazu\",\"description\":\"Bodega Otazu\",\"publisher\":{\"@id\":\"https:\\\/\\\/otazu.com\\\/fr\\\/#organization\"},\"potentialAction\":[{\"@type\":\"SearchAction\",\"target\":{\"@type\":\"EntryPoint\",\"urlTemplate\":\"https:\\\/\\\/otazu.com\\\/fr\\\/?s={search_term_string}\"},\"query-input\":{\"@type\":\"PropertyValueSpecification\",\"valueRequired\":true,\"valueName\":\"search_term_string\"}}],\"inLanguage\":\"fr-FR\"},{\"@type\":\"Organization\",\"@id\":\"https:\\\/\\\/otazu.com\\\/fr\\\/#organization\",\"name\":\"Bodega Otazu\",\"url\":\"https:\\\/\\\/otazu.com\\\/fr\\\/\",\"logo\":{\"@type\":\"ImageObject\",\"inLanguage\":\"fr-FR\",\"@id\":\"https:\\\/\\\/otazu.com\\\/fr\\\/#\\\/schema\\\/logo\\\/image\\\/\",\"url\":\"https:\\\/\\\/otazu.com\\\/wp-content\\\/uploads\\\/2024\\\/01\\\/Logo.png\",\"contentUrl\":\"https:\\\/\\\/otazu.com\\\/wp-content\\\/uploads\\\/2024\\\/01\\\/Logo.png\",\"width\":1774,\"height\":364,\"caption\":\"Bodega Otazu\"},\"image\":{\"@id\":\"https:\\\/\\\/otazu.com\\\/fr\\\/#\\\/schema\\\/logo\\\/image\\\/\"}}]}<\/script>\n<!-- \/ Yoast SEO plugin. -->","yoast_head_json":{"title":"Avis juridique - Otazu","robots":{"index":"index","follow":"follow","max-snippet":"max-snippet:-1","max-image-preview":"max-image-preview:large","max-video-preview":"max-video-preview:-1"},"canonical":"https:\/\/otazu.com\/fr\/avis-juridique\/","og_locale":"fr_FR","og_type":"article","og_title":"Avis juridique - Otazu","og_description":"Restrictions sur l&rsquo;utilisation du domaine : Si vous n&rsquo;avez pas l&rsquo;\u00e2ge l\u00e9gal pour consommer de l&rsquo;alcool dans votre pays, veuillez quitter le site d\u00e8s maintenant. De m\u00eame, vous devez quitter le site imm\u00e9diatement si vous nous visitez \u00e0 partir d&rsquo;un pays o\u00f9 il existe des restrictions sur la vente et\/ou la promotion de boissons alcoolis\u00e9es. [&hellip;]","og_url":"https:\/\/otazu.com\/fr\/avis-juridique\/","og_site_name":"Otazu","article_modified_time":"2024-03-19T12:07:31+00:00","twitter_card":"summary_large_image","twitter_misc":{"Dur\u00e9e de lecture estim\u00e9e":"4 minutes"},"schema":{"@context":"https:\/\/schema.org","@graph":[{"@type":"WebPage","@id":"https:\/\/otazu.com\/fr\/avis-juridique\/","url":"https:\/\/otazu.com\/fr\/avis-juridique\/","name":"Avis juridique - Otazu","isPartOf":{"@id":"https:\/\/otazu.com\/fr\/#website"},"datePublished":"2024-03-06T09:55:05+00:00","dateModified":"2024-03-19T12:07:31+00:00","breadcrumb":{"@id":"https:\/\/otazu.com\/fr\/avis-juridique\/#breadcrumb"},"inLanguage":"fr-FR","potentialAction":[{"@type":"ReadAction","target":["https:\/\/otazu.com\/fr\/avis-juridique\/"]}]},{"@type":"BreadcrumbList","@id":"https:\/\/otazu.com\/fr\/avis-juridique\/#breadcrumb","itemListElement":[{"@type":"ListItem","position":1,"name":"Inicio","item":"https:\/\/otazu.com\/fr\/"},{"@type":"ListItem","position":2,"name":"Avis juridique"}]},{"@type":"WebSite","@id":"https:\/\/otazu.com\/fr\/#website","url":"https:\/\/otazu.com\/fr\/","name":"Bodega Otazu","description":"Bodega Otazu","publisher":{"@id":"https:\/\/otazu.com\/fr\/#organization"},"potentialAction":[{"@type":"SearchAction","target":{"@type":"EntryPoint","urlTemplate":"https:\/\/otazu.com\/fr\/?s={search_term_string}"},"query-input":{"@type":"PropertyValueSpecification","valueRequired":true,"valueName":"search_term_string"}}],"inLanguage":"fr-FR"},{"@type":"Organization","@id":"https:\/\/otazu.com\/fr\/#organization","name":"Bodega Otazu","url":"https:\/\/otazu.com\/fr\/","logo":{"@type":"ImageObject","inLanguage":"fr-FR","@id":"https:\/\/otazu.com\/fr\/#\/schema\/logo\/image\/","url":"https:\/\/otazu.com\/wp-content\/uploads\/2024\/01\/Logo.png","contentUrl":"https:\/\/otazu.com\/wp-content\/uploads\/2024\/01\/Logo.png","width":1774,"height":364,"caption":"Bodega Otazu"},"image":{"@id":"https:\/\/otazu.com\/fr\/#\/schema\/logo\/image\/"}}]}},"_links":{"self":[{"href":"https:\/\/otazu.com\/fr\/wp-json\/wp\/v2\/pages\/7898","targetHints":{"allow":["GET"]}}],"collection":[{"href":"https:\/\/otazu.com\/fr\/wp-json\/wp\/v2\/pages"}],"about":[{"href":"https:\/\/otazu.com\/fr\/wp-json\/wp\/v2\/types\/page"}],"author":[{"embeddable":true,"href":"https:\/\/otazu.com\/fr\/wp-json\/wp\/v2\/users\/1"}],"replies":[{"embeddable":true,"href":"https:\/\/otazu.com\/fr\/wp-json\/wp\/v2\/comments?post=7898"}],"version-history":[{"count":4,"href":"https:\/\/otazu.com\/fr\/wp-json\/wp\/v2\/pages\/7898\/revisions"}],"predecessor-version":[{"id":8448,"href":"https:\/\/otazu.com\/fr\/wp-json\/wp\/v2\/pages\/7898\/revisions\/8448"}],"wp:attachment":[{"href":"https:\/\/otazu.com\/fr\/wp-json\/wp\/v2\/media?parent=7898"}],"curies":[{"name":"wp","href":"https:\/\/api.w.org\/{rel}","templated":true}]}}