{"id":8188,"date":"2024-02-01T10:25:58","date_gmt":"2024-02-01T10:25:58","guid":{"rendered":"https:\/\/otazu.com\/producto\/uncategorized\/ozu-by-otazu-rose-merlot-2023\/"},"modified":"2026-02-25T14:13:59","modified_gmt":"2026-02-25T13:13:59","slug":"ozu-by-otazu-rose-merlot","status":"publish","type":"product","link":"https:\/\/otazu.com\/en\/product\/wines\/ozu-by-otazu-rose-merlot\/","title":{"rendered":"Ozu by Otazu Rosado Merlot 2025"},"content":{"rendered":"<p><span style=\"font-weight: 400;\">Ozu by Otazu Rosado Merlot (D.O. Navarra) is a 100% Merlot ros\u00e9 wine. The production of this vintage began with a harvest in the estate&#8217;s Merlot vineyards in October. This ros\u00e9 is made using the traditional bleeding method, which allows maximum respect for the quality of the fruit and maintains the personality and uniqueness of this variety.  <\/span><\/p>\n","protected":false},"excerpt":{"rendered":"<p>Ozu by Otazu Rosado Merlot (D.O. Navarra) is a 100% Merlot ros\u00e9 wine.<\/p>\n","protected":false},"featured_media":10574,"template":"","meta":{"_acf_changed":false},"product_brand":[],"product_cat":[89],"product_tag":[],"class_list":{"0":"post-8188","1":"product","2":"type-product","3":"status-publish","4":"has-post-thumbnail","6":"product_cat-wines","7":"member-discount","8":"discount-restricted","10":"first","11":"instock","12":"taxable","13":"shipping-taxable","14":"purchasable","15":"product-type-simple"},"acf":[],"yoast_head":"<!-- This site is optimized with the Yoast SEO plugin v27.3 - https:\/\/yoast.com\/product\/yoast-seo-wordpress\/ -->\n<title>Ozu by Otazu Ros\u00e9 Merlot | Ros\u00e9 wine D.O. Navarra<\/title>\n<meta name=\"description\" content=\"Ozu by Otazu Rosado Merlot (D.O. Navarra) is a 100% Merlot ros\u00e9 wine. This ros\u00e9 is made using the traditional bleeding method.\" \/>\n<meta name=\"robots\" content=\"index, follow, max-snippet:-1, max-image-preview:large, max-video-preview:-1\" \/>\n<link rel=\"canonical\" href=\"https:\/\/otazu.com\/en\/product\/wines\/ozu-by-otazu-rose-merlot\/\" \/>\n<meta property=\"og:locale\" content=\"en_US\" \/>\n<meta property=\"og:type\" content=\"article\" \/>\n<meta property=\"og:title\" content=\"Ozu by Otazu Ros\u00e9 Merlot | Ros\u00e9 wine D.O. Navarra\" \/>\n<meta property=\"og:description\" content=\"Ozu by Otazu Rosado Merlot (D.O. Navarra) is a 100% Merlot ros\u00e9 wine. This ros\u00e9 is made using the traditional bleeding method.\" \/>\n<meta property=\"og:url\" content=\"https:\/\/otazu.com\/en\/product\/wines\/ozu-by-otazu-rose-merlot\/\" \/>\n<meta property=\"og:site_name\" content=\"Otazu\" \/>\n<meta property=\"article:modified_time\" content=\"2026-02-25T13:13:59+00:00\" \/>\n<meta property=\"og:image\" content=\"https:\/\/otazu.com\/wp-content\/uploads\/2024\/02\/2.png\" \/>\n\t<meta property=\"og:image:width\" content=\"680\" \/>\n\t<meta property=\"og:image:height\" content=\"1000\" \/>\n\t<meta property=\"og:image:type\" content=\"image\/png\" \/>\n<meta name=\"twitter:card\" content=\"summary_large_image\" \/>\n<meta name=\"twitter:label1\" content=\"Est. reading time\" \/>\n\t<meta name=\"twitter:data1\" content=\"1 minute\" \/>\n<script type=\"application\/ld+json\" class=\"yoast-schema-graph\">{\"@context\":\"https:\\\/\\\/schema.org\",\"@graph\":[{\"@type\":\"WebPage\",\"@id\":\"https:\\\/\\\/otazu.com\\\/en\\\/product\\\/wines\\\/ozu-by-otazu-rose-merlot\\\/\",\"url\":\"https:\\\/\\\/otazu.com\\\/en\\\/product\\\/wines\\\/ozu-by-otazu-rose-merlot\\\/\",\"name\":\"Ozu by Otazu Ros\u00e9 Merlot | Ros\u00e9 wine D.O. Navarra\",\"isPartOf\":{\"@id\":\"https:\\\/\\\/otazu.com\\\/en\\\/#website\"},\"primaryImageOfPage\":{\"@id\":\"https:\\\/\\\/otazu.com\\\/en\\\/product\\\/wines\\\/ozu-by-otazu-rose-merlot\\\/#primaryimage\"},\"image\":{\"@id\":\"https:\\\/\\\/otazu.com\\\/en\\\/product\\\/wines\\\/ozu-by-otazu-rose-merlot\\\/#primaryimage\"},\"thumbnailUrl\":\"https:\\\/\\\/otazu.com\\\/wp-content\\\/uploads\\\/2024\\\/02\\\/2.png\",\"datePublished\":\"2024-02-01T10:25:58+00:00\",\"dateModified\":\"2026-02-25T13:13:59+00:00\",\"description\":\"Ozu by Otazu Rosado Merlot (D.O. Navarra) is a 100% Merlot ros\u00e9 wine. This ros\u00e9 is made using the traditional bleeding method.\",\"breadcrumb\":{\"@id\":\"https:\\\/\\\/otazu.com\\\/en\\\/product\\\/wines\\\/ozu-by-otazu-rose-merlot\\\/#breadcrumb\"},\"inLanguage\":\"en-US\",\"potentialAction\":[{\"@type\":\"ReadAction\",\"target\":[\"https:\\\/\\\/otazu.com\\\/en\\\/product\\\/wines\\\/ozu-by-otazu-rose-merlot\\\/\"]}]},{\"@type\":\"ImageObject\",\"inLanguage\":\"en-US\",\"@id\":\"https:\\\/\\\/otazu.com\\\/en\\\/product\\\/wines\\\/ozu-by-otazu-rose-merlot\\\/#primaryimage\",\"url\":\"https:\\\/\\\/otazu.com\\\/wp-content\\\/uploads\\\/2024\\\/02\\\/2.png\",\"contentUrl\":\"https:\\\/\\\/otazu.com\\\/wp-content\\\/uploads\\\/2024\\\/02\\\/2.png\",\"width\":680,\"height\":1000},{\"@type\":\"BreadcrumbList\",\"@id\":\"https:\\\/\\\/otazu.com\\\/en\\\/product\\\/wines\\\/ozu-by-otazu-rose-merlot\\\/#breadcrumb\",\"itemListElement\":[{\"@type\":\"ListItem\",\"position\":1,\"name\":\"Inicio\",\"item\":\"https:\\\/\\\/otazu.com\\\/en\\\/\"},{\"@type\":\"ListItem\",\"position\":2,\"name\":\"Wines\",\"item\":\"https:\\\/\\\/otazu.com\\\/en\\\/wines\\\/\"},{\"@type\":\"ListItem\",\"position\":3,\"name\":\"Wines\",\"item\":\"https:\\\/\\\/otazu.com\\\/en\\\/product-category\\\/wines\\\/\"},{\"@type\":\"ListItem\",\"position\":4,\"name\":\"Ozu by Otazu Rosado Merlot 2025\"}]},{\"@type\":\"WebSite\",\"@id\":\"https:\\\/\\\/otazu.com\\\/en\\\/#website\",\"url\":\"https:\\\/\\\/otazu.com\\\/en\\\/\",\"name\":\"Bodega Otazu\",\"description\":\"Bodega Otazu\",\"publisher\":{\"@id\":\"https:\\\/\\\/otazu.com\\\/en\\\/#organization\"},\"potentialAction\":[{\"@type\":\"SearchAction\",\"target\":{\"@type\":\"EntryPoint\",\"urlTemplate\":\"https:\\\/\\\/otazu.com\\\/en\\\/?s={search_term_string}\"},\"query-input\":{\"@type\":\"PropertyValueSpecification\",\"valueRequired\":true,\"valueName\":\"search_term_string\"}}],\"inLanguage\":\"en-US\"},{\"@type\":\"Organization\",\"@id\":\"https:\\\/\\\/otazu.com\\\/en\\\/#organization\",\"name\":\"Bodega Otazu\",\"url\":\"https:\\\/\\\/otazu.com\\\/en\\\/\",\"logo\":{\"@type\":\"ImageObject\",\"inLanguage\":\"en-US\",\"@id\":\"https:\\\/\\\/otazu.com\\\/en\\\/#\\\/schema\\\/logo\\\/image\\\/\",\"url\":\"https:\\\/\\\/otazu.com\\\/wp-content\\\/uploads\\\/2024\\\/01\\\/Logo.png\",\"contentUrl\":\"https:\\\/\\\/otazu.com\\\/wp-content\\\/uploads\\\/2024\\\/01\\\/Logo.png\",\"width\":1774,\"height\":364,\"caption\":\"Bodega Otazu\"},\"image\":{\"@id\":\"https:\\\/\\\/otazu.com\\\/en\\\/#\\\/schema\\\/logo\\\/image\\\/\"}}]}<\/script>\n<!-- \/ Yoast SEO plugin. -->","yoast_head_json":{"title":"Ozu by Otazu Ros\u00e9 Merlot | Ros\u00e9 wine D.O. Navarra","description":"Ozu by Otazu Rosado Merlot (D.O. Navarra) is a 100% Merlot ros\u00e9 wine. This ros\u00e9 is made using the traditional bleeding method.","robots":{"index":"index","follow":"follow","max-snippet":"max-snippet:-1","max-image-preview":"max-image-preview:large","max-video-preview":"max-video-preview:-1"},"canonical":"https:\/\/otazu.com\/en\/product\/wines\/ozu-by-otazu-rose-merlot\/","og_locale":"en_US","og_type":"article","og_title":"Ozu by Otazu Ros\u00e9 Merlot | Ros\u00e9 wine D.O. Navarra","og_description":"Ozu by Otazu Rosado Merlot (D.O. Navarra) is a 100% Merlot ros\u00e9 wine. This ros\u00e9 is made using the traditional bleeding method.","og_url":"https:\/\/otazu.com\/en\/product\/wines\/ozu-by-otazu-rose-merlot\/","og_site_name":"Otazu","article_modified_time":"2026-02-25T13:13:59+00:00","og_image":[{"width":680,"height":1000,"url":"https:\/\/otazu.com\/wp-content\/uploads\/2024\/02\/2.png","type":"image\/png"}],"twitter_card":"summary_large_image","twitter_misc":{"Est. reading time":"1 minute"},"schema":{"@context":"https:\/\/schema.org","@graph":[{"@type":"WebPage","@id":"https:\/\/otazu.com\/en\/product\/wines\/ozu-by-otazu-rose-merlot\/","url":"https:\/\/otazu.com\/en\/product\/wines\/ozu-by-otazu-rose-merlot\/","name":"Ozu by Otazu Ros\u00e9 Merlot | Ros\u00e9 wine D.O. Navarra","isPartOf":{"@id":"https:\/\/otazu.com\/en\/#website"},"primaryImageOfPage":{"@id":"https:\/\/otazu.com\/en\/product\/wines\/ozu-by-otazu-rose-merlot\/#primaryimage"},"image":{"@id":"https:\/\/otazu.com\/en\/product\/wines\/ozu-by-otazu-rose-merlot\/#primaryimage"},"thumbnailUrl":"https:\/\/otazu.com\/wp-content\/uploads\/2024\/02\/2.png","datePublished":"2024-02-01T10:25:58+00:00","dateModified":"2026-02-25T13:13:59+00:00","description":"Ozu by Otazu Rosado Merlot (D.O. Navarra) is a 100% Merlot ros\u00e9 wine. This ros\u00e9 is made using the traditional bleeding method.","breadcrumb":{"@id":"https:\/\/otazu.com\/en\/product\/wines\/ozu-by-otazu-rose-merlot\/#breadcrumb"},"inLanguage":"en-US","potentialAction":[{"@type":"ReadAction","target":["https:\/\/otazu.com\/en\/product\/wines\/ozu-by-otazu-rose-merlot\/"]}]},{"@type":"ImageObject","inLanguage":"en-US","@id":"https:\/\/otazu.com\/en\/product\/wines\/ozu-by-otazu-rose-merlot\/#primaryimage","url":"https:\/\/otazu.com\/wp-content\/uploads\/2024\/02\/2.png","contentUrl":"https:\/\/otazu.com\/wp-content\/uploads\/2024\/02\/2.png","width":680,"height":1000},{"@type":"BreadcrumbList","@id":"https:\/\/otazu.com\/en\/product\/wines\/ozu-by-otazu-rose-merlot\/#breadcrumb","itemListElement":[{"@type":"ListItem","position":1,"name":"Inicio","item":"https:\/\/otazu.com\/en\/"},{"@type":"ListItem","position":2,"name":"Wines","item":"https:\/\/otazu.com\/en\/wines\/"},{"@type":"ListItem","position":3,"name":"Wines","item":"https:\/\/otazu.com\/en\/product-category\/wines\/"},{"@type":"ListItem","position":4,"name":"Ozu by Otazu Rosado Merlot 2025"}]},{"@type":"WebSite","@id":"https:\/\/otazu.com\/en\/#website","url":"https:\/\/otazu.com\/en\/","name":"Bodega Otazu","description":"Bodega Otazu","publisher":{"@id":"https:\/\/otazu.com\/en\/#organization"},"potentialAction":[{"@type":"SearchAction","target":{"@type":"EntryPoint","urlTemplate":"https:\/\/otazu.com\/en\/?s={search_term_string}"},"query-input":{"@type":"PropertyValueSpecification","valueRequired":true,"valueName":"search_term_string"}}],"inLanguage":"en-US"},{"@type":"Organization","@id":"https:\/\/otazu.com\/en\/#organization","name":"Bodega Otazu","url":"https:\/\/otazu.com\/en\/","logo":{"@type":"ImageObject","inLanguage":"en-US","@id":"https:\/\/otazu.com\/en\/#\/schema\/logo\/image\/","url":"https:\/\/otazu.com\/wp-content\/uploads\/2024\/01\/Logo.png","contentUrl":"https:\/\/otazu.com\/wp-content\/uploads\/2024\/01\/Logo.png","width":1774,"height":364,"caption":"Bodega Otazu"},"image":{"@id":"https:\/\/otazu.com\/en\/#\/schema\/logo\/image\/"}}]}},"_links":{"self":[{"href":"https:\/\/otazu.com\/en\/wp-json\/wp\/v2\/product\/8188","targetHints":{"allow":["GET"]}}],"collection":[{"href":"https:\/\/otazu.com\/en\/wp-json\/wp\/v2\/product"}],"about":[{"href":"https:\/\/otazu.com\/en\/wp-json\/wp\/v2\/types\/product"}],"version-history":[{"count":4,"href":"https:\/\/otazu.com\/en\/wp-json\/wp\/v2\/product\/8188\/revisions"}],"predecessor-version":[{"id":11469,"href":"https:\/\/otazu.com\/en\/wp-json\/wp\/v2\/product\/8188\/revisions\/11469"}],"wp:featuredmedia":[{"embeddable":true,"href":"https:\/\/otazu.com\/en\/wp-json\/wp\/v2\/media\/10574"}],"wp:attachment":[{"href":"https:\/\/otazu.com\/en\/wp-json\/wp\/v2\/media?parent=8188"}],"wp:term":[{"taxonomy":"product_brand","embeddable":true,"href":"https:\/\/otazu.com\/en\/wp-json\/wp\/v2\/product_brand?post=8188"},{"taxonomy":"product_cat","embeddable":true,"href":"https:\/\/otazu.com\/en\/wp-json\/wp\/v2\/product_cat?post=8188"},{"taxonomy":"product_tag","embeddable":true,"href":"https:\/\/otazu.com\/en\/wp-json\/wp\/v2\/product_tag?post=8188"}],"curies":[{"name":"wp","href":"https:\/\/api.w.org\/{rel}","templated":true}]}}