{"id":8167,"date":"2024-02-01T10:25:59","date_gmt":"2024-02-01T09:25:59","guid":{"rendered":"https:\/\/otazu.com\/producto\/uncategorized\/genios-de-otazu-1-david-magan\/"},"modified":"2024-11-25T13:54:18","modified_gmt":"2024-11-25T12:54:18","slug":"genios-de-otazu-1-david-magan","status":"publish","type":"product","link":"https:\/\/otazu.com\/en\/product\/wines\/genios-de-otazu-1-david-magan\/","title":{"rendered":"Genios de Otazu #1 &#8211; David Mag\u00e1n"},"content":{"rendered":"<p><span style=\"font-weight: 400;\">Wine made from D.O.P. Pago de Otazu certified vineyards. The grapes are harvested by hand, ensuring a meticulous selection of the best quality. After the harvest, the wine undergoes a complete vinification process in 225-liter French oak barrels. This method brings complexity and unique nuances to the wine. In addition, malolactic fermentation is carried out in the same barrels, a process during which the lees are gently stirred twice a week to enrich the wine with deeper flavors and a smoother texture.<\/span><\/p>\n<p><span style=\"font-weight: 400;\">David Mag\u00e1n (Madrid, 1979) was trained at the Escuela de Artes y Oficios de Madrid. His work is developed within the field of sculpture and installation, and explores its possibilities in relation to the space in which it is located. His pieces are presented as geometric modules, conceived in glass or methacrylate, which flood the space in which they are located with color when light penetrates their surface. Far from being simple aesthetic objects, the works created by David Mag\u00e1n are dynamic elements that transform themselves depending on the place where the spectator is and the constructive possibilities of the piece.<\/span><\/p>\n<p><span style=\"font-weight: 400;\">&#8220;The great challenge I faced with this project was how to bring the color of the material of the deconstructed barrels (both the exterior part of the wood and the part impregnated with the color of the wine) into the space and, at the same time, produce a work that was within my language and that worked on my main plastic concerns: modularity, chromatic fusion, light. I wanted to build in space through the plane and actively involve the viewer in the understanding and discovery of the work. The result I have arrived at is the creation of a kind of virtual sculpture floating in the center of a 3 x 3 meter screen. A work of light that changes with the position of the viewer and that works on the limits of drawing and sculpture, of the physical and the ethereal&#8221;.<\/span><\/p>\n","protected":false},"excerpt":{"rendered":"<p>This edition, limited to 600 bottles, with only 300 available for sale (the other 300 are shared between the winery and the artist), is presented in a methacrylate work that not only protects the bottle but also interacts with it to ensure that the wine transcends its product category and is placed in the field of experience.<\/p>\n","protected":false},"featured_media":5685,"template":"","meta":{"_acf_changed":false},"product_brand":[],"product_cat":[89],"product_tag":[],"class_list":{"0":"post-8167","1":"product","2":"type-product","3":"status-publish","4":"has-post-thumbnail","6":"product_cat-wines","7":"member-discount","8":"discount-restricted","10":"first","11":"instock","12":"taxable","13":"shipping-taxable","14":"purchasable","15":"product-type-simple"},"acf":[],"yoast_head":"<!-- This site is optimized with the Yoast SEO plugin v27.3 - https:\/\/yoast.com\/product\/yoast-seo-wordpress\/ -->\n<title>Genios de Otazu #1 \u2013 David Mag\u00e1n | D.O.P. Pago de Otazu<\/title>\n<meta name=\"description\" content=\"Genios de Otazu #1 - David Mag\u00e1n is a limited edition of 600 bottles that features a bottle and a piece of artwork created by artist David Mag\u00e1n.\" \/>\n<meta name=\"robots\" content=\"index, follow, max-snippet:-1, max-image-preview:large, max-video-preview:-1\" \/>\n<link rel=\"canonical\" href=\"https:\/\/otazu.com\/en\/product\/wines\/genios-de-otazu-1-david-magan\/\" \/>\n<meta property=\"og:locale\" content=\"en_US\" \/>\n<meta property=\"og:type\" content=\"article\" \/>\n<meta property=\"og:title\" content=\"Genios de Otazu #1 \u2013 David Mag\u00e1n | D.O.P. Pago de Otazu\" \/>\n<meta property=\"og:description\" content=\"Genios de Otazu #1 - David Mag\u00e1n is a limited edition of 600 bottles that features a bottle and a piece of artwork created by artist David Mag\u00e1n.\" \/>\n<meta property=\"og:url\" content=\"https:\/\/otazu.com\/en\/product\/wines\/genios-de-otazu-1-david-magan\/\" \/>\n<meta property=\"og:site_name\" content=\"Otazu\" \/>\n<meta property=\"article:modified_time\" content=\"2024-11-25T12:54:18+00:00\" \/>\n<meta property=\"og:image\" content=\"https:\/\/otazu.com\/wp-content\/uploads\/2024\/02\/Vinos_Bodega-Otazu_tienda_Genios-de-Otazu-1-David-Magan.png\" \/>\n\t<meta property=\"og:image:width\" content=\"680\" \/>\n\t<meta property=\"og:image:height\" content=\"1000\" \/>\n\t<meta property=\"og:image:type\" content=\"image\/png\" \/>\n<meta name=\"twitter:card\" content=\"summary_large_image\" \/>\n<meta name=\"twitter:label1\" content=\"Est. reading time\" \/>\n\t<meta name=\"twitter:data1\" content=\"2 minutes\" \/>\n<script type=\"application\/ld+json\" class=\"yoast-schema-graph\">{\"@context\":\"https:\\\/\\\/schema.org\",\"@graph\":[{\"@type\":\"WebPage\",\"@id\":\"https:\\\/\\\/otazu.com\\\/en\\\/product\\\/wines\\\/genios-de-otazu-1-david-magan\\\/\",\"url\":\"https:\\\/\\\/otazu.com\\\/en\\\/product\\\/wines\\\/genios-de-otazu-1-david-magan\\\/\",\"name\":\"Genios de Otazu #1 \u2013 David Mag\u00e1n | D.O.P. Pago de Otazu\",\"isPartOf\":{\"@id\":\"https:\\\/\\\/otazu.com\\\/en\\\/#website\"},\"primaryImageOfPage\":{\"@id\":\"https:\\\/\\\/otazu.com\\\/en\\\/product\\\/wines\\\/genios-de-otazu-1-david-magan\\\/#primaryimage\"},\"image\":{\"@id\":\"https:\\\/\\\/otazu.com\\\/en\\\/product\\\/wines\\\/genios-de-otazu-1-david-magan\\\/#primaryimage\"},\"thumbnailUrl\":\"https:\\\/\\\/otazu.com\\\/wp-content\\\/uploads\\\/2024\\\/02\\\/Vinos_Bodega-Otazu_tienda_Genios-de-Otazu-1-David-Magan.png\",\"datePublished\":\"2024-02-01T09:25:59+00:00\",\"dateModified\":\"2024-11-25T12:54:18+00:00\",\"description\":\"Genios de Otazu #1 - David Mag\u00e1n is a limited edition of 600 bottles that features a bottle and a piece of artwork created by artist David Mag\u00e1n.\",\"breadcrumb\":{\"@id\":\"https:\\\/\\\/otazu.com\\\/en\\\/product\\\/wines\\\/genios-de-otazu-1-david-magan\\\/#breadcrumb\"},\"inLanguage\":\"en-US\",\"potentialAction\":[{\"@type\":\"ReadAction\",\"target\":[\"https:\\\/\\\/otazu.com\\\/en\\\/product\\\/wines\\\/genios-de-otazu-1-david-magan\\\/\"]}]},{\"@type\":\"ImageObject\",\"inLanguage\":\"en-US\",\"@id\":\"https:\\\/\\\/otazu.com\\\/en\\\/product\\\/wines\\\/genios-de-otazu-1-david-magan\\\/#primaryimage\",\"url\":\"https:\\\/\\\/otazu.com\\\/wp-content\\\/uploads\\\/2024\\\/02\\\/Vinos_Bodega-Otazu_tienda_Genios-de-Otazu-1-David-Magan.png\",\"contentUrl\":\"https:\\\/\\\/otazu.com\\\/wp-content\\\/uploads\\\/2024\\\/02\\\/Vinos_Bodega-Otazu_tienda_Genios-de-Otazu-1-David-Magan.png\",\"width\":680,\"height\":1000},{\"@type\":\"BreadcrumbList\",\"@id\":\"https:\\\/\\\/otazu.com\\\/en\\\/product\\\/wines\\\/genios-de-otazu-1-david-magan\\\/#breadcrumb\",\"itemListElement\":[{\"@type\":\"ListItem\",\"position\":1,\"name\":\"Inicio\",\"item\":\"https:\\\/\\\/otazu.com\\\/en\\\/\"},{\"@type\":\"ListItem\",\"position\":2,\"name\":\"Wines\",\"item\":\"https:\\\/\\\/otazu.com\\\/en\\\/wines\\\/\"},{\"@type\":\"ListItem\",\"position\":3,\"name\":\"Wines\",\"item\":\"https:\\\/\\\/otazu.com\\\/en\\\/product-category\\\/wines\\\/\"},{\"@type\":\"ListItem\",\"position\":4,\"name\":\"Genios de Otazu #1 &#8211; David Mag\u00e1n\"}]},{\"@type\":\"WebSite\",\"@id\":\"https:\\\/\\\/otazu.com\\\/en\\\/#website\",\"url\":\"https:\\\/\\\/otazu.com\\\/en\\\/\",\"name\":\"Bodega Otazu\",\"description\":\"Bodega Otazu\",\"publisher\":{\"@id\":\"https:\\\/\\\/otazu.com\\\/en\\\/#organization\"},\"potentialAction\":[{\"@type\":\"SearchAction\",\"target\":{\"@type\":\"EntryPoint\",\"urlTemplate\":\"https:\\\/\\\/otazu.com\\\/en\\\/?s={search_term_string}\"},\"query-input\":{\"@type\":\"PropertyValueSpecification\",\"valueRequired\":true,\"valueName\":\"search_term_string\"}}],\"inLanguage\":\"en-US\"},{\"@type\":\"Organization\",\"@id\":\"https:\\\/\\\/otazu.com\\\/en\\\/#organization\",\"name\":\"Bodega Otazu\",\"url\":\"https:\\\/\\\/otazu.com\\\/en\\\/\",\"logo\":{\"@type\":\"ImageObject\",\"inLanguage\":\"en-US\",\"@id\":\"https:\\\/\\\/otazu.com\\\/en\\\/#\\\/schema\\\/logo\\\/image\\\/\",\"url\":\"https:\\\/\\\/otazu.com\\\/wp-content\\\/uploads\\\/2024\\\/01\\\/Logo.png\",\"contentUrl\":\"https:\\\/\\\/otazu.com\\\/wp-content\\\/uploads\\\/2024\\\/01\\\/Logo.png\",\"width\":1774,\"height\":364,\"caption\":\"Bodega Otazu\"},\"image\":{\"@id\":\"https:\\\/\\\/otazu.com\\\/en\\\/#\\\/schema\\\/logo\\\/image\\\/\"}}]}<\/script>\n<!-- \/ Yoast SEO plugin. -->","yoast_head_json":{"title":"Genios de Otazu #1 \u2013 David Mag\u00e1n | D.O.P. Pago de Otazu","description":"Genios de Otazu #1 - David Mag\u00e1n is a limited edition of 600 bottles that features a bottle and a piece of artwork created by artist David Mag\u00e1n.","robots":{"index":"index","follow":"follow","max-snippet":"max-snippet:-1","max-image-preview":"max-image-preview:large","max-video-preview":"max-video-preview:-1"},"canonical":"https:\/\/otazu.com\/en\/product\/wines\/genios-de-otazu-1-david-magan\/","og_locale":"en_US","og_type":"article","og_title":"Genios de Otazu #1 \u2013 David Mag\u00e1n | D.O.P. Pago de Otazu","og_description":"Genios de Otazu #1 - David Mag\u00e1n is a limited edition of 600 bottles that features a bottle and a piece of artwork created by artist David Mag\u00e1n.","og_url":"https:\/\/otazu.com\/en\/product\/wines\/genios-de-otazu-1-david-magan\/","og_site_name":"Otazu","article_modified_time":"2024-11-25T12:54:18+00:00","og_image":[{"width":680,"height":1000,"url":"https:\/\/otazu.com\/wp-content\/uploads\/2024\/02\/Vinos_Bodega-Otazu_tienda_Genios-de-Otazu-1-David-Magan.png","type":"image\/png"}],"twitter_card":"summary_large_image","twitter_misc":{"Est. reading time":"2 minutes"},"schema":{"@context":"https:\/\/schema.org","@graph":[{"@type":"WebPage","@id":"https:\/\/otazu.com\/en\/product\/wines\/genios-de-otazu-1-david-magan\/","url":"https:\/\/otazu.com\/en\/product\/wines\/genios-de-otazu-1-david-magan\/","name":"Genios de Otazu #1 \u2013 David Mag\u00e1n | D.O.P. Pago de Otazu","isPartOf":{"@id":"https:\/\/otazu.com\/en\/#website"},"primaryImageOfPage":{"@id":"https:\/\/otazu.com\/en\/product\/wines\/genios-de-otazu-1-david-magan\/#primaryimage"},"image":{"@id":"https:\/\/otazu.com\/en\/product\/wines\/genios-de-otazu-1-david-magan\/#primaryimage"},"thumbnailUrl":"https:\/\/otazu.com\/wp-content\/uploads\/2024\/02\/Vinos_Bodega-Otazu_tienda_Genios-de-Otazu-1-David-Magan.png","datePublished":"2024-02-01T09:25:59+00:00","dateModified":"2024-11-25T12:54:18+00:00","description":"Genios de Otazu #1 - David Mag\u00e1n is a limited edition of 600 bottles that features a bottle and a piece of artwork created by artist David Mag\u00e1n.","breadcrumb":{"@id":"https:\/\/otazu.com\/en\/product\/wines\/genios-de-otazu-1-david-magan\/#breadcrumb"},"inLanguage":"en-US","potentialAction":[{"@type":"ReadAction","target":["https:\/\/otazu.com\/en\/product\/wines\/genios-de-otazu-1-david-magan\/"]}]},{"@type":"ImageObject","inLanguage":"en-US","@id":"https:\/\/otazu.com\/en\/product\/wines\/genios-de-otazu-1-david-magan\/#primaryimage","url":"https:\/\/otazu.com\/wp-content\/uploads\/2024\/02\/Vinos_Bodega-Otazu_tienda_Genios-de-Otazu-1-David-Magan.png","contentUrl":"https:\/\/otazu.com\/wp-content\/uploads\/2024\/02\/Vinos_Bodega-Otazu_tienda_Genios-de-Otazu-1-David-Magan.png","width":680,"height":1000},{"@type":"BreadcrumbList","@id":"https:\/\/otazu.com\/en\/product\/wines\/genios-de-otazu-1-david-magan\/#breadcrumb","itemListElement":[{"@type":"ListItem","position":1,"name":"Inicio","item":"https:\/\/otazu.com\/en\/"},{"@type":"ListItem","position":2,"name":"Wines","item":"https:\/\/otazu.com\/en\/wines\/"},{"@type":"ListItem","position":3,"name":"Wines","item":"https:\/\/otazu.com\/en\/product-category\/wines\/"},{"@type":"ListItem","position":4,"name":"Genios de Otazu #1 &#8211; David Mag\u00e1n"}]},{"@type":"WebSite","@id":"https:\/\/otazu.com\/en\/#website","url":"https:\/\/otazu.com\/en\/","name":"Bodega Otazu","description":"Bodega Otazu","publisher":{"@id":"https:\/\/otazu.com\/en\/#organization"},"potentialAction":[{"@type":"SearchAction","target":{"@type":"EntryPoint","urlTemplate":"https:\/\/otazu.com\/en\/?s={search_term_string}"},"query-input":{"@type":"PropertyValueSpecification","valueRequired":true,"valueName":"search_term_string"}}],"inLanguage":"en-US"},{"@type":"Organization","@id":"https:\/\/otazu.com\/en\/#organization","name":"Bodega Otazu","url":"https:\/\/otazu.com\/en\/","logo":{"@type":"ImageObject","inLanguage":"en-US","@id":"https:\/\/otazu.com\/en\/#\/schema\/logo\/image\/","url":"https:\/\/otazu.com\/wp-content\/uploads\/2024\/01\/Logo.png","contentUrl":"https:\/\/otazu.com\/wp-content\/uploads\/2024\/01\/Logo.png","width":1774,"height":364,"caption":"Bodega Otazu"},"image":{"@id":"https:\/\/otazu.com\/en\/#\/schema\/logo\/image\/"}}]}},"_links":{"self":[{"href":"https:\/\/otazu.com\/en\/wp-json\/wp\/v2\/product\/8167","targetHints":{"allow":["GET"]}}],"collection":[{"href":"https:\/\/otazu.com\/en\/wp-json\/wp\/v2\/product"}],"about":[{"href":"https:\/\/otazu.com\/en\/wp-json\/wp\/v2\/types\/product"}],"version-history":[{"count":5,"href":"https:\/\/otazu.com\/en\/wp-json\/wp\/v2\/product\/8167\/revisions"}],"predecessor-version":[{"id":10112,"href":"https:\/\/otazu.com\/en\/wp-json\/wp\/v2\/product\/8167\/revisions\/10112"}],"wp:featuredmedia":[{"embeddable":true,"href":"https:\/\/otazu.com\/en\/wp-json\/wp\/v2\/media\/5685"}],"wp:attachment":[{"href":"https:\/\/otazu.com\/en\/wp-json\/wp\/v2\/media?parent=8167"}],"wp:term":[{"taxonomy":"product_brand","embeddable":true,"href":"https:\/\/otazu.com\/en\/wp-json\/wp\/v2\/product_brand?post=8167"},{"taxonomy":"product_cat","embeddable":true,"href":"https:\/\/otazu.com\/en\/wp-json\/wp\/v2\/product_cat?post=8167"},{"taxonomy":"product_tag","embeddable":true,"href":"https:\/\/otazu.com\/en\/wp-json\/wp\/v2\/product_tag?post=8167"}],"curies":[{"name":"wp","href":"https:\/\/api.w.org\/{rel}","templated":true}]}}